{"id":983,"date":"2024-01-05T00:57:47","date_gmt":"2024-01-04T23:57:47","guid":{"rendered":"https:\/\/arkanta.co\/co\/?post_type=product&#038;p=983"},"modified":"2024-01-05T00:58:05","modified_gmt":"2024-01-04T23:58:05","slug":"vinilo-decorativo-pop-art-mickey-mouse","status":"publish","type":"product","link":"https:\/\/arkanta.co\/co\/tienda-online\/vinilo-decorativo-pop-art-mickey-mouse\/","title":{"rendered":"Vinilo Decorativo Pop Art Mickey Mouse"},"content":{"rendered":"<p><strong>Incluye:<\/strong> 1 set MOUSE (Ref: V0150) + Gu\u00eda de instalaci\u00f3n. <\/p>\n<p><strong>Medidas: <\/strong>40 x 80 cm (ancho x alto) <\/p>\n<p><strong>Colores de la referencia: <\/strong>Negro, amarillo, rojo, beige.<\/p>\n<p>&nbsp;<\/p>\n<p>Vinilo adhesivo de acabado mate, disponible en 29 colores. Puedes <em>personalizar<\/em> <em>el tama\u00f1o como prefieras.<\/em>.<\/p>\n<p> De <a href=\"https:\/\/b.link\/CIUV\" target=\"_blank\" rel=\"noopener\">f&aacute;cil instalaci&oacute;n<\/a>, es posible colocarlo en cualquier tipo de superficie lisa, excepto sobre pinturas aceitosas. Mantiene sus caracter\u00edsticas, incluso en paredes soleadas. Puedes desinstalarlo de forma f\u00e1cil.<\/p>\n<p>Env\u00edo (terrestre) gratis a nivel nacional para todos los productos de la tienda. Realiza tus pagos de forma segura a trav\u00e9s de Mercado pago.<\/p>\n<p> Nuestros vinilos son fabricados en Colombia y est\u00e1n garantizados por defectos de fabricaci\u00f3n o piezas faltantes durante 1 a\u00f1o. Ofrecemos 15 d\u00edas de retractaci\u00f3n, por lo que puedes devolver el producto si no te ha convencido (aplican condiciones).<\/p>\n","protected":false},"excerpt":{"rendered":"<p>Vinilo adhesivo tipo mural, su dise\u00f1o dibuja la silueta de Mickey Mouse con c\u00edrculos de colores, una imagen sencilla, minimalista y algo abstracta para decorar la habitaci\u00f3n de los ni\u00f1os de forma original. Este dise\u00f1o de vinilo para decorar con 12 c\u00edrculos que conforman al rat\u00f3n m\u00e1s famoso, queda perfecto en tiendas para ni\u00f1os, ya sean de ropa, zapater\u00edas, jugueter\u00edas, incluso helader\u00edas o peluquer\u00edas para ni\u00f1os.<\/p>\n<p>Es una alternativa para decorar salones de clase, especialmente en liceos y colegios con motivos de Disney. Ten la presente para adornar las paredes de tu consultorio pedi\u00e1trico.<\/p>\n","protected":false},"featured_media":998,"comment_status":"open","ping_status":"closed","template":"","meta":{"_acf_changed":false,"_et_pb_use_builder":"","_et_pb_old_content":"","_et_gb_content_width":"","content-type":""},"product_brand":[],"product_cat":[17,18,37,38],"product_tag":[23,28,29,30,31],"class_list":{"0":"post-983","1":"product","2":"type-product","3":"status-publish","4":"has-post-thumbnail","6":"product_cat-decoracion-de-paredes","7":"product_cat-vinilos-decorativos-de-pared","8":"product_cat-vinilos-decorativos-infantiles","9":"product_cat-vinilos-geometricos","10":"product_tag-decoracion-de-habitaciones-juveniles","11":"product_tag-decoracion-infantil","12":"product_tag-decoracion-para-cuarto-de-bebe","13":"product_tag-decoracion-para-ninas","14":"product_tag-decoracion-para-ninos-varones","16":"first","17":"instock","18":"taxable","19":"shipping-taxable","20":"purchasable","21":"product-type-simple"},"acf":[],"_links":{"self":[{"href":"https:\/\/arkanta.co\/co\/wp-json\/wp\/v2\/product\/983","targetHints":{"allow":["GET"]}}],"collection":[{"href":"https:\/\/arkanta.co\/co\/wp-json\/wp\/v2\/product"}],"about":[{"href":"https:\/\/arkanta.co\/co\/wp-json\/wp\/v2\/types\/product"}],"replies":[{"embeddable":true,"href":"https:\/\/arkanta.co\/co\/wp-json\/wp\/v2\/comments?post=983"}],"wp:featuredmedia":[{"embeddable":true,"href":"https:\/\/arkanta.co\/co\/wp-json\/wp\/v2\/media\/998"}],"wp:attachment":[{"href":"https:\/\/arkanta.co\/co\/wp-json\/wp\/v2\/media?parent=983"}],"wp:term":[{"taxonomy":"product_brand","embeddable":true,"href":"https:\/\/arkanta.co\/co\/wp-json\/wp\/v2\/product_brand?post=983"},{"taxonomy":"product_cat","embeddable":true,"href":"https:\/\/arkanta.co\/co\/wp-json\/wp\/v2\/product_cat?post=983"},{"taxonomy":"product_tag","embeddable":true,"href":"https:\/\/arkanta.co\/co\/wp-json\/wp\/v2\/product_tag?post=983"}],"curies":[{"name":"wp","href":"https:\/\/api.w.org\/{rel}","templated":true}]}}