{"id":98,"date":"2024-01-04T22:50:19","date_gmt":"2024-01-04T21:50:19","guid":{"rendered":"https:\/\/arkanta.co\/co\/?post_type=product&#038;p=98"},"modified":"2024-01-04T22:51:31","modified_gmt":"2024-01-04T21:51:31","slug":"vinilo-mapamundi-nombres-de-paises","status":"publish","type":"product","link":"https:\/\/arkanta.co\/co\/tienda-online\/vinilo-mapamundi-nombres-de-paises\/","title":{"rendered":"Vinilo Mapamundi Nombres de Pa\u00edses"},"content":{"rendered":"<p><strong>Incluye:<\/strong> 1 set WORDS WORLD (Ref: V0018) + Gu\u00eda de instalaci\u00f3n. <\/p>\n<p><strong>Color de la referencia: <\/strong>Negro.<\/p>\n<p>&nbsp;<\/p>\n<p>Vinilo adhesivo de acabado mate, disponible en 29 colores. Puedes <em>personalizar<\/em> <em>el tama\u00f1o como prefieras.<\/em>.<\/p>\n<p> De <a href=\"https:\/\/b.link\/CIUV\" target=\"_blank\" rel=\"noopener\">f&aacute;cil instalaci&oacute;n<\/a>, es posible colocarlo en cualquier tipo de superficie lisa, excepto sobre pinturas aceitosas. Mantiene sus caracter\u00edsticas, incluso en paredes soleadas. Puedes desinstalarlo de forma f\u00e1cil.<\/p>\n<p>Env\u00edo (terrestre) gratis a nivel nacional para todos los productos de la tienda. Realiza tus pagos de forma segura a trav\u00e9s de Mercado pago.<\/p>\n<p> Nuestros vinilos son fabricados en Colombia y est\u00e1n garantizados por defectos de fabricaci\u00f3n o piezas faltantes durante 1 a\u00f1o. Ofrecemos 15 d\u00edas de retractaci\u00f3n, por lo que puedes devolver el producto si no te ha convencido (aplican condiciones).<\/p>\n","protected":false},"excerpt":{"rendered":"<p>Vinilo adhesivo Words World. El elemento principal de este dise\u00f1o de mapamundi es la adaptaci\u00f3n del Lettering en la distribuci\u00f3n de cada pa\u00eds. Si te encanta viajar por el mundo, o buscas inspiraci\u00f3n como dise\u00f1ador gr\u00e1fico, esta ser\u00eda una fant\u00e1stica elecci\u00f3n. Por la versatilidad de este vinilo decorativo, puedes decorar cualquier espacio de tu hogar, tu habitaci\u00f3n, \u00e1rea de estudio, sala, comedor e incluso tu cocina se presta para la instalaci\u00f3n de este vinilo. <\/p>\n<p>Puedes utilizar este dise\u00f1o en la decoraci\u00f3n de espacios comerciales como agencias de viajes, agencias de intercambio acad\u00e9mico, academia de idiomas, caf\u00e9-bares, oficinas y \u00e1reas de coworking. <\/p>\n","protected":false},"featured_media":138,"comment_status":"open","ping_status":"closed","template":"","meta":{"_acf_changed":false,"_et_pb_use_builder":"","_et_pb_old_content":"","_et_gb_content_width":"","content-type":""},"product_brand":[],"product_cat":[17,26,18],"product_tag":[],"class_list":{"0":"post-98","1":"product","2":"type-product","3":"status-publish","4":"has-post-thumbnail","6":"product_cat-decoracion-de-paredes","7":"product_cat-vinilos-decorativos-de-mapamundi","8":"product_cat-vinilos-decorativos-de-pared","10":"first","11":"instock","12":"taxable","13":"shipping-taxable","14":"purchasable","15":"product-type-variable"},"acf":[],"_links":{"self":[{"href":"https:\/\/arkanta.co\/co\/wp-json\/wp\/v2\/product\/98","targetHints":{"allow":["GET"]}}],"collection":[{"href":"https:\/\/arkanta.co\/co\/wp-json\/wp\/v2\/product"}],"about":[{"href":"https:\/\/arkanta.co\/co\/wp-json\/wp\/v2\/types\/product"}],"replies":[{"embeddable":true,"href":"https:\/\/arkanta.co\/co\/wp-json\/wp\/v2\/comments?post=98"}],"wp:featuredmedia":[{"embeddable":true,"href":"https:\/\/arkanta.co\/co\/wp-json\/wp\/v2\/media\/138"}],"wp:attachment":[{"href":"https:\/\/arkanta.co\/co\/wp-json\/wp\/v2\/media?parent=98"}],"wp:term":[{"taxonomy":"product_brand","embeddable":true,"href":"https:\/\/arkanta.co\/co\/wp-json\/wp\/v2\/product_brand?post=98"},{"taxonomy":"product_cat","embeddable":true,"href":"https:\/\/arkanta.co\/co\/wp-json\/wp\/v2\/product_cat?post=98"},{"taxonomy":"product_tag","embeddable":true,"href":"https:\/\/arkanta.co\/co\/wp-json\/wp\/v2\/product_tag?post=98"}],"curies":[{"name":"wp","href":"https:\/\/api.w.org\/{rel}","templated":true}]}}