{"id":952,"date":"2024-01-05T00:57:22","date_gmt":"2024-01-04T23:57:22","guid":{"rendered":"https:\/\/arkanta.co\/co\/?post_type=product&#038;p=952"},"modified":"2024-01-05T00:58:10","modified_gmt":"2024-01-04T23:58:10","slug":"vinilo-decorativo-patron-de-pinas","status":"publish","type":"product","link":"https:\/\/arkanta.co\/co\/tienda-online\/vinilo-decorativo-patron-de-pinas\/","title":{"rendered":"Vinilo Decorativo Patr\u00f3n de Pi\u00f1as"},"content":{"rendered":"<p><strong>Incluye:<\/strong> 1 set MINI PINEAPPLE (Ref: V0147) + Gu\u00eda de instalaci\u00f3n. <\/p>\n<p><strong>Colores de la referencia: <\/strong>Verde medio, amarillo.<\/p>\n<p>&nbsp;<\/p>\n<p>Vinilo adhesivo de acabado mate, disponible en 29 colores. Puedes <em>personalizar<\/em> <em>el tama\u00f1o como prefieras.<\/em>.<\/p>\n<p> De <a href=\"https:\/\/b.link\/CIUV\" target=\"_blank\" rel=\"noopener\">f&aacute;cil instalaci&oacute;n<\/a>, es posible colocarlo en cualquier tipo de superficie lisa, excepto sobre pinturas aceitosas. Mantiene sus caracter\u00edsticas, incluso en paredes soleadas. Puedes desinstalarlo de forma f\u00e1cil.<\/p>\n<p>Env\u00edo (terrestre) gratis a nivel nacional para todos los productos de la tienda. Realiza tus pagos de forma segura a trav\u00e9s de Mercado pago.<\/p>\n<p> Nuestros vinilos son fabricados en Colombia y est\u00e1n garantizados por defectos de fabricaci\u00f3n o piezas faltantes durante 1 a\u00f1o. Ofrecemos 15 d\u00edas de retractaci\u00f3n, por lo que puedes devolver el producto si no te ha convencido (aplican condiciones).<\/p>\n","protected":false},"excerpt":{"rendered":"<p>Set de vinilos adhesivos de pi\u00f1as, tipo patr\u00f3n. Estas peque\u00f1as pi\u00f1as se encuentran en tendencia permiti\u00e9ndole darle un aspecto tropical y c\u00e1lido tus espacios. Son vers\u00e1tiles pues pueden formar parte de la decoraci\u00f3n de cualquier habitaci\u00f3n y resaltar las paredes. Para la habitaci\u00f3n principal o la de los ni\u00f1os, as\u00ed como para la cocina, la sala o un estudio. <\/p>\n<p>Dale vida y diversi\u00f3n a tus paredes de forma f\u00e1cil con este vinilo decorativo de patr\u00f3n con pi\u00f1as, las cuales puedes usar incluso para la ambientaci\u00f3n de una fiesta tem\u00e1tica hawaiana, playera o tropical. Consid\u00e9ralas para la decoraci\u00f3n de tu restaurante o local de batidos frutales o helados.<\/p>\n","protected":false},"featured_media":969,"comment_status":"open","ping_status":"closed","template":"","meta":{"_acf_changed":false,"_et_pb_use_builder":"","_et_pb_old_content":"","_et_gb_content_width":"","content-type":""},"product_brand":[],"product_cat":[17,27,18,37],"product_tag":[20,21,22,23,24,28,29,30,31],"class_list":{"0":"post-952","1":"product","2":"type-product","3":"status-publish","4":"has-post-thumbnail","6":"product_cat-decoracion-de-paredes","7":"product_cat-vinilos-de-patrones","8":"product_cat-vinilos-decorativos-de-pared","9":"product_cat-vinilos-decorativos-infantiles","10":"product_tag-decoracion-de-comedores","11":"product_tag-decoracion-de-cuartos","12":"product_tag-decoracion-de-estudios-y-oficinas","13":"product_tag-decoracion-de-habitaciones-juveniles","14":"product_tag-decoracion-de-salas","15":"product_tag-decoracion-infantil","16":"product_tag-decoracion-para-cuarto-de-bebe","17":"product_tag-decoracion-para-ninas","18":"product_tag-decoracion-para-ninos-varones","20":"first","21":"instock","22":"taxable","23":"shipping-taxable","24":"purchasable","25":"product-type-variable"},"acf":[],"_links":{"self":[{"href":"https:\/\/arkanta.co\/co\/wp-json\/wp\/v2\/product\/952","targetHints":{"allow":["GET"]}}],"collection":[{"href":"https:\/\/arkanta.co\/co\/wp-json\/wp\/v2\/product"}],"about":[{"href":"https:\/\/arkanta.co\/co\/wp-json\/wp\/v2\/types\/product"}],"replies":[{"embeddable":true,"href":"https:\/\/arkanta.co\/co\/wp-json\/wp\/v2\/comments?post=952"}],"wp:featuredmedia":[{"embeddable":true,"href":"https:\/\/arkanta.co\/co\/wp-json\/wp\/v2\/media\/969"}],"wp:attachment":[{"href":"https:\/\/arkanta.co\/co\/wp-json\/wp\/v2\/media?parent=952"}],"wp:term":[{"taxonomy":"product_brand","embeddable":true,"href":"https:\/\/arkanta.co\/co\/wp-json\/wp\/v2\/product_brand?post=952"},{"taxonomy":"product_cat","embeddable":true,"href":"https:\/\/arkanta.co\/co\/wp-json\/wp\/v2\/product_cat?post=952"},{"taxonomy":"product_tag","embeddable":true,"href":"https:\/\/arkanta.co\/co\/wp-json\/wp\/v2\/product_tag?post=952"}],"curies":[{"name":"wp","href":"https:\/\/api.w.org\/{rel}","templated":true}]}}