{"id":903,"date":"2024-01-05T00:56:33","date_gmt":"2024-01-04T23:56:33","guid":{"rendered":"https:\/\/arkanta.co\/co\/?post_type=product&#038;p=903"},"modified":"2024-01-05T00:57:44","modified_gmt":"2024-01-04T23:57:44","slug":"vinilo-decorativo-mariposas-multicolores","status":"publish","type":"product","link":"https:\/\/arkanta.co\/co\/tienda-online\/vinilo-decorativo-mariposas-multicolores\/","title":{"rendered":"Vinilo Decorativo Mariposas Multicolores"},"content":{"rendered":"<p><strong>Incluye:<\/strong> 1 set BUTTERFLIES (Ref: V0140) + Gu\u00eda de instalaci\u00f3n. <\/p>\n<p><strong>Colores de la referencia: <\/strong>Gris oscuro, rosa, verde medio, azul medio.<\/p>\n<p>&nbsp;<\/p>\n<p>Vinilo adhesivo de acabado mate, disponible en 29 colores. Puedes <em>personalizar<\/em> <em>el tama\u00f1o como prefieras.<\/em>.<\/p>\n<p> De <a href=\"https:\/\/b.link\/CIUV\" target=\"_blank\" rel=\"noopener\">f&aacute;cil instalaci&oacute;n<\/a>, es posible colocarlo en cualquier tipo de superficie lisa, excepto sobre pinturas aceitosas. Mantiene sus caracter\u00edsticas, incluso en paredes soleadas. Puedes desinstalarlo de forma f\u00e1cil.<\/p>\n<p>Env\u00edo (terrestre) gratis a nivel nacional para todos los productos de la tienda. Realiza tus pagos de forma segura a trav\u00e9s de Mercado pago.<\/p>\n<p> Nuestros vinilos son fabricados en Colombia y est\u00e1n garantizados por defectos de fabricaci\u00f3n o piezas faltantes durante 1 a\u00f1o. Ofrecemos 15 d\u00edas de retractaci\u00f3n, por lo que puedes devolver el producto si no te ha convencido (aplican condiciones).<\/p>\n","protected":false},"excerpt":{"rendered":"<p>Vinilo adhesivo con mariposas de diversos colores. Son piezas separadas con las que puedes conformar patrones en la pared. Dale vida a tu habitaci\u00f3n con estas coloridas mariposas o incorporarlas a la decoraci\u00f3n de la habitaci\u00f3n de la ni\u00f1a o la habitaci\u00f3n de la adolescente de la casa. <\/p>\n<p>Puedes colocarlas para decorar la sala con vinilos resaltantes o instalarlas en la pared del estudio, la cocina, e incluso el porche o patio trasero. Al estar elaborados en colores vibrantes otorgaran alegr\u00eda y calidez a cualquier ambiente. Son una opci\u00f3n para la decoraci\u00f3n de locales comerciales.<\/p>\n","protected":false},"featured_media":941,"comment_status":"open","ping_status":"closed","template":"","meta":{"_acf_changed":false,"_et_pb_use_builder":"","_et_pb_old_content":"","_et_gb_content_width":"","content-type":""},"product_brand":[],"product_cat":[17,34,27,18,37],"product_tag":[22,23,28,29,30],"class_list":{"0":"post-903","1":"product","2":"type-product","3":"status-publish","4":"has-post-thumbnail","6":"product_cat-decoracion-de-paredes","7":"product_cat-vinilos-de-animales","8":"product_cat-vinilos-de-patrones","9":"product_cat-vinilos-decorativos-de-pared","10":"product_cat-vinilos-decorativos-infantiles","11":"product_tag-decoracion-de-estudios-y-oficinas","12":"product_tag-decoracion-de-habitaciones-juveniles","13":"product_tag-decoracion-infantil","14":"product_tag-decoracion-para-cuarto-de-bebe","15":"product_tag-decoracion-para-ninas","17":"first","18":"instock","19":"taxable","20":"shipping-taxable","21":"purchasable","22":"product-type-variable"},"acf":[],"_links":{"self":[{"href":"https:\/\/arkanta.co\/co\/wp-json\/wp\/v2\/product\/903","targetHints":{"allow":["GET"]}}],"collection":[{"href":"https:\/\/arkanta.co\/co\/wp-json\/wp\/v2\/product"}],"about":[{"href":"https:\/\/arkanta.co\/co\/wp-json\/wp\/v2\/types\/product"}],"replies":[{"embeddable":true,"href":"https:\/\/arkanta.co\/co\/wp-json\/wp\/v2\/comments?post=903"}],"wp:featuredmedia":[{"embeddable":true,"href":"https:\/\/arkanta.co\/co\/wp-json\/wp\/v2\/media\/941"}],"wp:attachment":[{"href":"https:\/\/arkanta.co\/co\/wp-json\/wp\/v2\/media?parent=903"}],"wp:term":[{"taxonomy":"product_brand","embeddable":true,"href":"https:\/\/arkanta.co\/co\/wp-json\/wp\/v2\/product_brand?post=903"},{"taxonomy":"product_cat","embeddable":true,"href":"https:\/\/arkanta.co\/co\/wp-json\/wp\/v2\/product_cat?post=903"},{"taxonomy":"product_tag","embeddable":true,"href":"https:\/\/arkanta.co\/co\/wp-json\/wp\/v2\/product_tag?post=903"}],"curies":[{"name":"wp","href":"https:\/\/api.w.org\/{rel}","templated":true}]}}