{"id":870,"date":"2024-01-05T00:56:08","date_gmt":"2024-01-04T23:56:08","guid":{"rendered":"https:\/\/arkanta.co\/co\/?post_type=product&#038;p=870"},"modified":"2024-01-05T00:56:55","modified_gmt":"2024-01-04T23:56:55","slug":"vinilo-decorativo-mandala-elefante","status":"publish","type":"product","link":"https:\/\/arkanta.co\/co\/tienda-online\/vinilo-decorativo-mandala-elefante\/","title":{"rendered":"Vinilo Decorativo Mandala Elefante"},"content":{"rendered":"<p><strong>Incluye:<\/strong> 1 set MANDALA ELEFANTE (Ref: V0135) + Gu\u00eda de instalaci\u00f3n. <\/p>\n<p><strong>Color de la referencia: <\/strong>Impresi\u00f3n multicolor.<\/p>\n<p>&nbsp;<\/p>\n<p>Vinilo adhesivo de acabado mate. Puedes <em>personalizar<\/em> <em>el tama\u00f1o como prefieras.<\/em>.<\/p>\n<p> De <a href=\"https:\/\/b.link\/CIUV\" target=\"_blank\" rel=\"noopener\">f&aacute;cil instalaci&oacute;n<\/a>, es posible colocarlo en cualquier tipo de superficie lisa, excepto sobre pinturas aceitosas. Mantiene sus caracter\u00edsticas, incluso en paredes soleadas. Puedes desinstalarlo de forma f\u00e1cil.<\/p>\n<p>Env\u00edo (terrestre) gratis a nivel nacional para todos los productos de la tienda. Realiza tus pagos de forma segura a trav\u00e9s de Mercado pago.<\/p>\n<p> Nuestros vinilos son fabricados en Colombia y est\u00e1n garantizados por defectos de fabricaci\u00f3n o piezas faltantes durante 1 a\u00f1o. Ofrecemos 15 d\u00edas de retractaci\u00f3n, por lo que puedes devolver el producto si no te ha convencido (aplican condiciones).<\/p>\n","protected":false},"excerpt":{"rendered":"<p>Vinilo adhesivo tipo mural con dise\u00f1o de elefante mandala en vibrantes colores. Esta imponente imagen llenar\u00e1 de vida cualquier habitaci\u00f3n o sal\u00f3n donde sea colocada. Es ideal para decorar salones de Yoga, mindfulness o consultorios de terapias alternativas. As\u00ed como para talleres de desarrollo creativo. <\/p>\n<p>Ir\u00e1 perfecta en tu habitaci\u00f3n si eres una persona con tendencia al conocimiento m\u00edstico o si la decoraci\u00f3n de tu cuarto es ecl\u00e9ctica y llena de vida. Es adem\u00e1s una pieza para gradar a quienes admiran al elefante y coleccionan objetos con su imagen.<\/p>\n","protected":false},"featured_media":911,"comment_status":"open","ping_status":"closed","template":"","meta":{"_acf_changed":false,"_et_pb_use_builder":"","_et_pb_old_content":"","_et_gb_content_width":"","content-type":""},"product_brand":[],"product_cat":[17,34,51,18],"product_tag":[20,21,22,24],"class_list":{"0":"post-870","1":"product","2":"type-product","3":"status-publish","4":"has-post-thumbnail","6":"product_cat-decoracion-de-paredes","7":"product_cat-vinilos-de-animales","8":"product_cat-vinilos-de-mandalas","9":"product_cat-vinilos-decorativos-de-pared","10":"product_tag-decoracion-de-comedores","11":"product_tag-decoracion-de-cuartos","12":"product_tag-decoracion-de-estudios-y-oficinas","13":"product_tag-decoracion-de-salas","15":"first","16":"instock","17":"taxable","18":"shipping-taxable","19":"purchasable","20":"product-type-variable"},"acf":[],"_links":{"self":[{"href":"https:\/\/arkanta.co\/co\/wp-json\/wp\/v2\/product\/870","targetHints":{"allow":["GET"]}}],"collection":[{"href":"https:\/\/arkanta.co\/co\/wp-json\/wp\/v2\/product"}],"about":[{"href":"https:\/\/arkanta.co\/co\/wp-json\/wp\/v2\/types\/product"}],"replies":[{"embeddable":true,"href":"https:\/\/arkanta.co\/co\/wp-json\/wp\/v2\/comments?post=870"}],"wp:featuredmedia":[{"embeddable":true,"href":"https:\/\/arkanta.co\/co\/wp-json\/wp\/v2\/media\/911"}],"wp:attachment":[{"href":"https:\/\/arkanta.co\/co\/wp-json\/wp\/v2\/media?parent=870"}],"wp:term":[{"taxonomy":"product_brand","embeddable":true,"href":"https:\/\/arkanta.co\/co\/wp-json\/wp\/v2\/product_brand?post=870"},{"taxonomy":"product_cat","embeddable":true,"href":"https:\/\/arkanta.co\/co\/wp-json\/wp\/v2\/product_cat?post=870"},{"taxonomy":"product_tag","embeddable":true,"href":"https:\/\/arkanta.co\/co\/wp-json\/wp\/v2\/product_tag?post=870"}],"curies":[{"name":"wp","href":"https:\/\/api.w.org\/{rel}","templated":true}]}}