{"id":809,"date":"2024-01-05T00:55:14","date_gmt":"2024-01-04T23:55:14","guid":{"rendered":"https:\/\/arkanta.co\/co\/?post_type=product&#038;p=809"},"modified":"2024-01-05T00:56:06","modified_gmt":"2024-01-04T23:56:06","slug":"vinilo-decorativo-infantil-elefante-con-texto","status":"publish","type":"product","link":"https:\/\/arkanta.co\/co\/tienda-online\/vinilo-decorativo-infantil-elefante-con-texto\/","title":{"rendered":"Vinilo Decorativo Infantil Elefante con Texto"},"content":{"rendered":"<p><strong>Incluye:<\/strong> 1 set PROCURA SER (Ref: V0122) + Gu\u00eda de instalaci\u00f3n. <\/p>\n<p><strong>Colores de la referencia: <\/strong>Gris oscuro, azul claro.<\/p>\n<p>&nbsp;<\/p>\n<p>Vinilo adhesivo de acabado mate, disponible en 29 colores. Puedes <em>personalizar<\/em> <em>los textos y el tama\u00f1o como prefieras<\/em>. <\/p>\n<p> De <a href=\"https:\/\/b.link\/CIUV\" target=\"_blank\" rel=\"noopener\">f&aacute;cil instalaci&oacute;n<\/a>, es posible colocarlo en cualquier tipo de superficie lisa, excepto sobre pinturas aceitosas. Mantiene sus caracter\u00edsticas, incluso en paredes soleadas. Puedes desinstalarlo de forma f\u00e1cil.<\/p>\n<p>Env\u00edo (terrestre) gratis a nivel nacional para todos los productos de la tienda. Realiza tus pagos de forma segura a trav\u00e9s de Mercado pago.<\/p>\n<p> Nuestros vinilos son fabricados en Colombia y est\u00e1n garantizados por defectos de fabricaci\u00f3n o piezas faltantes durante 1 a\u00f1o. Ofrecemos 15 d\u00edas de retractaci\u00f3n, por lo que puedes devolver el producto si no te ha convencido (aplican condiciones).<\/p>\n","protected":false},"excerpt":{"rendered":"<p>Vinilo adhesivo de elefante tierno jugando con gotitas de agua acompa\u00f1ado del texto: \u201cProcura ser tan grande que todos quieran alcanzarte\u201d. Bonito dise\u00f1o motivador ideal para el cuarto del beb\u00e9 o de los ni\u00f1os, este vinilo de texto puede ser modificado con la frase que m\u00e1s te guste, adapt\u00e1ndose a la decoraci\u00f3n que deseas. <\/p>\n<p>Adem\u00e1s este vinilo decorativo es ideal para otros dos ambientes, el escolar, pudiendo decorar las paredes de salones de clase de transicion y preescolar. Y adem\u00e1s, es un bonito detalle para adornar consultorios m\u00e9dicos pedi\u00e1tricos y agradar a los peque\u00f1os pacientes.<\/p>\n","protected":false},"featured_media":850,"comment_status":"open","ping_status":"closed","template":"","meta":{"_acf_changed":false,"_et_pb_use_builder":"","_et_pb_old_content":"","_et_gb_content_width":"","content-type":""},"product_brand":[],"product_cat":[17,34,18,37],"product_tag":[28,29,30,31],"class_list":{"0":"post-809","1":"product","2":"type-product","3":"status-publish","4":"has-post-thumbnail","6":"product_cat-decoracion-de-paredes","7":"product_cat-vinilos-de-animales","8":"product_cat-vinilos-decorativos-de-pared","9":"product_cat-vinilos-decorativos-infantiles","10":"product_tag-decoracion-infantil","11":"product_tag-decoracion-para-cuarto-de-bebe","12":"product_tag-decoracion-para-ninas","13":"product_tag-decoracion-para-ninos-varones","15":"first","16":"instock","17":"taxable","18":"shipping-taxable","19":"purchasable","20":"product-type-variable"},"acf":[],"_links":{"self":[{"href":"https:\/\/arkanta.co\/co\/wp-json\/wp\/v2\/product\/809","targetHints":{"allow":["GET"]}}],"collection":[{"href":"https:\/\/arkanta.co\/co\/wp-json\/wp\/v2\/product"}],"about":[{"href":"https:\/\/arkanta.co\/co\/wp-json\/wp\/v2\/types\/product"}],"replies":[{"embeddable":true,"href":"https:\/\/arkanta.co\/co\/wp-json\/wp\/v2\/comments?post=809"}],"wp:featuredmedia":[{"embeddable":true,"href":"https:\/\/arkanta.co\/co\/wp-json\/wp\/v2\/media\/850"}],"wp:attachment":[{"href":"https:\/\/arkanta.co\/co\/wp-json\/wp\/v2\/media?parent=809"}],"wp:term":[{"taxonomy":"product_brand","embeddable":true,"href":"https:\/\/arkanta.co\/co\/wp-json\/wp\/v2\/product_brand?post=809"},{"taxonomy":"product_cat","embeddable":true,"href":"https:\/\/arkanta.co\/co\/wp-json\/wp\/v2\/product_cat?post=809"},{"taxonomy":"product_tag","embeddable":true,"href":"https:\/\/arkanta.co\/co\/wp-json\/wp\/v2\/product_tag?post=809"}],"curies":[{"name":"wp","href":"https:\/\/api.w.org\/{rel}","templated":true}]}}