{"id":732,"date":"2024-01-05T00:54:20","date_gmt":"2024-01-04T23:54:20","guid":{"rendered":"https:\/\/arkanta.co\/co\/?post_type=product&#038;p=732"},"modified":"2024-01-05T00:55:09","modified_gmt":"2024-01-04T23:55:09","slug":"vinilo-infantil-animales-de-la-jungla","status":"publish","type":"product","link":"https:\/\/arkanta.co\/co\/tienda-online\/vinilo-infantil-animales-de-la-jungla\/","title":{"rendered":"Vinilo Infantil Animales de la Jungla"},"content":{"rendered":"<p><strong>Incluye:<\/strong> 1 set THE JUNGLE (Ref: V0109) + Gu\u00eda de instalaci\u00f3n. <\/p>\n<p><strong>Colores de la referencia: <\/strong>Marr\u00f3n, verde claro, naranja claro, naranja, azul claro, azul oscuro.<\/p>\n<p>&nbsp;<\/p>\n<p>Vinilo adhesivo de acabado mate, disponible en 29 colores. Puedes <em>personalizar<\/em> <em>el tama\u00f1o como prefieras.<\/em>.<\/p>\n<p> De <a href=\"https:\/\/b.link\/CIUV\" target=\"_blank\" rel=\"noopener\">f&aacute;cil instalaci&oacute;n<\/a>, es posible colocarlo en cualquier tipo de superficie lisa, excepto sobre pinturas aceitosas. Mantiene sus caracter\u00edsticas, incluso en paredes soleadas. Puedes desinstalarlo de forma f\u00e1cil.<\/p>\n<p>Env\u00edo (terrestre) gratis a nivel nacional para todos los productos de la tienda. Realiza tus pagos de forma segura a trav\u00e9s de Mercado pago.<\/p>\n<p> Nuestros vinilos son fabricados en Colombia y est\u00e1n garantizados por defectos de fabricaci\u00f3n o piezas faltantes durante 1 a\u00f1o. Ofrecemos 15 d\u00edas de retractaci\u00f3n, por lo que puedes devolver el producto si no te ha convencido (aplican condiciones).<\/p>\n","protected":false},"excerpt":{"rendered":"<p>Vinilo adhesivo para pared tipo mural con dise\u00f1o de safari. El dise\u00f1o incluye un bonito \u00e1rbol y un colorido grupo de animales sonrientes, un le\u00f3n, una cebra, un tigre y una jirafa que son observados por una lechuza en lo alto del \u00e1rbol. Es ideal para la habitaci\u00f3n de ni\u00f1os y beb\u00e9s, pudi\u00e9ndola instalar cuando el reci\u00e9n nacido llegue a casa y mantenerla hasta que ya tenga unos 6 o 7 a\u00f1os. Es ideal adem\u00e1s para la decoraci\u00f3n de los salones de preescolar y salones de transici\u00f3n donde los m\u00e1s peque\u00f1os necesitan sentirse a gusto en un espacio agradable y colorido. Este vinilo con dise\u00f1o de jungla les encantar\u00e1.<\/p>\n","protected":false},"featured_media":741,"comment_status":"open","ping_status":"closed","template":"","meta":{"_acf_changed":false,"_et_pb_use_builder":"","_et_pb_old_content":"","_et_gb_content_width":"","content-type":""},"product_brand":[],"product_cat":[17,34,18,37],"product_tag":[28,29,30,31],"class_list":{"0":"post-732","1":"product","2":"type-product","3":"status-publish","4":"has-post-thumbnail","6":"product_cat-decoracion-de-paredes","7":"product_cat-vinilos-de-animales","8":"product_cat-vinilos-decorativos-de-pared","9":"product_cat-vinilos-decorativos-infantiles","10":"product_tag-decoracion-infantil","11":"product_tag-decoracion-para-cuarto-de-bebe","12":"product_tag-decoracion-para-ninas","13":"product_tag-decoracion-para-ninos-varones","15":"first","16":"instock","17":"taxable","18":"shipping-taxable","19":"purchasable","20":"product-type-variable"},"acf":[],"_links":{"self":[{"href":"https:\/\/arkanta.co\/co\/wp-json\/wp\/v2\/product\/732","targetHints":{"allow":["GET"]}}],"collection":[{"href":"https:\/\/arkanta.co\/co\/wp-json\/wp\/v2\/product"}],"about":[{"href":"https:\/\/arkanta.co\/co\/wp-json\/wp\/v2\/types\/product"}],"replies":[{"embeddable":true,"href":"https:\/\/arkanta.co\/co\/wp-json\/wp\/v2\/comments?post=732"}],"wp:featuredmedia":[{"embeddable":true,"href":"https:\/\/arkanta.co\/co\/wp-json\/wp\/v2\/media\/741"}],"wp:attachment":[{"href":"https:\/\/arkanta.co\/co\/wp-json\/wp\/v2\/media?parent=732"}],"wp:term":[{"taxonomy":"product_brand","embeddable":true,"href":"https:\/\/arkanta.co\/co\/wp-json\/wp\/v2\/product_brand?post=732"},{"taxonomy":"product_cat","embeddable":true,"href":"https:\/\/arkanta.co\/co\/wp-json\/wp\/v2\/product_cat?post=732"},{"taxonomy":"product_tag","embeddable":true,"href":"https:\/\/arkanta.co\/co\/wp-json\/wp\/v2\/product_tag?post=732"}],"curies":[{"name":"wp","href":"https:\/\/api.w.org\/{rel}","templated":true}]}}