{"id":731,"date":"2024-01-05T00:54:20","date_gmt":"2024-01-04T23:54:20","guid":{"rendered":"https:\/\/arkanta.co\/co\/?post_type=product&#038;p=731"},"modified":"2024-01-05T00:55:09","modified_gmt":"2024-01-04T23:55:09","slug":"vinilo-decorativo-infantil-alfabeto-con-gatos","status":"publish","type":"product","link":"https:\/\/arkanta.co\/co\/tienda-online\/vinilo-decorativo-infantil-alfabeto-con-gatos\/","title":{"rendered":"Vinilo Decorativo Infantil Alfabeto con Gatos"},"content":{"rendered":"<p><strong>Incluye:<\/strong> 1 set CATS ALPHABET (Ref: V0108) + Gu\u00eda de instalaci\u00f3n. <\/p>\n<p><strong>Color de la referencia: <\/strong>Gris oscuro.<\/p>\n<p>&nbsp;<\/p>\n<p>Vinilo adhesivo de acabado mate, disponible en 29 colores. Puedes <em>personalizar<\/em> <em>el tama\u00f1o como prefieras.<\/em>.<\/p>\n<p> De <a href=\"https:\/\/b.link\/CIUV\" target=\"_blank\" rel=\"noopener\">f&aacute;cil instalaci&oacute;n<\/a>, es posible colocarlo en cualquier tipo de superficie lisa, excepto sobre pinturas aceitosas. Mantiene sus caracter\u00edsticas, incluso en paredes soleadas. Puedes desinstalarlo de forma f\u00e1cil.<\/p>\n<p>Env\u00edo (terrestre) gratis a nivel nacional para todos los productos de la tienda. Realiza tus pagos de forma segura a trav\u00e9s de Mercado pago.<\/p>\n<p> Nuestros vinilos son fabricados en Colombia y est\u00e1n garantizados por defectos de fabricaci\u00f3n o piezas faltantes durante 1 a\u00f1o. Ofrecemos 15 d\u00edas de retractaci\u00f3n, por lo que puedes devolver el producto si no te ha convencido (aplican condiciones).<\/p>\n","protected":false},"excerpt":{"rendered":"<p>Este mural de vinilo adhesivo te ayudar\u00e1 a ense\u00f1arle el abecedario a los peque\u00f1os de la casa, y para hacerlo m\u00e1s atractivos para los ni\u00f1os, las letras est\u00e1n decoradas con tiernos y divertidos gatitos. Puedes solicitarlo en el color favorito de tus hijos para estimular a\u00fan m\u00e1s su inter\u00e9s. <\/p>\n<p>Estas letras del alfabeto pueden facilitarle la tarea de ense\u00f1ar a las maestras cuando est\u00e1n instaladas en las paredes del sal\u00f3n de clase en el jard\u00edn de ni\u00f1os, desde maternal hasta transici\u00f3n.<\/p>\n","protected":false},"featured_media":739,"comment_status":"open","ping_status":"closed","template":"","meta":{"_acf_changed":false,"_et_pb_use_builder":"","_et_pb_old_content":"","_et_gb_content_width":"","content-type":""},"product_brand":[],"product_cat":[17,48,34,18,37,52,53],"product_tag":[28,29,30,31],"class_list":{"0":"post-731","1":"product","2":"type-product","3":"status-publish","4":"has-post-thumbnail","6":"product_cat-decoracion-de-paredes","7":"product_cat-vinilos-de-abecedarios","8":"product_cat-vinilos-de-animales","9":"product_cat-vinilos-decorativos-de-pared","10":"product_cat-vinilos-decorativos-infantiles","11":"product_cat-vinilos-educativos","12":"product_cat-vinilos-para-jardines-infantiles","13":"product_tag-decoracion-infantil","14":"product_tag-decoracion-para-cuarto-de-bebe","15":"product_tag-decoracion-para-ninas","16":"product_tag-decoracion-para-ninos-varones","18":"first","19":"instock","20":"taxable","21":"shipping-taxable","22":"purchasable","23":"product-type-variable"},"acf":[],"_links":{"self":[{"href":"https:\/\/arkanta.co\/co\/wp-json\/wp\/v2\/product\/731","targetHints":{"allow":["GET"]}}],"collection":[{"href":"https:\/\/arkanta.co\/co\/wp-json\/wp\/v2\/product"}],"about":[{"href":"https:\/\/arkanta.co\/co\/wp-json\/wp\/v2\/types\/product"}],"replies":[{"embeddable":true,"href":"https:\/\/arkanta.co\/co\/wp-json\/wp\/v2\/comments?post=731"}],"wp:featuredmedia":[{"embeddable":true,"href":"https:\/\/arkanta.co\/co\/wp-json\/wp\/v2\/media\/739"}],"wp:attachment":[{"href":"https:\/\/arkanta.co\/co\/wp-json\/wp\/v2\/media?parent=731"}],"wp:term":[{"taxonomy":"product_brand","embeddable":true,"href":"https:\/\/arkanta.co\/co\/wp-json\/wp\/v2\/product_brand?post=731"},{"taxonomy":"product_cat","embeddable":true,"href":"https:\/\/arkanta.co\/co\/wp-json\/wp\/v2\/product_cat?post=731"},{"taxonomy":"product_tag","embeddable":true,"href":"https:\/\/arkanta.co\/co\/wp-json\/wp\/v2\/product_tag?post=731"}],"curies":[{"name":"wp","href":"https:\/\/api.w.org\/{rel}","templated":true}]}}