{"id":650,"date":"2024-01-05T00:53:31","date_gmt":"2024-01-04T23:53:31","guid":{"rendered":"https:\/\/arkanta.co\/co\/?post_type=product&#038;p=650"},"modified":"2024-01-05T00:53:52","modified_gmt":"2024-01-04T23:53:52","slug":"vinilo-decorativo-floral-dahlia","status":"publish","type":"product","link":"https:\/\/arkanta.co\/co\/tienda-online\/vinilo-decorativo-floral-dahlia\/","title":{"rendered":"Vinilo Decorativo Floral Dahlia"},"content":{"rendered":"<p><strong>Incluye:<\/strong> 1 set DAHLIA (Ref: V0099) + Gu\u00eda de instalaci\u00f3n. <\/p>\n<p><strong>Colores de la referencia: <\/strong>Verde claro, verde medio, verde oscuro.<\/p>\n<p>&nbsp;<\/p>\n<p>Vinilo adhesivo de acabado mate, disponible en 29 colores. Puedes <em>personalizar<\/em> <em>el tama\u00f1o como prefieras.<\/em>.<\/p>\n<p> De <a href=\"https:\/\/b.link\/CIUV\" target=\"_blank\" rel=\"noopener\">f&aacute;cil instalaci&oacute;n<\/a>, es posible colocarlo en cualquier tipo de superficie lisa, excepto sobre pinturas aceitosas. Mantiene sus caracter\u00edsticas, incluso en paredes soleadas. Puedes desinstalarlo de forma f\u00e1cil.<\/p>\n<p>Env\u00edo (terrestre) gratis a nivel nacional para todos los productos de la tienda. Realiza tus pagos de forma segura a trav\u00e9s de Mercado pago.<\/p>\n<p> Nuestros vinilos son fabricados en Colombia y est\u00e1n garantizados por defectos de fabricaci\u00f3n o piezas faltantes durante 1 a\u00f1o. Ofrecemos 15 d\u00edas de retractaci\u00f3n, por lo que puedes devolver el producto si no te ha convencido (aplican condiciones).<\/p>\n","protected":false},"excerpt":{"rendered":"<p>Vinilo adhesivo de Dal\u00edas tipo mural. Este imponente vinilo cuenta con tres grandes dalias, en tres tonalidades distintas de un verde vibrante que llenar\u00e1 de vida cualquier espacio. Por ello esta pieza es perfecta para tu sal\u00f3n principal, comedor o cocina, aunque tambi\u00e9n quedar\u00e1 genial en la habitaci\u00f3n principal de tu hogar. <\/p>\n<p>Pieza que encaja a la perfecci\u00f3n en la decoraci\u00f3n de un spa, de un sal\u00f3n de belleza, en una florister\u00eda o tienda de regalos, en un caf\u00e9 o restaurante, o en una tienda de ropa y accesorios, gracias a su gran versatilidad. Y si lo prefieres puedes cambiar los colores y combinarlos como desees.<\/p>\n","protected":false},"featured_media":681,"comment_status":"open","ping_status":"closed","template":"","meta":{"_acf_changed":false,"_et_pb_use_builder":"","_et_pb_old_content":"","_et_gb_content_width":"","content-type":""},"product_brand":[],"product_cat":[17,18,36],"product_tag":[22],"class_list":{"0":"post-650","1":"product","2":"type-product","3":"status-publish","4":"has-post-thumbnail","6":"product_cat-decoracion-de-paredes","7":"product_cat-vinilos-decorativos-de-pared","8":"product_cat-vinilos-florales","9":"product_tag-decoracion-de-estudios-y-oficinas","11":"first","12":"instock","13":"taxable","14":"shipping-taxable","15":"purchasable","16":"product-type-variable"},"acf":[],"_links":{"self":[{"href":"https:\/\/arkanta.co\/co\/wp-json\/wp\/v2\/product\/650","targetHints":{"allow":["GET"]}}],"collection":[{"href":"https:\/\/arkanta.co\/co\/wp-json\/wp\/v2\/product"}],"about":[{"href":"https:\/\/arkanta.co\/co\/wp-json\/wp\/v2\/types\/product"}],"replies":[{"embeddable":true,"href":"https:\/\/arkanta.co\/co\/wp-json\/wp\/v2\/comments?post=650"}],"wp:featuredmedia":[{"embeddable":true,"href":"https:\/\/arkanta.co\/co\/wp-json\/wp\/v2\/media\/681"}],"wp:attachment":[{"href":"https:\/\/arkanta.co\/co\/wp-json\/wp\/v2\/media?parent=650"}],"wp:term":[{"taxonomy":"product_brand","embeddable":true,"href":"https:\/\/arkanta.co\/co\/wp-json\/wp\/v2\/product_brand?post=650"},{"taxonomy":"product_cat","embeddable":true,"href":"https:\/\/arkanta.co\/co\/wp-json\/wp\/v2\/product_cat?post=650"},{"taxonomy":"product_tag","embeddable":true,"href":"https:\/\/arkanta.co\/co\/wp-json\/wp\/v2\/product_tag?post=650"}],"curies":[{"name":"wp","href":"https:\/\/api.w.org\/{rel}","templated":true}]}}