{"id":61,"date":"2024-01-04T22:49:53","date_gmt":"2024-01-04T21:49:53","guid":{"rendered":"https:\/\/arkanta.co\/co\/?post_type=product&#038;p=61"},"modified":"2024-01-04T22:50:40","modified_gmt":"2024-01-04T21:50:40","slug":"vinilo-de-texto-perfect-day-to-be-happy","status":"publish","type":"product","link":"https:\/\/arkanta.co\/co\/tienda-online\/vinilo-de-texto-perfect-day-to-be-happy\/","title":{"rendered":"Vinilo de Texto Perfect Day to Be Happy"},"content":{"rendered":"<p><strong>Incluye:<\/strong> 1 set PERFECT DAY (Ref: V0009) + Gu\u00eda de instalaci\u00f3n. <\/p>\n<p><strong>Color de la referencia: <\/strong>Negro.<\/p>\n<p>&nbsp;<\/p>\n<p>Vinilo adhesivo de acabado mate, disponible en 29 colores. Puedes <em>personalizar<\/em> <em>los textos y el tama\u00f1o como prefieras<\/em>. <\/p>\n<p> De <a href=\"https:\/\/b.link\/CIUV\" target=\"_blank\" rel=\"noopener\">f&aacute;cil instalaci&oacute;n<\/a>, es posible colocarlo en cualquier tipo de superficie lisa, excepto sobre pinturas aceitosas. Mantiene sus caracter\u00edsticas, incluso en paredes soleadas. Puedes desinstalarlo de forma f\u00e1cil.<\/p>\n<p>Env\u00edo (terrestre) gratis a nivel nacional para todos los productos de la tienda. Realiza tus pagos de forma segura a trav\u00e9s de Mercado pago.<\/p>\n<p> Nuestros vinilos son fabricados en Colombia y est\u00e1n garantizados por defectos de fabricaci\u00f3n o piezas faltantes durante 1 a\u00f1o. Ofrecemos 15 d\u00edas de retractaci\u00f3n, por lo que puedes devolver el producto si no te ha convencido (aplican condiciones).<\/p>\n","protected":false},"excerpt":{"rendered":"<p>Vinilo adhesivo de texto Perfect Day. Las tipograf\u00edas que acompa\u00f1an este dise\u00f1o se enfocan en el fluido del trazo y logran hacer que la frase \u00abToday is the perfect day to be happy\u00bb o \u00abHoy es el d\u00eda perfecto para ser feliz\u00bb, sea un texto de motivaci\u00f3n para comenzar el d\u00eda con una sonrisa. Este dise\u00f1o va muy bien en la decoraci\u00f3n de tu sala, comedor, en habitaciones de adolescentes o de adultos.<\/p>\n<p>Este vinilo con texto es ideal para acompa\u00f1ar la ambientaci\u00f3n de espacios comerciales como caf\u00e9s, restaurantes, panader\u00edas; funciona perfecto tambi\u00e9n en la decoraci\u00f3n de oficinas o espacios coworking.<\/p>\n","protected":false},"featured_media":85,"comment_status":"open","ping_status":"closed","template":"","meta":{"_acf_changed":false,"_et_pb_use_builder":"","_et_pb_old_content":"","_et_gb_content_width":"","content-type":""},"product_brand":[],"product_cat":[17,19,18],"product_tag":[20,21,22,24],"class_list":{"0":"post-61","1":"product","2":"type-product","3":"status-publish","4":"has-post-thumbnail","6":"product_cat-decoracion-de-paredes","7":"product_cat-textos-y-frases","8":"product_cat-vinilos-decorativos-de-pared","9":"product_tag-decoracion-de-comedores","10":"product_tag-decoracion-de-cuartos","11":"product_tag-decoracion-de-estudios-y-oficinas","12":"product_tag-decoracion-de-salas","14":"first","15":"instock","16":"taxable","17":"shipping-taxable","18":"purchasable","19":"product-type-variable"},"acf":[],"_links":{"self":[{"href":"https:\/\/arkanta.co\/co\/wp-json\/wp\/v2\/product\/61","targetHints":{"allow":["GET"]}}],"collection":[{"href":"https:\/\/arkanta.co\/co\/wp-json\/wp\/v2\/product"}],"about":[{"href":"https:\/\/arkanta.co\/co\/wp-json\/wp\/v2\/types\/product"}],"replies":[{"embeddable":true,"href":"https:\/\/arkanta.co\/co\/wp-json\/wp\/v2\/comments?post=61"}],"wp:featuredmedia":[{"embeddable":true,"href":"https:\/\/arkanta.co\/co\/wp-json\/wp\/v2\/media\/85"}],"wp:attachment":[{"href":"https:\/\/arkanta.co\/co\/wp-json\/wp\/v2\/media?parent=61"}],"wp:term":[{"taxonomy":"product_brand","embeddable":true,"href":"https:\/\/arkanta.co\/co\/wp-json\/wp\/v2\/product_brand?post=61"},{"taxonomy":"product_cat","embeddable":true,"href":"https:\/\/arkanta.co\/co\/wp-json\/wp\/v2\/product_cat?post=61"},{"taxonomy":"product_tag","embeddable":true,"href":"https:\/\/arkanta.co\/co\/wp-json\/wp\/v2\/product_tag?post=61"}],"curies":[{"name":"wp","href":"https:\/\/api.w.org\/{rel}","templated":true}]}}