{"id":598,"date":"2024-01-05T00:52:40","date_gmt":"2024-01-04T23:52:40","guid":{"rendered":"https:\/\/arkanta.co\/co\/?post_type=product&#038;p=598"},"modified":"2024-01-05T00:53:29","modified_gmt":"2024-01-04T23:53:29","slug":"vinilo-de-texto-para-cocinas-cooking-love","status":"publish","type":"product","link":"https:\/\/arkanta.co\/co\/tienda-online\/vinilo-de-texto-para-cocinas-cooking-love\/","title":{"rendered":"Vinilo de Texto para Cocinas Cooking Love"},"content":{"rendered":"<p><strong>Incluye:<\/strong> 1 set COOKING LOVE (Ref: V0089) + Gu\u00eda de instalaci\u00f3n. <\/p>\n<p><strong>Colores de la referencia: <\/strong>Negro, naranja.<\/p>\n<p>&nbsp;<\/p>\n<p>Vinilo adhesivo de acabado mate, disponible en 29 colores. Puedes <em>personalizar<\/em> <em>el tama\u00f1o como prefieras.<\/em>.<\/p>\n<p> De <a href=\"https:\/\/b.link\/CIUV\" target=\"_blank\" rel=\"noopener\">f&aacute;cil instalaci&oacute;n<\/a>, es posible colocarlo en cualquier tipo de superficie lisa, excepto sobre pinturas aceitosas. Mantiene sus caracter\u00edsticas, incluso en paredes soleadas. Puedes desinstalarlo de forma f\u00e1cil.<\/p>\n<p>Env\u00edo (terrestre) gratis a nivel nacional para todos los productos de la tienda. Realiza tus pagos de forma segura a trav\u00e9s de Mercado pago.<\/p>\n<p> Nuestros vinilos son fabricados en Colombia y est\u00e1n garantizados por defectos de fabricaci\u00f3n o piezas faltantes durante 1 a\u00f1o. Ofrecemos 15 d\u00edas de retractaci\u00f3n, por lo que puedes devolver el producto si no te ha convencido (aplican condiciones).<\/p>\n","protected":false},"excerpt":{"rendered":"<p>Cooking is love made visible, vinilo decorativo con frase inspiracional ideal para colocar en la cocina o el comedor. Cocinar es el amor hecho visible es la bonita frase de este vinilo adhesivo, la cual est\u00e1 colocada con un atractivo dise\u00f1o de lettering y combinaci\u00f3n de dos colores, negro y naranja, aunque puedes elegir los colores de tu preferencia. Pensado para la decoraci\u00f3n de restaurantes, caf\u00e9s y pasteler\u00edas. Especialmente aquellas que desean ofrecer una calidad bienvenida a los comensales o reflejar un estilo de cocina casero y artesanal.<\/p>\n","protected":false},"featured_media":608,"comment_status":"open","ping_status":"closed","template":"","meta":{"_acf_changed":false,"_et_pb_use_builder":"","_et_pb_old_content":"","_et_gb_content_width":"","content-type":""},"product_brand":[],"product_cat":[17,19,18],"product_tag":[32,20],"class_list":{"0":"post-598","1":"product","2":"type-product","3":"status-publish","4":"has-post-thumbnail","6":"product_cat-decoracion-de-paredes","7":"product_cat-textos-y-frases","8":"product_cat-vinilos-decorativos-de-pared","9":"product_tag-decoracion-de-cocinas","10":"product_tag-decoracion-de-comedores","12":"first","13":"instock","14":"taxable","15":"shipping-taxable","16":"purchasable","17":"product-type-variable"},"acf":[],"_links":{"self":[{"href":"https:\/\/arkanta.co\/co\/wp-json\/wp\/v2\/product\/598","targetHints":{"allow":["GET"]}}],"collection":[{"href":"https:\/\/arkanta.co\/co\/wp-json\/wp\/v2\/product"}],"about":[{"href":"https:\/\/arkanta.co\/co\/wp-json\/wp\/v2\/types\/product"}],"replies":[{"embeddable":true,"href":"https:\/\/arkanta.co\/co\/wp-json\/wp\/v2\/comments?post=598"}],"wp:featuredmedia":[{"embeddable":true,"href":"https:\/\/arkanta.co\/co\/wp-json\/wp\/v2\/media\/608"}],"wp:attachment":[{"href":"https:\/\/arkanta.co\/co\/wp-json\/wp\/v2\/media?parent=598"}],"wp:term":[{"taxonomy":"product_brand","embeddable":true,"href":"https:\/\/arkanta.co\/co\/wp-json\/wp\/v2\/product_brand?post=598"},{"taxonomy":"product_cat","embeddable":true,"href":"https:\/\/arkanta.co\/co\/wp-json\/wp\/v2\/product_cat?post=598"},{"taxonomy":"product_tag","embeddable":true,"href":"https:\/\/arkanta.co\/co\/wp-json\/wp\/v2\/product_tag?post=598"}],"curies":[{"name":"wp","href":"https:\/\/api.w.org\/{rel}","templated":true}]}}