{"id":481,"date":"2024-01-05T00:51:12","date_gmt":"2024-01-04T23:51:12","guid":{"rendered":"https:\/\/arkanta.co\/co\/?post_type=product&#038;p=481"},"modified":"2024-05-05T04:59:57","modified_gmt":"2024-05-05T02:59:57","slug":"vinilo-decorativo-de-patron-con-puntos-de-color","status":"publish","type":"product","link":"https:\/\/arkanta.co\/co\/tienda-online\/vinilo-decorativo-de-patron-con-puntos-de-color\/","title":{"rendered":"Vinilo Patr\u00f3n Puntos de Color"},"content":{"rendered":"<p><strong>Incluye:<\/strong> 1 set COLOR DOTS (Ref: V0072) + Gu\u00eda de instalaci\u00f3n.<\/p>\n<p><strong>Color de la referencia: <\/strong>Rosa.<\/p>\n<p>&nbsp;<\/p>\n<p>Vinilo adhesivo de acabado mate, disponible en 29 colores. Puedes <em>personalizar<\/em> <em>el tama\u00f1o como prefieras.<\/em>.<\/p>\n<p>De <a href=\"https:\/\/b.link\/CIUV\" target=\"_blank\" rel=\"noopener\">f\u00e1cil instalaci\u00f3n<\/a>, es posible colocarlo en cualquier tipo de superficie lisa, excepto sobre pinturas aceitosas. Mantiene sus caracter\u00edsticas, incluso en paredes soleadas. Puedes desinstalarlo de forma f\u00e1cil.<\/p>\n<p>Env\u00edo (terrestre) gratis a nivel nacional para todos los productos de la tienda. Realiza tus pagos de forma segura a trav\u00e9s de Mercado pago.<\/p>\n<p>Nuestros vinilos son fabricados en Colombia y est\u00e1n garantizados por defectos de fabricaci\u00f3n o piezas faltantes durante 1 a\u00f1o. Ofrecemos 15 d\u00edas de retractaci\u00f3n, por lo que puedes devolver el producto si no te ha convencido (aplican condiciones).<\/p>\n","protected":false},"excerpt":{"rendered":"<p>Decora tus paredes con estos vinilos adhesivos tipo patr\u00f3n con puntos de colores. Los dise\u00f1os polka dots se ajustan a diferentes tipos de decoraci\u00f3n siendo una pieza f\u00e1cilmente adaptable a las paredes de la habitaci\u00f3n principal, de habitaciones infantiles, para el cuarto del beb\u00e9 o para un estudio.<\/p>\n<p>Los puntos o lunares son un patr\u00f3n cl\u00e1sico y atemporal, los peque\u00f1os c\u00edrculos resaltar\u00e1n las paredes, sin importar el color en que los elijas. Contr\u00e1stalos con el color de tus paredes para un efecto que destaque.<\/p>\n<p>Adem\u00e1s de ser perfectos para decorar en el hogar, puedes considerarlos como decoraci\u00f3n para \u00e1mbitos comerciales y profesionales.<br \/>\nEste vinilo de lunares es bastante vers\u00e1til, por lo que es ideal para la ambientaci\u00f3n de jardines infantiles, guarder\u00edas, tiendas de ropa infantil y accesorios de beb\u00e9, jugueter\u00edas, academias de arte, espacios culturales, tiendas de muebles, librer\u00edas, helader\u00edas, caf\u00e9s y restaurantes.<\/p>\n","protected":false},"featured_media":492,"comment_status":"closed","ping_status":"closed","template":"","meta":{"_acf_changed":false,"_et_pb_use_builder":"","_et_pb_old_content":"","_et_gb_content_width":"","content-type":""},"product_brand":[],"product_cat":[17,27,18],"product_tag":[28,29,30],"class_list":{"0":"post-481","1":"product","2":"type-product","3":"status-publish","4":"has-post-thumbnail","6":"product_cat-decoracion-de-paredes","7":"product_cat-vinilos-de-patrones","8":"product_cat-vinilos-decorativos-de-pared","9":"product_tag-decoracion-infantil","10":"product_tag-decoracion-para-cuarto-de-bebe","11":"product_tag-decoracion-para-ninas","13":"first","14":"instock","15":"taxable","16":"shipping-taxable","17":"purchasable","18":"product-type-variable"},"acf":[],"_links":{"self":[{"href":"https:\/\/arkanta.co\/co\/wp-json\/wp\/v2\/product\/481","targetHints":{"allow":["GET"]}}],"collection":[{"href":"https:\/\/arkanta.co\/co\/wp-json\/wp\/v2\/product"}],"about":[{"href":"https:\/\/arkanta.co\/co\/wp-json\/wp\/v2\/types\/product"}],"replies":[{"embeddable":true,"href":"https:\/\/arkanta.co\/co\/wp-json\/wp\/v2\/comments?post=481"}],"wp:featuredmedia":[{"embeddable":true,"href":"https:\/\/arkanta.co\/co\/wp-json\/wp\/v2\/media\/492"}],"wp:attachment":[{"href":"https:\/\/arkanta.co\/co\/wp-json\/wp\/v2\/media?parent=481"}],"wp:term":[{"taxonomy":"product_brand","embeddable":true,"href":"https:\/\/arkanta.co\/co\/wp-json\/wp\/v2\/product_brand?post=481"},{"taxonomy":"product_cat","embeddable":true,"href":"https:\/\/arkanta.co\/co\/wp-json\/wp\/v2\/product_cat?post=481"},{"taxonomy":"product_tag","embeddable":true,"href":"https:\/\/arkanta.co\/co\/wp-json\/wp\/v2\/product_tag?post=481"}],"curies":[{"name":"wp","href":"https:\/\/api.w.org\/{rel}","templated":true}]}}