{"id":426,"date":"2024-01-04T22:54:24","date_gmt":"2024-01-04T21:54:24","guid":{"rendered":"https:\/\/arkanta.co\/co\/?post_type=product&#038;p=426"},"modified":"2024-01-04T22:54:38","modified_gmt":"2024-01-04T21:54:38","slug":"vinilo-decorativo-de-futbol","status":"publish","type":"product","link":"https:\/\/arkanta.co\/co\/tienda-online\/vinilo-decorativo-de-futbol\/","title":{"rendered":"Vinilo Decorativo de F\u00fatbol"},"content":{"rendered":"<p><strong>Incluye:<\/strong> 1 set FOOTBALL (Ref: V0063) + Gu\u00eda de instalaci\u00f3n. <\/p>\n<p><strong>Medidas: <\/strong>50 x 60 cm (ancho x alto) <\/p>\n<p><strong>Color de la referencia: <\/strong>Negro.<\/p>\n<p>&nbsp;<\/p>\n<p>Vinilo adhesivo de acabado mate, disponible en 29 colores. Puedes <em>personalizar<\/em> <em>el tama\u00f1o como prefieras.<\/em>.<\/p>\n<p> De <a href=\"https:\/\/b.link\/CIUV\" target=\"_blank\" rel=\"noopener\">f&aacute;cil instalaci&oacute;n<\/a>, es posible colocarlo en cualquier tipo de superficie lisa, excepto sobre pinturas aceitosas. Mantiene sus caracter\u00edsticas, incluso en paredes soleadas. Puedes desinstalarlo de forma f\u00e1cil.<\/p>\n<p>Env\u00edo (terrestre) gratis a nivel nacional para todos los productos de la tienda. Realiza tus pagos de forma segura a trav\u00e9s de Mercado pago.<\/p>\n<p> Nuestros vinilos son fabricados en Colombia y est\u00e1n garantizados por defectos de fabricaci\u00f3n o piezas faltantes durante 1 a\u00f1o. Ofrecemos 15 d\u00edas de retractaci\u00f3n, por lo que puedes devolver el producto si no te ha convencido (aplican condiciones).<\/p>\n","protected":false},"excerpt":{"rendered":"<p>Vinilo adhesivo Football tipo mural para fan\u00e1ticos del f\u00fatbol. Este bal\u00f3n que parece impactar la pared, acompa\u00f1ado de la palabra \u201cFootball\u201d, es perfecto para decorar la habitaci\u00f3n de los ni\u00f1os, especialmente de aquellos que practican f\u00fatbol desde muy peque\u00f1os.<\/p>\n<p>Es un dise\u00f1o pensado para decorar las paredes de un gimnasio o centro deportivo, donde los vinilos decorativos ambientan el lugar. El f\u00fatbol es un deporte que despierta pasiones por lo que esta es una pieza solicitada para bares tem\u00e1ticos donde los hinchas se re\u00fanen a ver sus partidos favoritos.<\/p>\n","protected":false},"featured_media":438,"comment_status":"open","ping_status":"closed","template":"","meta":{"_acf_changed":false,"_et_pb_use_builder":"","_et_pb_old_content":"","_et_gb_content_width":"","content-type":""},"product_brand":[],"product_cat":[17,49,50,18,37],"product_tag":[23,28,31],"class_list":{"0":"post-426","1":"product","2":"type-product","3":"status-publish","4":"has-post-thumbnail","6":"product_cat-decoracion-de-paredes","7":"product_cat-vinilos-de-deportes","8":"product_cat-vinilos-de-hobbies","9":"product_cat-vinilos-decorativos-de-pared","10":"product_cat-vinilos-decorativos-infantiles","11":"product_tag-decoracion-de-habitaciones-juveniles","12":"product_tag-decoracion-infantil","13":"product_tag-decoracion-para-ninos-varones","15":"first","16":"instock","17":"taxable","18":"shipping-taxable","19":"purchasable","20":"product-type-simple"},"acf":[],"_links":{"self":[{"href":"https:\/\/arkanta.co\/co\/wp-json\/wp\/v2\/product\/426","targetHints":{"allow":["GET"]}}],"collection":[{"href":"https:\/\/arkanta.co\/co\/wp-json\/wp\/v2\/product"}],"about":[{"href":"https:\/\/arkanta.co\/co\/wp-json\/wp\/v2\/types\/product"}],"replies":[{"embeddable":true,"href":"https:\/\/arkanta.co\/co\/wp-json\/wp\/v2\/comments?post=426"}],"wp:featuredmedia":[{"embeddable":true,"href":"https:\/\/arkanta.co\/co\/wp-json\/wp\/v2\/media\/438"}],"wp:attachment":[{"href":"https:\/\/arkanta.co\/co\/wp-json\/wp\/v2\/media?parent=426"}],"wp:term":[{"taxonomy":"product_brand","embeddable":true,"href":"https:\/\/arkanta.co\/co\/wp-json\/wp\/v2\/product_brand?post=426"},{"taxonomy":"product_cat","embeddable":true,"href":"https:\/\/arkanta.co\/co\/wp-json\/wp\/v2\/product_cat?post=426"},{"taxonomy":"product_tag","embeddable":true,"href":"https:\/\/arkanta.co\/co\/wp-json\/wp\/v2\/product_tag?post=426"}],"curies":[{"name":"wp","href":"https:\/\/api.w.org\/{rel}","templated":true}]}}