{"id":354,"date":"2024-01-04T22:53:32","date_gmt":"2024-01-04T21:53:32","guid":{"rendered":"https:\/\/arkanta.co\/co\/?post_type=product&#038;p=354"},"modified":"2024-01-04T22:54:21","modified_gmt":"2024-01-04T21:54:21","slug":"vinilo-decorativo-de-catrina","status":"publish","type":"product","link":"https:\/\/arkanta.co\/co\/tienda-online\/vinilo-decorativo-de-catrina\/","title":{"rendered":"Vinilo Decorativo de Catrina"},"content":{"rendered":"<p><strong>Incluye:<\/strong> 1 set SKULL (Ref: V0056) + Gu\u00eda de instalaci\u00f3n. <\/p>\n<p><strong>Color de la referencia: <\/strong>Azul oscuro.<\/p>\n<p>&nbsp;<\/p>\n<p>Vinilo adhesivo de acabado mate, disponible en 29 colores. Puedes <em>personalizar<\/em> <em>el tama\u00f1o como prefieras.<\/em>.<\/p>\n<p> De <a href=\"https:\/\/b.link\/CIUV\" target=\"_blank\" rel=\"noopener\">f&aacute;cil instalaci&oacute;n<\/a>, es posible colocarlo en cualquier tipo de superficie lisa, excepto sobre pinturas aceitosas. Mantiene sus caracter\u00edsticas, incluso en paredes soleadas. Puedes desinstalarlo de forma f\u00e1cil.<\/p>\n<p>Env\u00edo (terrestre) gratis a nivel nacional para todos los productos de la tienda. Realiza tus pagos de forma segura a trav\u00e9s de Mercado pago.<\/p>\n<p> Nuestros vinilos son fabricados en Colombia y est\u00e1n garantizados por defectos de fabricaci\u00f3n o piezas faltantes durante 1 a\u00f1o. Ofrecemos 15 d\u00edas de retractaci\u00f3n, por lo que puedes devolver el producto si no te ha convencido (aplican condiciones).<\/p>\n","protected":false},"excerpt":{"rendered":"<p>Vinilo adhesivo tipo mural de catrina. Este dise\u00f1o es una representaci\u00f3n de las coloridas calaveras decoradas caracter\u00edsticas de la cultura mexica. Estas se han vuelto muy populares en los \u00faltimos a\u00f1os, especialmente luego del estreno de la pel\u00edcula Coco. Ambienta la habitaci\u00f3n principal o la habitaci\u00f3n de una adolescente con este vinilo. <\/p>\n<p>Esta catrina les encantar\u00e1 a los admiradores de la cultura mexicana. Es una pieza incre\u00edble para decorar estudios de tatuajes, caf\u00e9s o tiendas de ropa alternativa. Es tambi\u00e9n una excelente opci\u00f3n para restaurantes de comida t\u00edpica mexicana.<\/p>\n","protected":false},"featured_media":372,"comment_status":"open","ping_status":"closed","template":"","meta":{"_acf_changed":false,"_et_pb_use_builder":"","_et_pb_old_content":"","_et_gb_content_width":"","content-type":""},"product_brand":[],"product_cat":[17,18,33],"product_tag":[20,21,22,23,24],"class_list":{"0":"post-354","1":"product","2":"type-product","3":"status-publish","4":"has-post-thumbnail","6":"product_cat-decoracion-de-paredes","7":"product_cat-vinilos-decorativos-de-pared","8":"product_cat-vinilos-trendy","9":"product_tag-decoracion-de-comedores","10":"product_tag-decoracion-de-cuartos","11":"product_tag-decoracion-de-estudios-y-oficinas","12":"product_tag-decoracion-de-habitaciones-juveniles","13":"product_tag-decoracion-de-salas","15":"first","16":"instock","17":"taxable","18":"shipping-taxable","19":"purchasable","20":"product-type-variable"},"acf":[],"_links":{"self":[{"href":"https:\/\/arkanta.co\/co\/wp-json\/wp\/v2\/product\/354","targetHints":{"allow":["GET"]}}],"collection":[{"href":"https:\/\/arkanta.co\/co\/wp-json\/wp\/v2\/product"}],"about":[{"href":"https:\/\/arkanta.co\/co\/wp-json\/wp\/v2\/types\/product"}],"replies":[{"embeddable":true,"href":"https:\/\/arkanta.co\/co\/wp-json\/wp\/v2\/comments?post=354"}],"wp:featuredmedia":[{"embeddable":true,"href":"https:\/\/arkanta.co\/co\/wp-json\/wp\/v2\/media\/372"}],"wp:attachment":[{"href":"https:\/\/arkanta.co\/co\/wp-json\/wp\/v2\/media?parent=354"}],"wp:term":[{"taxonomy":"product_brand","embeddable":true,"href":"https:\/\/arkanta.co\/co\/wp-json\/wp\/v2\/product_brand?post=354"},{"taxonomy":"product_cat","embeddable":true,"href":"https:\/\/arkanta.co\/co\/wp-json\/wp\/v2\/product_cat?post=354"},{"taxonomy":"product_tag","embeddable":true,"href":"https:\/\/arkanta.co\/co\/wp-json\/wp\/v2\/product_tag?post=354"}],"curies":[{"name":"wp","href":"https:\/\/api.w.org\/{rel}","templated":true}]}}