{"id":322,"date":"2024-01-04T22:53:06","date_gmt":"2024-01-04T21:53:06","guid":{"rendered":"https:\/\/arkanta.co\/co\/?post_type=product&#038;p=322"},"modified":"2024-01-04T22:53:54","modified_gmt":"2024-01-04T21:53:54","slug":"vinilo-decorativo-corazon-geometrico","status":"publish","type":"product","link":"https:\/\/arkanta.co\/co\/tienda-online\/vinilo-decorativo-corazon-geometrico\/","title":{"rendered":"Vinilo Decorativo Coraz\u00f3n Geom\u00e9trico"},"content":{"rendered":"<p><strong>Incluye:<\/strong> 1 set GEOMETRIC HEART (Ref: V0048) + Gu\u00eda de instalaci\u00f3n. <\/p>\n<p><strong>Color de la referencia: <\/strong>Negro.<\/p>\n<p>&nbsp;<\/p>\n<p>Vinilo adhesivo de acabado mate, disponible en 29 colores. Puedes <em>personalizar<\/em> <em>el tama\u00f1o como prefieras.<\/em>.<\/p>\n<p> De <a href=\"https:\/\/b.link\/CIUV\" target=\"_blank\" rel=\"noopener\">f&aacute;cil instalaci&oacute;n<\/a>, es posible colocarlo en cualquier tipo de superficie lisa, excepto sobre pinturas aceitosas. Mantiene sus caracter\u00edsticas, incluso en paredes soleadas. Puedes desinstalarlo de forma f\u00e1cil.<\/p>\n<p>Env\u00edo (terrestre) gratis a nivel nacional para todos los productos de la tienda. Realiza tus pagos de forma segura a trav\u00e9s de Mercado pago.<\/p>\n<p> Nuestros vinilos son fabricados en Colombia y est\u00e1n garantizados por defectos de fabricaci\u00f3n o piezas faltantes durante 1 a\u00f1o. Ofrecemos 15 d\u00edas de retractaci\u00f3n, por lo que puedes devolver el producto si no te ha convencido (aplican condiciones).<\/p>\n","protected":false},"excerpt":{"rendered":"<p>Este vinilo adhesivo con la silueta de un coraz\u00f3n en dise\u00f1o geom\u00e9trico le brindar\u00e1 un toque de elegancia y romanticismo a tus paredes. Es una imagen ideal para decorar la habitaci\u00f3n principal, la habitaci\u00f3n de una ni\u00f1a o la habitaci\u00f3n de una adolescente. Es adem\u00e1s id\u00f3nea para decorar un estudio, especialmente uno en el que se desempe\u00f1e una persona creativa. <\/p>\n<p>Los corazones y los dise\u00f1os geom\u00e9tricos est\u00e1n en tendencia y adem\u00e1s son muy vers\u00e1tiles. Este vinilo decorativo puede ir perfectamente en locales comerciales como spas, salones de belleza, tiendas de ropa y accesorios, en caf\u00e9s o en tiendas de dise\u00f1o.<\/p>\n","protected":false},"featured_media":328,"comment_status":"open","ping_status":"closed","template":"","meta":{"_acf_changed":false,"_et_pb_use_builder":"","_et_pb_old_content":"","_et_gb_content_width":"","content-type":""},"product_brand":[],"product_cat":[17,18,38],"product_tag":[20,21,22,23,24],"class_list":{"0":"post-322","1":"product","2":"type-product","3":"status-publish","4":"has-post-thumbnail","6":"product_cat-decoracion-de-paredes","7":"product_cat-vinilos-decorativos-de-pared","8":"product_cat-vinilos-geometricos","9":"product_tag-decoracion-de-comedores","10":"product_tag-decoracion-de-cuartos","11":"product_tag-decoracion-de-estudios-y-oficinas","12":"product_tag-decoracion-de-habitaciones-juveniles","13":"product_tag-decoracion-de-salas","15":"first","16":"instock","17":"taxable","18":"shipping-taxable","19":"purchasable","20":"product-type-variable"},"acf":[],"_links":{"self":[{"href":"https:\/\/arkanta.co\/co\/wp-json\/wp\/v2\/product\/322","targetHints":{"allow":["GET"]}}],"collection":[{"href":"https:\/\/arkanta.co\/co\/wp-json\/wp\/v2\/product"}],"about":[{"href":"https:\/\/arkanta.co\/co\/wp-json\/wp\/v2\/types\/product"}],"replies":[{"embeddable":true,"href":"https:\/\/arkanta.co\/co\/wp-json\/wp\/v2\/comments?post=322"}],"wp:featuredmedia":[{"embeddable":true,"href":"https:\/\/arkanta.co\/co\/wp-json\/wp\/v2\/media\/328"}],"wp:attachment":[{"href":"https:\/\/arkanta.co\/co\/wp-json\/wp\/v2\/media?parent=322"}],"wp:term":[{"taxonomy":"product_brand","embeddable":true,"href":"https:\/\/arkanta.co\/co\/wp-json\/wp\/v2\/product_brand?post=322"},{"taxonomy":"product_cat","embeddable":true,"href":"https:\/\/arkanta.co\/co\/wp-json\/wp\/v2\/product_cat?post=322"},{"taxonomy":"product_tag","embeddable":true,"href":"https:\/\/arkanta.co\/co\/wp-json\/wp\/v2\/product_tag?post=322"}],"curies":[{"name":"wp","href":"https:\/\/api.w.org\/{rel}","templated":true}]}}