{"id":2781,"date":"2024-01-05T02:03:57","date_gmt":"2024-01-05T01:03:57","guid":{"rendered":"https:\/\/arkanta.co\/co\/?post_type=product&#038;p=2781"},"modified":"2024-01-05T02:04:47","modified_gmt":"2024-01-05T01:04:47","slug":"vinilo-de-patron-tipo-circulos","status":"publish","type":"product","link":"https:\/\/arkanta.co\/co\/tienda-online\/vinilo-de-patron-tipo-circulos\/","title":{"rendered":"Vinilo de Patr\u00f3n Tipo C\u00edrculos"},"content":{"rendered":"<p><strong>Incluye:<\/strong> 1 set BURGUNDY DOTS (Ref: V0393) + Gu\u00eda de instalaci\u00f3n. <\/p>\n<p><strong>Medidas: <\/strong>200 x 250 cm (ancho x alto) <\/p>\n<p><strong>Color de la referencia: <\/strong>Burdeos.<\/p>\n<p>&nbsp;<\/p>\n<p>Vinilo adhesivo de acabado mate. Puedes <em>personalizar<\/em> <em>el tama\u00f1o como prefieras.<\/em>.<\/p>\n<p> De <a href=\"https:\/\/b.link\/CIUV\" target=\"_blank\" rel=\"noopener\">f&aacute;cil instalaci&oacute;n<\/a>, es posible colocarlo en cualquier tipo de superficie lisa, excepto sobre pinturas aceitosas. Mantiene sus caracter\u00edsticas, incluso en paredes soleadas. Puedes desinstalarlo de forma f\u00e1cil.<\/p>\n<p>Env\u00edo (terrestre) gratis a nivel nacional para todos los productos de la tienda. Realiza tus pagos de forma segura a trav\u00e9s de Mercado pago.<\/p>\n<p> Nuestros vinilos son fabricados en Colombia y est\u00e1n garantizados por defectos de fabricaci\u00f3n o piezas faltantes durante 1 a\u00f1o. Ofrecemos 15 d\u00edas de retractaci\u00f3n, por lo que puedes devolver el producto si no te ha convencido (aplican condiciones).<\/p>\n","protected":false},"excerpt":{"rendered":"<p>Vinilo adhesivo Burgundy Dots. Delicada pieza decorativa tipo patr\u00f3n de esferas color borgo\u00f1a tipo acuarela, inspirada en el trabajo de la artista mundialmente reconocida Yayoi Kusama. Vinilo decorativo de impresi\u00f3n de f\u00e1cil instalaci\u00f3n y perfecto para a\u00f1adir un toque de autenticidad y elegancia a la decoraci\u00f3n de las paredes de habitaciones principales, salas, \u00e1reas de estudio, comedores y ba\u00f1os.<\/p>\n<p>Este cautivador dise\u00f1o de vinilo decorativo se adapta perfectamente para la decoraci\u00f3n de restaurantes, salas de espera, recepciones, hoteles, peluquer\u00edas, centros de est\u00e9tica, oficinas.<\/p>\n","protected":false},"featured_media":2821,"comment_status":"open","ping_status":"closed","template":"","meta":{"_acf_changed":false,"_et_pb_use_builder":"","_et_pb_old_content":"","_et_gb_content_width":"","content-type":""},"product_brand":[],"product_cat":[17,27,18],"product_tag":[],"class_list":{"0":"post-2781","1":"product","2":"type-product","3":"status-publish","4":"has-post-thumbnail","6":"product_cat-decoracion-de-paredes","7":"product_cat-vinilos-de-patrones","8":"product_cat-vinilos-decorativos-de-pared","10":"first","11":"instock","12":"taxable","13":"shipping-taxable","14":"purchasable","15":"product-type-simple"},"acf":[],"_links":{"self":[{"href":"https:\/\/arkanta.co\/co\/wp-json\/wp\/v2\/product\/2781","targetHints":{"allow":["GET"]}}],"collection":[{"href":"https:\/\/arkanta.co\/co\/wp-json\/wp\/v2\/product"}],"about":[{"href":"https:\/\/arkanta.co\/co\/wp-json\/wp\/v2\/types\/product"}],"replies":[{"embeddable":true,"href":"https:\/\/arkanta.co\/co\/wp-json\/wp\/v2\/comments?post=2781"}],"wp:featuredmedia":[{"embeddable":true,"href":"https:\/\/arkanta.co\/co\/wp-json\/wp\/v2\/media\/2821"}],"wp:attachment":[{"href":"https:\/\/arkanta.co\/co\/wp-json\/wp\/v2\/media?parent=2781"}],"wp:term":[{"taxonomy":"product_brand","embeddable":true,"href":"https:\/\/arkanta.co\/co\/wp-json\/wp\/v2\/product_brand?post=2781"},{"taxonomy":"product_cat","embeddable":true,"href":"https:\/\/arkanta.co\/co\/wp-json\/wp\/v2\/product_cat?post=2781"},{"taxonomy":"product_tag","embeddable":true,"href":"https:\/\/arkanta.co\/co\/wp-json\/wp\/v2\/product_tag?post=2781"}],"curies":[{"name":"wp","href":"https:\/\/api.w.org\/{rel}","templated":true}]}}