{"id":2778,"date":"2024-01-05T02:03:57","date_gmt":"2024-01-05T01:03:57","guid":{"rendered":"https:\/\/arkanta.co\/co\/?post_type=product&#038;p=2778"},"modified":"2024-01-05T02:05:38","modified_gmt":"2024-01-05T01:05:38","slug":"vinilo-de-mandala-en-puntos","status":"publish","type":"product","link":"https:\/\/arkanta.co\/co\/tienda-online\/vinilo-de-mandala-en-puntos\/","title":{"rendered":"Vinilo de Mandala en Puntos"},"content":{"rendered":"<p><strong>Incluye:<\/strong> 1 set DOTTED MANDALA (Ref: V0401) + Gu\u00eda de instalaci\u00f3n. <\/p>\n<p><strong>Color de la referencia: <\/strong>rojo.<\/p>\n<p>&nbsp;<\/p>\n<p>Vinilo adhesivo de acabado mate, disponible en 29 colores. Puedes <em>personalizar<\/em> <em>el tama\u00f1o como prefieras.<\/em>.<\/p>\n<p> De <a href=\"https:\/\/b.link\/CIUV\" target=\"_blank\" rel=\"noopener\">f&aacute;cil instalaci&oacute;n<\/a>, es posible colocarlo en cualquier tipo de superficie lisa, excepto sobre pinturas aceitosas. Mantiene sus caracter\u00edsticas, incluso en paredes soleadas. Puedes desinstalarlo de forma f\u00e1cil.<\/p>\n<p>Env\u00edo (terrestre) gratis a nivel nacional para todos los productos de la tienda. Realiza tus pagos de forma segura a trav\u00e9s de Mercado pago.<\/p>\n<p> Nuestros vinilos son fabricados en Colombia y est\u00e1n garantizados por defectos de fabricaci\u00f3n o piezas faltantes durante 1 a\u00f1o. Ofrecemos 15 d\u00edas de retractaci\u00f3n, por lo que puedes devolver el producto si no te ha convencido (aplican condiciones).<\/p>\n","protected":false},"excerpt":{"rendered":"<p>Vinilo adhesivo Dotted Mandala. Pieza exclusiva de dise\u00f1o de vinilo de corte para decoraci\u00f3n de interiores, incluye un mandala elaborado con patrones circulares de diferentes tama\u00f1os. Vinilo decorativo perfecto para crear un ambiente moderno, lleno de energ\u00eda y color. Acompa\u00f1a muy bien la decoraci\u00f3n de habitaciones principales, salas, comedores o \u00e1reas de estudio.<\/p>\n<p>Este mandala adhesivo va muy bien en la decoraci\u00f3n de centros de est\u00e9tica, meditaci\u00f3n, yoga, pilates, spa, restaurantes, oficinas, salas de espera, recepciones o tiendas de art\u00edculos hind\u00fa.<\/p>\n","protected":false},"featured_media":2815,"comment_status":"open","ping_status":"closed","template":"","meta":{"_acf_changed":false,"_et_pb_use_builder":"","_et_pb_old_content":"","_et_gb_content_width":"","content-type":""},"product_brand":[],"product_cat":[17,51,18],"product_tag":[],"class_list":{"0":"post-2778","1":"product","2":"type-product","3":"status-publish","4":"has-post-thumbnail","6":"product_cat-decoracion-de-paredes","7":"product_cat-vinilos-de-mandalas","8":"product_cat-vinilos-decorativos-de-pared","10":"first","11":"instock","12":"taxable","13":"shipping-taxable","14":"purchasable","15":"product-type-variable"},"acf":[],"_links":{"self":[{"href":"https:\/\/arkanta.co\/co\/wp-json\/wp\/v2\/product\/2778","targetHints":{"allow":["GET"]}}],"collection":[{"href":"https:\/\/arkanta.co\/co\/wp-json\/wp\/v2\/product"}],"about":[{"href":"https:\/\/arkanta.co\/co\/wp-json\/wp\/v2\/types\/product"}],"replies":[{"embeddable":true,"href":"https:\/\/arkanta.co\/co\/wp-json\/wp\/v2\/comments?post=2778"}],"wp:featuredmedia":[{"embeddable":true,"href":"https:\/\/arkanta.co\/co\/wp-json\/wp\/v2\/media\/2815"}],"wp:attachment":[{"href":"https:\/\/arkanta.co\/co\/wp-json\/wp\/v2\/media?parent=2778"}],"wp:term":[{"taxonomy":"product_brand","embeddable":true,"href":"https:\/\/arkanta.co\/co\/wp-json\/wp\/v2\/product_brand?post=2778"},{"taxonomy":"product_cat","embeddable":true,"href":"https:\/\/arkanta.co\/co\/wp-json\/wp\/v2\/product_cat?post=2778"},{"taxonomy":"product_tag","embeddable":true,"href":"https:\/\/arkanta.co\/co\/wp-json\/wp\/v2\/product_tag?post=2778"}],"curies":[{"name":"wp","href":"https:\/\/api.w.org\/{rel}","templated":true}]}}