{"id":2777,"date":"2024-01-05T02:03:57","date_gmt":"2024-01-05T01:03:57","guid":{"rendered":"https:\/\/arkanta.co\/co\/?post_type=product&#038;p=2777"},"modified":"2024-01-05T02:05:38","modified_gmt":"2024-01-05T01:05:38","slug":"vinilo-de-mandala-en-puntos-multicolores","status":"publish","type":"product","link":"https:\/\/arkanta.co\/co\/tienda-online\/vinilo-de-mandala-en-puntos-multicolores\/","title":{"rendered":"Vinilo de Mandala en Puntos Multicolores"},"content":{"rendered":"<p><strong>Incluye:<\/strong> 1 set CIRCULAR DOTS (Ref: V0399) + Gu\u00eda de instalaci\u00f3n. <\/p>\n<p><strong>Color de la referencia: <\/strong>Impresi\u00f3n.<\/p>\n<p>&nbsp;<\/p>\n<p>Vinilo adhesivo de acabado mate. Puedes <em>personalizar<\/em> <em>el tama\u00f1o como prefieras.<\/em>.<\/p>\n<p> De <a href=\"https:\/\/b.link\/CIUV\" target=\"_blank\" rel=\"noopener\">f&aacute;cil instalaci&oacute;n<\/a>, es posible colocarlo en cualquier tipo de superficie lisa, excepto sobre pinturas aceitosas. Mantiene sus caracter\u00edsticas, incluso en paredes soleadas. Puedes desinstalarlo de forma f\u00e1cil.<\/p>\n<p>Env\u00edo (terrestre) gratis a nivel nacional para todos los productos de la tienda. Realiza tus pagos de forma segura a trav\u00e9s de Mercado pago.<\/p>\n<p> Nuestros vinilos son fabricados en Colombia y est\u00e1n garantizados por defectos de fabricaci\u00f3n o piezas faltantes durante 1 a\u00f1o. Ofrecemos 15 d\u00edas de retractaci\u00f3n, por lo que puedes devolver el producto si no te ha convencido (aplican condiciones).<\/p>\n","protected":false},"excerpt":{"rendered":"<p>Vinilo adhesivo Circular Dots. Colorida pieza decorativa estilo polka dots, incluye un circulo elaborado con patrones de puntos de diferentes colores. Este dise\u00f1o de vinilo decorativo est\u00e1 inspirado en el trabajo de la artista mundialmente reconocida Yayoi Kusama y por su versatilidad es ideal para decorar espacios infantiles o habitaciones juveniles.<\/p>\n<p>Este sticker va muy bien en la decoraci\u00f3n de jardines infantiles, guarder\u00edas, sala cunas, consultorios pedi\u00e1tricos, tiendas de ropa infantil, helader\u00edas y jugueter\u00edas.<\/p>\n","protected":false},"featured_media":2794,"comment_status":"open","ping_status":"closed","template":"","meta":{"_acf_changed":false,"_et_pb_use_builder":"","_et_pb_old_content":"","_et_gb_content_width":"","content-type":""},"product_brand":[],"product_cat":[17,51,18],"product_tag":[],"class_list":{"0":"post-2777","1":"product","2":"type-product","3":"status-publish","4":"has-post-thumbnail","6":"product_cat-decoracion-de-paredes","7":"product_cat-vinilos-de-mandalas","8":"product_cat-vinilos-decorativos-de-pared","10":"first","11":"instock","12":"taxable","13":"shipping-taxable","14":"purchasable","15":"product-type-variable"},"acf":[],"_links":{"self":[{"href":"https:\/\/arkanta.co\/co\/wp-json\/wp\/v2\/product\/2777","targetHints":{"allow":["GET"]}}],"collection":[{"href":"https:\/\/arkanta.co\/co\/wp-json\/wp\/v2\/product"}],"about":[{"href":"https:\/\/arkanta.co\/co\/wp-json\/wp\/v2\/types\/product"}],"replies":[{"embeddable":true,"href":"https:\/\/arkanta.co\/co\/wp-json\/wp\/v2\/comments?post=2777"}],"wp:featuredmedia":[{"embeddable":true,"href":"https:\/\/arkanta.co\/co\/wp-json\/wp\/v2\/media\/2794"}],"wp:attachment":[{"href":"https:\/\/arkanta.co\/co\/wp-json\/wp\/v2\/media?parent=2777"}],"wp:term":[{"taxonomy":"product_brand","embeddable":true,"href":"https:\/\/arkanta.co\/co\/wp-json\/wp\/v2\/product_brand?post=2777"},{"taxonomy":"product_cat","embeddable":true,"href":"https:\/\/arkanta.co\/co\/wp-json\/wp\/v2\/product_cat?post=2777"},{"taxonomy":"product_tag","embeddable":true,"href":"https:\/\/arkanta.co\/co\/wp-json\/wp\/v2\/product_tag?post=2777"}],"curies":[{"name":"wp","href":"https:\/\/api.w.org\/{rel}","templated":true}]}}