{"id":2767,"date":"2024-01-05T02:03:56","date_gmt":"2024-01-05T01:03:56","guid":{"rendered":"https:\/\/arkanta.co\/co\/?post_type=product&#038;p=2767"},"modified":"2024-02-05T20:51:20","modified_gmt":"2024-02-05T19:51:20","slug":"cuadro-infantil-del-principito","status":"publish","type":"product","link":"https:\/\/arkanta.co\/co\/tienda-online\/cuadro-infantil-del-principito\/","title":{"rendered":"Cuadro Infantil del Principito"},"content":{"rendered":"<p><strong>Incluye:<\/strong> 1 set LITTLE PRINCE (Ref: R0002).<\/p>\n<p><strong>Color de la referencia: <\/strong>Impresi&oacute;n multicolor.<\/p>\n<p>&nbsp;<\/p>\n<p>Cuadro decorativo de pared. Mantiene sus caracter&iacute;sticas, incluso en paredes soleadas. Puedes instalarlo y desinstalarlo de forma f&aacute;cil.<\/p>\n<p>Env&iacute;o (terrestre) gratis a nivel nacional por compras superiores a $120.000. Realiza tus pagos de forma segura a trav&eacute;s de Mercado pago.<\/p>\n<p>Nuestros productos son fabricados en Colombia y est&aacute;n garantizados por defectos de fabricaci&oacute;n durante 1 a&ntilde;o. Ofrecemos 15 d&iacute;as de retractaci&oacute;n, por lo que puedes devolver el producto si no te ha convencido (aplican condiciones).<\/p>\n","protected":false},"excerpt":{"rendered":"<p>Cuadro Decorativo Little Prince. Este delicado retablo infantil est\u00e1 inspirado en la obra El Principito, del autor St Exupery. Esta pieza decorativa, es perfecta para transmitir valores y fomentar la imaginaci\u00f3n en tus hijos de una forma diferente y creativa. Ideal para acompa\u00f1ar la decoraci\u00f3n de la habitaci\u00f3n de tus hijos.<\/p>\n<p>Este cuadro decorativo de El Principito acompa\u00f1a perfectamente la decoraci\u00f3n de colegios, bibliotecas, tiendas de juguetes y librer\u00edas.<\/p>\n","protected":false},"featured_media":2790,"comment_status":"open","ping_status":"closed","template":"","meta":{"_acf_changed":false,"_et_pb_use_builder":"","_et_pb_old_content":"","_et_gb_content_width":"","content-type":""},"product_brand":[],"product_cat":[62,65,66,17,63],"product_tag":[],"class_list":{"0":"post-2767","1":"product","2":"type-product","3":"status-publish","4":"has-post-thumbnail","6":"product_cat-cuadros-decorativos","7":"product_cat-cuadros-infantiles","8":"product_cat-cuadros-para-bebes","9":"product_cat-decoracion-de-paredes","10":"product_cat-retablos","12":"first","13":"instock","14":"taxable","15":"shipping-taxable","16":"purchasable","17":"product-type-variable"},"acf":[],"_links":{"self":[{"href":"https:\/\/arkanta.co\/co\/wp-json\/wp\/v2\/product\/2767","targetHints":{"allow":["GET"]}}],"collection":[{"href":"https:\/\/arkanta.co\/co\/wp-json\/wp\/v2\/product"}],"about":[{"href":"https:\/\/arkanta.co\/co\/wp-json\/wp\/v2\/types\/product"}],"replies":[{"embeddable":true,"href":"https:\/\/arkanta.co\/co\/wp-json\/wp\/v2\/comments?post=2767"}],"wp:featuredmedia":[{"embeddable":true,"href":"https:\/\/arkanta.co\/co\/wp-json\/wp\/v2\/media\/2790"}],"wp:attachment":[{"href":"https:\/\/arkanta.co\/co\/wp-json\/wp\/v2\/media?parent=2767"}],"wp:term":[{"taxonomy":"product_brand","embeddable":true,"href":"https:\/\/arkanta.co\/co\/wp-json\/wp\/v2\/product_brand?post=2767"},{"taxonomy":"product_cat","embeddable":true,"href":"https:\/\/arkanta.co\/co\/wp-json\/wp\/v2\/product_cat?post=2767"},{"taxonomy":"product_tag","embeddable":true,"href":"https:\/\/arkanta.co\/co\/wp-json\/wp\/v2\/product_tag?post=2767"}],"curies":[{"name":"wp","href":"https:\/\/api.w.org\/{rel}","templated":true}]}}