{"id":2750,"date":"2024-01-05T02:03:33","date_gmt":"2024-01-05T01:03:33","guid":{"rendered":"https:\/\/arkanta.co\/co\/?post_type=product&#038;p=2750"},"modified":"2024-02-05T20:54:28","modified_gmt":"2024-02-05T19:54:28","slug":"retablo-playa-atardecer-rosado","status":"publish","type":"product","link":"https:\/\/arkanta.co\/co\/tienda-online\/retablo-playa-atardecer-rosado\/","title":{"rendered":"Retablo Playa Atardecer Rosado"},"content":{"rendered":"<p><strong>Incluye:<\/strong> 1 set PINK BEACH (Ref: R0087).<\/p>\n<p><strong>Color de la referencia: <\/strong>Impresi&oacute;n multicolor.<\/p>\n<p>&nbsp;<\/p>\n<p>Cuadro decorativo de pared. Mantiene sus caracter&iacute;sticas, incluso en paredes soleadas. Puedes instalarlo y desinstalarlo de forma f&aacute;cil.<\/p>\n<p>Env&iacute;o (terrestre) gratis a nivel nacional por compras superiores a $120.000. Realiza tus pagos de forma segura a trav&eacute;s de Mercado pago.<\/p>\n<p>Nuestros productos son fabricados en Colombia y est&aacute;n garantizados por defectos de fabricaci&oacute;n durante 1 a&ntilde;o. Ofrecemos 15 d&iacute;as de retractaci&oacute;n, por lo que puedes devolver el producto si no te ha convencido (aplican condiciones).<\/p>\n","protected":false},"excerpt":{"rendered":"<p>Cuadro decorativo Pink Beach. Retablo decorativo estilo tropical, incluye un hermoso y paradisiaco atardecer. Es una excelente opci\u00f3n para a\u00f1adir un elemento c\u00e1lido a la decoraci\u00f3n del hogar, va muy bien en la decoraci\u00f3n de habitaciones juveniles, \u00e1reas de estudio, salas de estar o comedores.<\/p>\n<p>Este retablo decorativo tropical, es ideal para acompa\u00f1ar la ambientaci\u00f3n de restaurantes, recepci\u00f3n de hoteles, hostales, salas de espera y tiendas de ropa veraniega o vestidos de ba\u00f1o.<\/p>\n","protected":false},"featured_media":2788,"comment_status":"open","ping_status":"closed","template":"","meta":{"_acf_changed":false,"_et_pb_use_builder":"","_et_pb_old_content":"","_et_gb_content_width":"","content-type":""},"product_brand":[],"product_cat":[62,65,66,17,63],"product_tag":[20,21,23,24],"class_list":{"0":"post-2750","1":"product","2":"type-product","3":"status-publish","4":"has-post-thumbnail","6":"product_cat-cuadros-decorativos","7":"product_cat-cuadros-infantiles","8":"product_cat-cuadros-para-bebes","9":"product_cat-decoracion-de-paredes","10":"product_cat-retablos","11":"product_tag-decoracion-de-comedores","12":"product_tag-decoracion-de-cuartos","13":"product_tag-decoracion-de-habitaciones-juveniles","14":"product_tag-decoracion-de-salas","16":"first","17":"instock","18":"taxable","19":"shipping-taxable","20":"purchasable","21":"product-type-variable"},"acf":[],"_links":{"self":[{"href":"https:\/\/arkanta.co\/co\/wp-json\/wp\/v2\/product\/2750","targetHints":{"allow":["GET"]}}],"collection":[{"href":"https:\/\/arkanta.co\/co\/wp-json\/wp\/v2\/product"}],"about":[{"href":"https:\/\/arkanta.co\/co\/wp-json\/wp\/v2\/types\/product"}],"replies":[{"embeddable":true,"href":"https:\/\/arkanta.co\/co\/wp-json\/wp\/v2\/comments?post=2750"}],"wp:featuredmedia":[{"embeddable":true,"href":"https:\/\/arkanta.co\/co\/wp-json\/wp\/v2\/media\/2788"}],"wp:attachment":[{"href":"https:\/\/arkanta.co\/co\/wp-json\/wp\/v2\/media?parent=2750"}],"wp:term":[{"taxonomy":"product_brand","embeddable":true,"href":"https:\/\/arkanta.co\/co\/wp-json\/wp\/v2\/product_brand?post=2750"},{"taxonomy":"product_cat","embeddable":true,"href":"https:\/\/arkanta.co\/co\/wp-json\/wp\/v2\/product_cat?post=2750"},{"taxonomy":"product_tag","embeddable":true,"href":"https:\/\/arkanta.co\/co\/wp-json\/wp\/v2\/product_tag?post=2750"}],"curies":[{"name":"wp","href":"https:\/\/api.w.org\/{rel}","templated":true}]}}