{"id":2724,"date":"2024-01-05T02:03:31","date_gmt":"2024-01-05T01:03:31","guid":{"rendered":"https:\/\/arkanta.co\/co\/?post_type=product&#038;p=2724"},"modified":"2024-02-05T20:59:25","modified_gmt":"2024-02-05T19:59:25","slug":"retablo-vintage-the-adventure","status":"publish","type":"product","link":"https:\/\/arkanta.co\/co\/tienda-online\/retablo-vintage-the-adventure\/","title":{"rendered":"Retablo Vintage The Adventure"},"content":{"rendered":"<p><strong>Incluye:<\/strong> 1 set THE ADVENTURE (Ref: R0085).<\/p>\n<p><strong>Color de la referencia: <\/strong>Impresi\u00f3n multicolor.<\/p>\n<p>&nbsp;<\/p>\n<p>Cuadro decorativo de pared. Mantiene sus caracter\u00edsticas, incluso en paredes soleadas. Puedes instalarlo y desinstalarlo de forma f\u00e1cil.<\/p>\n<p>Env\u00edo (terrestre) gratis a nivel nacional por compras superiores a $120.000. Realiza tus pagos de forma segura a trav\u00e9s de Mercado pago.<\/p>\n<p>Nuestros productos son fabricados en Colombia y est\u00e1n garantizados por defectos de fabricaci\u00f3n durante 1 a\u00f1o. Ofrecemos 15 d\u00edas de retractaci\u00f3n, por lo que puedes devolver el producto si no te ha convencido (aplican condiciones).<\/p>\n","protected":false},"excerpt":{"rendered":"<p>Cuadro decorativo The Adventure. Retablo decorativo estilo retro incluye la ilustraci\u00f3n de la famosa camioneta Volkswagen Kombi \u00edcono de los a\u00f1os 60&#8217;s y del movimiento Hippie. Es un cuadro decorativo perfecto para decorar el hogar de los verdaderos amantes del estilo retro, va muy bien en la decoraci\u00f3n de habitaciones juveniles, \u00e1reas de estudio, salas de estar o comedores.<\/p>\n<p>Este cl\u00e1sico dise\u00f1o de retablo decorativo retro, es ideal para acompa\u00f1ar la ambientaci\u00f3n de caf\u00e9s, helader\u00edas, librer\u00edas, tiendas de ropa, restaurantes y tiendas de ropa juvenil.<\/p>\n","protected":false},"featured_media":2756,"comment_status":"closed","ping_status":"closed","template":"","meta":{"_acf_changed":false,"_et_pb_use_builder":"","_et_pb_old_content":"","_et_gb_content_width":"","content-type":""},"product_brand":[],"product_cat":[62,70,17,63],"product_tag":[20,21,22,23,24],"class_list":{"0":"post-2724","1":"product","2":"type-product","3":"status-publish","4":"has-post-thumbnail","6":"product_cat-cuadros-decorativos","7":"product_cat-cuadros-decorativos-con-textos","8":"product_cat-decoracion-de-paredes","9":"product_cat-retablos","10":"product_tag-decoracion-de-comedores","11":"product_tag-decoracion-de-cuartos","12":"product_tag-decoracion-de-estudios-y-oficinas","13":"product_tag-decoracion-de-habitaciones-juveniles","14":"product_tag-decoracion-de-salas","16":"first","17":"instock","18":"taxable","19":"shipping-taxable","20":"purchasable","21":"product-type-variable"},"acf":[],"_links":{"self":[{"href":"https:\/\/arkanta.co\/co\/wp-json\/wp\/v2\/product\/2724","targetHints":{"allow":["GET"]}}],"collection":[{"href":"https:\/\/arkanta.co\/co\/wp-json\/wp\/v2\/product"}],"about":[{"href":"https:\/\/arkanta.co\/co\/wp-json\/wp\/v2\/types\/product"}],"replies":[{"embeddable":true,"href":"https:\/\/arkanta.co\/co\/wp-json\/wp\/v2\/comments?post=2724"}],"wp:featuredmedia":[{"embeddable":true,"href":"https:\/\/arkanta.co\/co\/wp-json\/wp\/v2\/media\/2756"}],"wp:attachment":[{"href":"https:\/\/arkanta.co\/co\/wp-json\/wp\/v2\/media?parent=2724"}],"wp:term":[{"taxonomy":"product_brand","embeddable":true,"href":"https:\/\/arkanta.co\/co\/wp-json\/wp\/v2\/product_brand?post=2724"},{"taxonomy":"product_cat","embeddable":true,"href":"https:\/\/arkanta.co\/co\/wp-json\/wp\/v2\/product_cat?post=2724"},{"taxonomy":"product_tag","embeddable":true,"href":"https:\/\/arkanta.co\/co\/wp-json\/wp\/v2\/product_tag?post=2724"}],"curies":[{"name":"wp","href":"https:\/\/api.w.org\/{rel}","templated":true}]}}