{"id":2676,"date":"2024-01-05T02:02:40","date_gmt":"2024-01-05T01:02:40","guid":{"rendered":"https:\/\/arkanta.co\/co\/?post_type=product&#038;p=2676"},"modified":"2024-02-05T21:04:14","modified_gmt":"2024-02-05T20:04:14","slug":"cuadro-de-caballo-negro-3","status":"publish","type":"product","link":"https:\/\/arkanta.co\/co\/tienda-online\/cuadro-de-caballo-negro-3\/","title":{"rendered":"Cuadro de Caballo Negro"},"content":{"rendered":"<p><strong>Incluye:<\/strong> 1 set TORNADO (Ref: R0079).<\/p>\n<p><strong>Color de la referencia: <\/strong>Impresi&oacute;n multicolor.<\/p>\n<p>&nbsp;<\/p>\n<p>Cuadro decorativo de pared. Mantiene sus caracter&iacute;sticas, incluso en paredes soleadas. Puedes instalarlo y desinstalarlo de forma f&aacute;cil.<\/p>\n<p>Env&iacute;o (terrestre) gratis a nivel nacional por compras superiores a $120.000. Realiza tus pagos de forma segura a trav&eacute;s de Mercado pago.<\/p>\n<p>Nuestros productos son fabricados en Colombia y est&aacute;n garantizados por defectos de fabricaci&oacute;n durante 1 a&ntilde;o. Ofrecemos 15 d&iacute;as de retractaci&oacute;n, por lo que puedes devolver el producto si no te ha convencido (aplican condiciones).<\/p>\n","protected":false},"excerpt":{"rendered":"<p>Cuadro decorativo Tornado. Cautivador dise\u00f1o de cuadro decorativo, incluye la fotograf\u00eda de un imponente caballo negro. Sin duda la riqueza de los detalles de esta fotograf\u00eda, hace que sea un retablo perfecto para decorar los diferentes espacios del hogar de quienes saben apreciar los caballos en todo su esplendor. Es ideal para acompa\u00f1ar la ambientaci\u00f3n de salas, comedores, habitaciones principales o estudios. <\/p>\n<p>Este retablo decorativo fotogr\u00e1fico va muy bien en la decoraci\u00f3n de paredes de restaurantes, tiendas de ropa masculina, caf\u00e9s, oficinas y salas de espera.<\/p>\n","protected":false},"featured_media":2715,"comment_status":"open","ping_status":"closed","template":"","meta":{"_acf_changed":false,"_et_pb_use_builder":"","_et_pb_old_content":"","_et_gb_content_width":"","content-type":""},"product_brand":[],"product_cat":[64,62,17,63],"product_tag":[20,21,22,23,24],"class_list":{"0":"post-2676","1":"product","2":"type-product","3":"status-publish","4":"has-post-thumbnail","6":"product_cat-cuadros-de-animales","7":"product_cat-cuadros-decorativos","8":"product_cat-decoracion-de-paredes","9":"product_cat-retablos","10":"product_tag-decoracion-de-comedores","11":"product_tag-decoracion-de-cuartos","12":"product_tag-decoracion-de-estudios-y-oficinas","13":"product_tag-decoracion-de-habitaciones-juveniles","14":"product_tag-decoracion-de-salas","16":"first","17":"instock","18":"taxable","19":"shipping-taxable","20":"purchasable","21":"product-type-variable"},"acf":[],"_links":{"self":[{"href":"https:\/\/arkanta.co\/co\/wp-json\/wp\/v2\/product\/2676","targetHints":{"allow":["GET"]}}],"collection":[{"href":"https:\/\/arkanta.co\/co\/wp-json\/wp\/v2\/product"}],"about":[{"href":"https:\/\/arkanta.co\/co\/wp-json\/wp\/v2\/types\/product"}],"replies":[{"embeddable":true,"href":"https:\/\/arkanta.co\/co\/wp-json\/wp\/v2\/comments?post=2676"}],"wp:featuredmedia":[{"embeddable":true,"href":"https:\/\/arkanta.co\/co\/wp-json\/wp\/v2\/media\/2715"}],"wp:attachment":[{"href":"https:\/\/arkanta.co\/co\/wp-json\/wp\/v2\/media?parent=2676"}],"wp:term":[{"taxonomy":"product_brand","embeddable":true,"href":"https:\/\/arkanta.co\/co\/wp-json\/wp\/v2\/product_brand?post=2676"},{"taxonomy":"product_cat","embeddable":true,"href":"https:\/\/arkanta.co\/co\/wp-json\/wp\/v2\/product_cat?post=2676"},{"taxonomy":"product_tag","embeddable":true,"href":"https:\/\/arkanta.co\/co\/wp-json\/wp\/v2\/product_tag?post=2676"}],"curies":[{"name":"wp","href":"https:\/\/api.w.org\/{rel}","templated":true}]}}