{"id":2674,"date":"2024-01-05T02:02:40","date_gmt":"2024-01-05T01:02:40","guid":{"rendered":"https:\/\/arkanta.co\/co\/?post_type=product&#038;p=2674"},"modified":"2024-02-05T21:19:36","modified_gmt":"2024-02-05T20:19:36","slug":"cuadro-futuristico","status":"publish","type":"product","link":"https:\/\/arkanta.co\/co\/tienda-online\/cuadro-futuristico\/","title":{"rendered":"Cuadro Futur\u00edstico"},"content":{"rendered":"<p><strong>Incluye:<\/strong> 1 set MYSTICAL (Ref: R0077).<\/p>\n<p><strong>Color de la referencia: <\/strong>Impresi&oacute;n multicolor.<\/p>\n<p>&nbsp;<\/p>\n<p>Cuadro decorativo de pared. Mantiene sus caracter&iacute;sticas, incluso en paredes soleadas. Puedes instalarlo y desinstalarlo de forma f&aacute;cil.<\/p>\n<p>Env&iacute;o (terrestre) gratis a nivel nacional por compras superiores a $120.000. Realiza tus pagos de forma segura a trav&eacute;s de Mercado pago.<\/p>\n<p>Nuestros productos son fabricados en Colombia y est&aacute;n garantizados por defectos de fabricaci&oacute;n durante 1 a&ntilde;o. Ofrecemos 15 d&iacute;as de retractaci&oacute;n, por lo que puedes devolver el producto si no te ha convencido (aplican condiciones).<\/p>\n","protected":false},"excerpt":{"rendered":"<p>Cuadro decorativo Mystical. Retablo decorativo incluye una composici\u00f3n futurista en la que se aprecian diferentes formas y colores contrastantes. En esto cuadro decorativo se caracterizan por reflejar diferentes perspectivas del espacio, planetas, astronautas y del espacio. Son ideales para acompa\u00f1ar la decoraci\u00f3n de habitaciones juveniles, \u00e1reas de estudio y salas de estar. <\/p>\n<p>Estos cuadros acompa\u00f1an muy bien la ambientaci\u00f3n de tiendas de ropa y accesorios juveniles, bares, tiendas de videojuegos, librer\u00edas, caf\u00e9s y restaurantes.<\/p>\n","protected":false},"featured_media":2683,"comment_status":"open","ping_status":"closed","template":"","meta":{"_acf_changed":false,"_et_pb_use_builder":"","_et_pb_old_content":"","_et_gb_content_width":"","content-type":""},"product_brand":[],"product_cat":[62,17,63],"product_tag":[21,23],"class_list":{"0":"post-2674","1":"product","2":"type-product","3":"status-publish","4":"has-post-thumbnail","6":"product_cat-cuadros-decorativos","7":"product_cat-decoracion-de-paredes","8":"product_cat-retablos","9":"product_tag-decoracion-de-cuartos","10":"product_tag-decoracion-de-habitaciones-juveniles","12":"first","13":"instock","14":"taxable","15":"shipping-taxable","16":"purchasable","17":"product-type-variable"},"acf":[],"_links":{"self":[{"href":"https:\/\/arkanta.co\/co\/wp-json\/wp\/v2\/product\/2674","targetHints":{"allow":["GET"]}}],"collection":[{"href":"https:\/\/arkanta.co\/co\/wp-json\/wp\/v2\/product"}],"about":[{"href":"https:\/\/arkanta.co\/co\/wp-json\/wp\/v2\/types\/product"}],"replies":[{"embeddable":true,"href":"https:\/\/arkanta.co\/co\/wp-json\/wp\/v2\/comments?post=2674"}],"wp:featuredmedia":[{"embeddable":true,"href":"https:\/\/arkanta.co\/co\/wp-json\/wp\/v2\/media\/2683"}],"wp:attachment":[{"href":"https:\/\/arkanta.co\/co\/wp-json\/wp\/v2\/media?parent=2674"}],"wp:term":[{"taxonomy":"product_brand","embeddable":true,"href":"https:\/\/arkanta.co\/co\/wp-json\/wp\/v2\/product_brand?post=2674"},{"taxonomy":"product_cat","embeddable":true,"href":"https:\/\/arkanta.co\/co\/wp-json\/wp\/v2\/product_cat?post=2674"},{"taxonomy":"product_tag","embeddable":true,"href":"https:\/\/arkanta.co\/co\/wp-json\/wp\/v2\/product_tag?post=2674"}],"curies":[{"name":"wp","href":"https:\/\/api.w.org\/{rel}","templated":true}]}}