{"id":2661,"date":"2024-01-05T02:02:16","date_gmt":"2024-01-05T01:02:16","guid":{"rendered":"https:\/\/arkanta.co\/co\/?post_type=product&#038;p=2661"},"modified":"2024-02-05T21:20:29","modified_gmt":"2024-02-05T20:20:29","slug":"retablo-vintage-never-give-up","status":"publish","type":"product","link":"https:\/\/arkanta.co\/co\/tienda-online\/retablo-vintage-never-give-up\/","title":{"rendered":"Retablo Vintage Never Give Up"},"content":{"rendered":"<p><strong>Incluye:<\/strong> 1 set NEVER GIVE UP (Ref: R0074).<\/p>\n<p><strong>Color de la referencia: <\/strong>Impresi\u00f3n multicolor.<\/p>\n<p>&nbsp;<\/p>\n<p>Cuadro decorativo de pared. Mantiene sus caracter\u00edsticas, incluso en paredes soleadas. Puedes instalarlo y desinstalarlo de forma f\u00e1cil.<\/p>\n<p>Env\u00edo (terrestre) gratis a nivel nacional por compras superiores a $120.000. Realiza tus pagos de forma segura a trav\u00e9s de Mercado pago.<\/p>\n<p>Nuestros productos son fabricados en Colombia y est\u00e1n garantizados por defectos de fabricaci\u00f3n durante 1 a\u00f1o. Ofrecemos 15 d\u00edas de retractaci\u00f3n, por lo que puedes devolver el producto si no te ha convencido (aplican condiciones).<\/p>\n","protected":false},"excerpt":{"rendered":"<p>Cuadro decorativo Never Give Up. Cl\u00e1sico retablo decorativo con estilo tipogr\u00e1fico incluye la frase inspiradora \u00abNever, Never, Never, Give Up\u00bb o su traducci\u00f3n en espa\u00f1ol \u00abNunca, nunca, nunca darse por vencido\u00bb, con diferentes tipograf\u00edas. Es una ilustraci\u00f3n perfecta para acompa\u00f1ar la decoraci\u00f3n de dormitorios juveniles, salas de estar o comedores.<\/p>\n<p>Los cuadros decorativos con frases y textos inspiradores es ideal para acompa\u00f1ar la ambientaci\u00f3n de barber\u00edas, bibliotecas, librer\u00edas, salas de espera y academias.<\/p>\n","protected":false},"featured_media":2677,"comment_status":"closed","ping_status":"closed","template":"","meta":{"_acf_changed":false,"_et_pb_use_builder":"","_et_pb_old_content":"","_et_gb_content_width":"","content-type":""},"product_brand":[],"product_cat":[62,70,17,63],"product_tag":[20,21,23,24],"class_list":{"0":"post-2661","1":"product","2":"type-product","3":"status-publish","4":"has-post-thumbnail","6":"product_cat-cuadros-decorativos","7":"product_cat-cuadros-decorativos-con-textos","8":"product_cat-decoracion-de-paredes","9":"product_cat-retablos","10":"product_tag-decoracion-de-comedores","11":"product_tag-decoracion-de-cuartos","12":"product_tag-decoracion-de-habitaciones-juveniles","13":"product_tag-decoracion-de-salas","15":"first","16":"instock","17":"taxable","18":"shipping-taxable","19":"purchasable","20":"product-type-variable"},"acf":[],"_links":{"self":[{"href":"https:\/\/arkanta.co\/co\/wp-json\/wp\/v2\/product\/2661","targetHints":{"allow":["GET"]}}],"collection":[{"href":"https:\/\/arkanta.co\/co\/wp-json\/wp\/v2\/product"}],"about":[{"href":"https:\/\/arkanta.co\/co\/wp-json\/wp\/v2\/types\/product"}],"replies":[{"embeddable":true,"href":"https:\/\/arkanta.co\/co\/wp-json\/wp\/v2\/comments?post=2661"}],"wp:featuredmedia":[{"embeddable":true,"href":"https:\/\/arkanta.co\/co\/wp-json\/wp\/v2\/media\/2677"}],"wp:attachment":[{"href":"https:\/\/arkanta.co\/co\/wp-json\/wp\/v2\/media?parent=2661"}],"wp:term":[{"taxonomy":"product_brand","embeddable":true,"href":"https:\/\/arkanta.co\/co\/wp-json\/wp\/v2\/product_brand?post=2661"},{"taxonomy":"product_cat","embeddable":true,"href":"https:\/\/arkanta.co\/co\/wp-json\/wp\/v2\/product_cat?post=2661"},{"taxonomy":"product_tag","embeddable":true,"href":"https:\/\/arkanta.co\/co\/wp-json\/wp\/v2\/product_tag?post=2661"}],"curies":[{"name":"wp","href":"https:\/\/api.w.org\/{rel}","templated":true}]}}