{"id":2625,"date":"2024-01-05T02:01:51","date_gmt":"2024-01-05T01:01:51","guid":{"rendered":"https:\/\/arkanta.co\/co\/?post_type=product&#038;p=2625"},"modified":"2024-02-05T21:23:43","modified_gmt":"2024-02-05T20:23:43","slug":"cuadro-pop-de-los-beatles","status":"publish","type":"product","link":"https:\/\/arkanta.co\/co\/tienda-online\/cuadro-pop-de-los-beatles\/","title":{"rendered":"Cuadro Pop de los Beatles"},"content":{"rendered":"<p><strong>Incluye:<\/strong> 1 set BEATLES (Ref: R0070).<\/p>\n<p><strong>Color de la referencia: <\/strong>Impresi&oacute;n multicolor.<\/p>\n<p>&nbsp;<\/p>\n<p>Cuadro decorativo de pared. Mantiene sus caracter&iacute;sticas, incluso en paredes soleadas. Puedes instalarlo y desinstalarlo de forma f&aacute;cil.<\/p>\n<p>Env&iacute;o (terrestre) gratis a nivel nacional por compras superiores a $120.000. Realiza tus pagos de forma segura a trav&eacute;s de Mercado pago.<\/p>\n<p>Nuestros productos son fabricados en Colombia y est&aacute;n garantizados por defectos de fabricaci&oacute;n durante 1 a&ntilde;o. Ofrecemos 15 d&iacute;as de retractaci&oacute;n, por lo que puedes devolver el producto si no te ha convencido (aplican condiciones).<\/p>\n","protected":false},"excerpt":{"rendered":"<p>Cuadro decorativo Beatles. Retablo decorativo en colores vibrantes tipo ilustraci\u00f3n del rostro de los cuatro integrantes de la banda de rock\u200b brit\u00e1nica The Beatles: John Lennon, Paul McCartney, George Harrison y Ringo Starr. Es ideal para acompa\u00f1ar el hogar de verdaderos fans de su m\u00fasica, va muy bien en la decoraci\u00f3n de salas, comedores, habitaciones principales, dormitorios de adolescentes o estudios. <\/p>\n<p>Este retablo decorativo es ideal para la decoraci\u00f3n de paredes de caf\u00e9s tem\u00e1ticos, academias de m\u00fasica, tiendas de instrumentos musicales, restaurantes, entre otros.<\/p>\n","protected":false},"featured_media":2664,"comment_status":"open","ping_status":"closed","template":"","meta":{"_acf_changed":false,"_et_pb_use_builder":"","_et_pb_old_content":"","_et_gb_content_width":"","content-type":""},"product_brand":[],"product_cat":[62,17,63],"product_tag":[20,21,23,24],"class_list":{"0":"post-2625","1":"product","2":"type-product","3":"status-publish","4":"has-post-thumbnail","6":"product_cat-cuadros-decorativos","7":"product_cat-decoracion-de-paredes","8":"product_cat-retablos","9":"product_tag-decoracion-de-comedores","10":"product_tag-decoracion-de-cuartos","11":"product_tag-decoracion-de-habitaciones-juveniles","12":"product_tag-decoracion-de-salas","14":"first","15":"instock","16":"taxable","17":"shipping-taxable","18":"purchasable","19":"product-type-variable"},"acf":[],"_links":{"self":[{"href":"https:\/\/arkanta.co\/co\/wp-json\/wp\/v2\/product\/2625","targetHints":{"allow":["GET"]}}],"collection":[{"href":"https:\/\/arkanta.co\/co\/wp-json\/wp\/v2\/product"}],"about":[{"href":"https:\/\/arkanta.co\/co\/wp-json\/wp\/v2\/types\/product"}],"replies":[{"embeddable":true,"href":"https:\/\/arkanta.co\/co\/wp-json\/wp\/v2\/comments?post=2625"}],"wp:featuredmedia":[{"embeddable":true,"href":"https:\/\/arkanta.co\/co\/wp-json\/wp\/v2\/media\/2664"}],"wp:attachment":[{"href":"https:\/\/arkanta.co\/co\/wp-json\/wp\/v2\/media?parent=2625"}],"wp:term":[{"taxonomy":"product_brand","embeddable":true,"href":"https:\/\/arkanta.co\/co\/wp-json\/wp\/v2\/product_brand?post=2625"},{"taxonomy":"product_cat","embeddable":true,"href":"https:\/\/arkanta.co\/co\/wp-json\/wp\/v2\/product_cat?post=2625"},{"taxonomy":"product_tag","embeddable":true,"href":"https:\/\/arkanta.co\/co\/wp-json\/wp\/v2\/product_tag?post=2625"}],"curies":[{"name":"wp","href":"https:\/\/api.w.org\/{rel}","templated":true}]}}