{"id":2590,"date":"2024-01-05T02:01:28","date_gmt":"2024-01-05T01:01:28","guid":{"rendered":"https:\/\/arkanta.co\/co\/?post_type=product&#038;p=2590"},"modified":"2024-02-05T21:27:09","modified_gmt":"2024-02-05T20:27:09","slug":"retablo-infantil-dream-big","status":"publish","type":"product","link":"https:\/\/arkanta.co\/co\/tienda-online\/retablo-infantil-dream-big\/","title":{"rendered":"Retablo Infantil Dream Big"},"content":{"rendered":"<p><strong>Incluye:<\/strong> 1 set DREAM BIG (Ref: R0063).<\/p>\n<p><strong>Color de la referencia: <\/strong>Impresi\u00f3n multicolor.<\/p>\n<p>&nbsp;<\/p>\n<p>Cuadro decorativo de pared. Mantiene sus caracter\u00edsticas, incluso en paredes soleadas. Puedes instalarlo y desinstalarlo de forma f\u00e1cil.<\/p>\n<p>Env\u00edo (terrestre) gratis a nivel nacional por compras superiores a $120.000. Realiza tus pagos de forma segura a trav\u00e9s de Mercado pago.<\/p>\n<p>Nuestros productos son fabricados en Colombia y est\u00e1n garantizados por defectos de fabricaci\u00f3n durante 1 a\u00f1o. Ofrecemos 15 d\u00edas de retractaci\u00f3n, por lo que puedes devolver el producto si no te ha convencido (aplican condiciones).<\/p>\n","protected":false},"excerpt":{"rendered":"<p>Cuadro decorativo Dream Big. Retablo decorativo tipogr\u00e1fico incluye la ilustraci\u00f3n de un atrapasue\u00f1os y la frase \u00abDream Big Little One\u00bb, o su traducci\u00f3n a espa\u00f1ol \u00abSue\u00f1a en grande peque\u00f1o\u00bb. Sin duda este dise\u00f1o con frases motivadoras es perfecto para llenar de buena energ\u00eda los espacios de tu casa. Es un elemento ideal para acompa\u00f1ar la decoraci\u00f3n de habitaciones infantiles, espacios juveniles, salas de estar o comedores.<\/p>\n<p>Este retablo decorativo con frases y textos motivacionales, es ideal para acompa\u00f1ar la ambientaci\u00f3n de caf\u00e9s, helader\u00edas, librer\u00edas, tiendas de ropa infantil, salas de espera o consultorios infantiles.<\/p>\n","protected":false},"featured_media":2598,"comment_status":"closed","ping_status":"closed","template":"","meta":{"_acf_changed":false,"_et_pb_use_builder":"","_et_pb_old_content":"","_et_gb_content_width":"","content-type":""},"product_brand":[],"product_cat":[62,70,65,66,17,63],"product_tag":[28,29,30,31],"class_list":{"0":"post-2590","1":"product","2":"type-product","3":"status-publish","4":"has-post-thumbnail","6":"product_cat-cuadros-decorativos","7":"product_cat-cuadros-decorativos-con-textos","8":"product_cat-cuadros-infantiles","9":"product_cat-cuadros-para-bebes","10":"product_cat-decoracion-de-paredes","11":"product_cat-retablos","12":"product_tag-decoracion-infantil","13":"product_tag-decoracion-para-cuarto-de-bebe","14":"product_tag-decoracion-para-ninas","15":"product_tag-decoracion-para-ninos-varones","17":"first","18":"instock","19":"taxable","20":"shipping-taxable","21":"purchasable","22":"product-type-variable"},"acf":[],"_links":{"self":[{"href":"https:\/\/arkanta.co\/co\/wp-json\/wp\/v2\/product\/2590","targetHints":{"allow":["GET"]}}],"collection":[{"href":"https:\/\/arkanta.co\/co\/wp-json\/wp\/v2\/product"}],"about":[{"href":"https:\/\/arkanta.co\/co\/wp-json\/wp\/v2\/types\/product"}],"replies":[{"embeddable":true,"href":"https:\/\/arkanta.co\/co\/wp-json\/wp\/v2\/comments?post=2590"}],"wp:featuredmedia":[{"embeddable":true,"href":"https:\/\/arkanta.co\/co\/wp-json\/wp\/v2\/media\/2598"}],"wp:attachment":[{"href":"https:\/\/arkanta.co\/co\/wp-json\/wp\/v2\/media?parent=2590"}],"wp:term":[{"taxonomy":"product_brand","embeddable":true,"href":"https:\/\/arkanta.co\/co\/wp-json\/wp\/v2\/product_brand?post=2590"},{"taxonomy":"product_cat","embeddable":true,"href":"https:\/\/arkanta.co\/co\/wp-json\/wp\/v2\/product_cat?post=2590"},{"taxonomy":"product_tag","embeddable":true,"href":"https:\/\/arkanta.co\/co\/wp-json\/wp\/v2\/product_tag?post=2590"}],"curies":[{"name":"wp","href":"https:\/\/api.w.org\/{rel}","templated":true}]}}