{"id":2589,"date":"2024-01-05T02:01:28","date_gmt":"2024-01-05T01:01:28","guid":{"rendered":"https:\/\/arkanta.co\/co\/?post_type=product&#038;p=2589"},"modified":"2024-02-05T21:28:32","modified_gmt":"2024-02-05T20:28:32","slug":"retablo-infantil-little-adventurer","status":"publish","type":"product","link":"https:\/\/arkanta.co\/co\/tienda-online\/retablo-infantil-little-adventurer\/","title":{"rendered":"Retablo Infantil Little Adventurer"},"content":{"rendered":"<p><strong>Incluye:<\/strong> 1 set LITTLE ADVENTURER (Ref: R0062).<\/p>\n<p><strong>Color de la referencia: <\/strong>Impresi&oacute;n multicolor.<\/p>\n<p>&nbsp;<\/p>\n<p>Cuadro decorativo de pared. Mantiene sus caracter&iacute;sticas, incluso en paredes soleadas. Puedes instalarlo y desinstalarlo de forma f&aacute;cil.<\/p>\n<p>Env&iacute;o (terrestre) gratis a nivel nacional por compras superiores a $120.000. Realiza tus pagos de forma segura a trav&eacute;s de Mercado pago.<\/p>\n<p>Nuestros productos son fabricados en Colombia y est&aacute;n garantizados por defectos de fabricaci&oacute;n durante 1 a&ntilde;o. Ofrecemos 15 d&iacute;as de retractaci&oacute;n, por lo que puedes devolver el producto si no te ha convencido (aplican condiciones).<\/p>\n","protected":false},"excerpt":{"rendered":"<p>Cuadro decorativo Little Adventurer. Tierno retablo decorativo infantil, este delicado dise\u00f1o tipogr\u00e1fico incluye la frase \u00abLittle Adventurer\u00bb o su traducci\u00f3n a espa\u00f1ol \u00abPeque\u00f1a aventurera\u00bb y la ilustraci\u00f3n de peque\u00f1as monta\u00f1as. Este cuadro decorativo es ideal para acompa\u00f1ar la decoraci\u00f3n de habitaciones infantiles o dormitorios juveniles.<\/p>\n<p>De igual manera, este retablo decorativo con frases y textos bonitos es ideal para acompa\u00f1ar la ambientaci\u00f3n de tiendas de ropa infantil, salas de espera o consultorios infantiles.<\/p>\n","protected":false},"featured_media":2596,"comment_status":"open","ping_status":"closed","template":"","meta":{"_acf_changed":false,"_et_pb_use_builder":"","_et_pb_old_content":"","_et_gb_content_width":"","content-type":""},"product_brand":[],"product_cat":[62,70,65,66,17,63],"product_tag":[28,29,30,31],"class_list":{"0":"post-2589","1":"product","2":"type-product","3":"status-publish","4":"has-post-thumbnail","6":"product_cat-cuadros-decorativos","7":"product_cat-cuadros-decorativos-con-textos","8":"product_cat-cuadros-infantiles","9":"product_cat-cuadros-para-bebes","10":"product_cat-decoracion-de-paredes","11":"product_cat-retablos","12":"product_tag-decoracion-infantil","13":"product_tag-decoracion-para-cuarto-de-bebe","14":"product_tag-decoracion-para-ninas","15":"product_tag-decoracion-para-ninos-varones","17":"first","18":"instock","19":"taxable","20":"shipping-taxable","21":"purchasable","22":"product-type-variable"},"acf":[],"_links":{"self":[{"href":"https:\/\/arkanta.co\/co\/wp-json\/wp\/v2\/product\/2589","targetHints":{"allow":["GET"]}}],"collection":[{"href":"https:\/\/arkanta.co\/co\/wp-json\/wp\/v2\/product"}],"about":[{"href":"https:\/\/arkanta.co\/co\/wp-json\/wp\/v2\/types\/product"}],"replies":[{"embeddable":true,"href":"https:\/\/arkanta.co\/co\/wp-json\/wp\/v2\/comments?post=2589"}],"wp:featuredmedia":[{"embeddable":true,"href":"https:\/\/arkanta.co\/co\/wp-json\/wp\/v2\/media\/2596"}],"wp:attachment":[{"href":"https:\/\/arkanta.co\/co\/wp-json\/wp\/v2\/media?parent=2589"}],"wp:term":[{"taxonomy":"product_brand","embeddable":true,"href":"https:\/\/arkanta.co\/co\/wp-json\/wp\/v2\/product_brand?post=2589"},{"taxonomy":"product_cat","embeddable":true,"href":"https:\/\/arkanta.co\/co\/wp-json\/wp\/v2\/product_cat?post=2589"},{"taxonomy":"product_tag","embeddable":true,"href":"https:\/\/arkanta.co\/co\/wp-json\/wp\/v2\/product_tag?post=2589"}],"curies":[{"name":"wp","href":"https:\/\/api.w.org\/{rel}","templated":true}]}}