{"id":2523,"date":"2024-01-05T02:00:39","date_gmt":"2024-01-05T01:00:39","guid":{"rendered":"https:\/\/arkanta.co\/co\/?post_type=product&#038;p=2523"},"modified":"2024-02-05T21:56:39","modified_gmt":"2024-02-05T20:56:39","slug":"triptico-de-cuadros-botanicos","status":"publish","type":"product","link":"https:\/\/arkanta.co\/co\/tienda-online\/triptico-de-cuadros-botanicos\/","title":{"rendered":"Tr\u00edptico de Cuadros Bot\u00e1nicos"},"content":{"rendered":"<p><strong>Incluye:<\/strong> 1 set BOTANICAL TRIPTICLE (Ref: R0054).<\/p>\n<p><strong>Color de la referencia: <\/strong>Impresi\u00f3n multicolor.<\/p>\n<p>&nbsp;<\/p>\n<p>Cuadro decorativo de pared. Mantiene sus caracter\u00edsticas, incluso en paredes soleadas. Puedes instalarlo y desinstalarlo de forma f\u00e1cil.<\/p>\n<p>Env\u00edo (terrestre) gratis a nivel nacional por compras superiores a $120.000. Realiza tus pagos de forma segura a trav\u00e9s de Mercado pago.<\/p>\n<p>Nuestros productos son fabricados en Colombia y est\u00e1n garantizados por defectos de fabricaci\u00f3n durante 1 a\u00f1o. Ofrecemos 15 d\u00edas de retractaci\u00f3n, por lo que puedes devolver el producto si no te ha convencido (aplican condiciones).<\/p>\n","protected":false},"excerpt":{"rendered":"<p>Cuadros decorativos Botanical Tripticle. Retablos decorativos de tres delicadas ilustraciones bot\u00e1nicas tipo acuarela. Los trazos y cada detalle de color de estas ilustraciones hacen de esta una serie exclusiva de piezas decorativas perfectas para darle un aire floral a tu hogar. Son ideales como cuadros decorativos para sala, comedor o habitaciones principales.<\/p>\n<p>Este tipo de retablos acompa\u00f1an muy bien la ambientaci\u00f3n de oficinas, salas de espera, spas, centros de est\u00e9tica, recepciones, habitaciones de hotel, caf\u00e9s y restaurantes.<\/p>\n","protected":false},"featured_media":2552,"comment_status":"closed","ping_status":"closed","template":"","meta":{"_acf_changed":false,"_et_pb_use_builder":"","_et_pb_old_content":"","_et_gb_content_width":"","content-type":""},"product_brand":[],"product_cat":[68,62,17,63],"product_tag":[20,21,22,24],"class_list":{"0":"post-2523","1":"product","2":"type-product","3":"status-publish","4":"has-post-thumbnail","6":"product_cat-cuadros-de-flores","7":"product_cat-cuadros-decorativos","8":"product_cat-decoracion-de-paredes","9":"product_cat-retablos","10":"product_tag-decoracion-de-comedores","11":"product_tag-decoracion-de-cuartos","12":"product_tag-decoracion-de-estudios-y-oficinas","13":"product_tag-decoracion-de-salas","15":"first","16":"instock","17":"taxable","18":"shipping-taxable","19":"purchasable","20":"product-type-variable"},"acf":[],"_links":{"self":[{"href":"https:\/\/arkanta.co\/co\/wp-json\/wp\/v2\/product\/2523","targetHints":{"allow":["GET"]}}],"collection":[{"href":"https:\/\/arkanta.co\/co\/wp-json\/wp\/v2\/product"}],"about":[{"href":"https:\/\/arkanta.co\/co\/wp-json\/wp\/v2\/types\/product"}],"replies":[{"embeddable":true,"href":"https:\/\/arkanta.co\/co\/wp-json\/wp\/v2\/comments?post=2523"}],"wp:featuredmedia":[{"embeddable":true,"href":"https:\/\/arkanta.co\/co\/wp-json\/wp\/v2\/media\/2552"}],"wp:attachment":[{"href":"https:\/\/arkanta.co\/co\/wp-json\/wp\/v2\/media?parent=2523"}],"wp:term":[{"taxonomy":"product_brand","embeddable":true,"href":"https:\/\/arkanta.co\/co\/wp-json\/wp\/v2\/product_brand?post=2523"},{"taxonomy":"product_cat","embeddable":true,"href":"https:\/\/arkanta.co\/co\/wp-json\/wp\/v2\/product_cat?post=2523"},{"taxonomy":"product_tag","embeddable":true,"href":"https:\/\/arkanta.co\/co\/wp-json\/wp\/v2\/product_tag?post=2523"}],"curies":[{"name":"wp","href":"https:\/\/api.w.org\/{rel}","templated":true}]}}