{"id":2522,"date":"2024-01-05T02:00:39","date_gmt":"2024-01-05T01:00:39","guid":{"rendered":"https:\/\/arkanta.co\/co\/?post_type=product&#038;p=2522"},"modified":"2024-02-05T21:58:12","modified_gmt":"2024-02-05T20:58:12","slug":"cuadro-futurista-de-astronauta","status":"publish","type":"product","link":"https:\/\/arkanta.co\/co\/tienda-online\/cuadro-futurista-de-astronauta\/","title":{"rendered":"Cuadro Futurista de Astronauta"},"content":{"rendered":"<p><strong>Incluye:<\/strong> 1 set SPACE TRAVELLER (Ref: R0053).<\/p>\n<p><strong>Color de la referencia: <\/strong>Impresi\u00f3n multicolor.<\/p>\n<p>&nbsp;<\/p>\n<p>Cuadro decorativo de pared. Mantiene sus caracter\u00edsticas, incluso en paredes soleadas. Puedes instalarlo y desinstalarlo de forma f\u00e1cil.<\/p>\n<p>Env\u00edo (terrestre) gratis a nivel nacional por compras superiores a $120.000. Realiza tus pagos de forma segura a trav\u00e9s de Mercado pago.<\/p>\n<p>Nuestros productos son fabricados en Colombia y est\u00e1n garantizados por defectos de fabricaci\u00f3n durante 1 a\u00f1o. Ofrecemos 15 d\u00edas de retractaci\u00f3n, por lo que puedes devolver el producto si no te ha convencido (aplican condiciones).<\/p>\n","protected":false},"excerpt":{"rendered":"<p>Cuadro decorativo Space Traveller. Retablo decorativo inspirado en c\u00f3mics y pel\u00edculas futuristas. Este cuadro decorativo est\u00e1 elaborado en un material que brinda gran soporte y facilidad de manejo. Es ideal para acompa\u00f1ar la decoraci\u00f3n de habitaciones juveniles, \u00e1reas de estudio y salas de estar.<\/p>\n<p>Cuadros decorativos con este tipo de ilustraci\u00f3n van muy bien la ambientaci\u00f3n de tiendas de ropa y accesorios juveniles, bares, tiendas de videojuegos, librer\u00edas, caf\u00e9s y restaurantes tem\u00e1ticos.<\/p>\n","protected":false},"featured_media":2550,"comment_status":"closed","ping_status":"closed","template":"","meta":{"_acf_changed":false,"_et_pb_use_builder":"","_et_pb_old_content":"","_et_gb_content_width":"","content-type":""},"product_brand":[],"product_cat":[62,17,63],"product_tag":[21,23],"class_list":{"0":"post-2522","1":"product","2":"type-product","3":"status-publish","4":"has-post-thumbnail","6":"product_cat-cuadros-decorativos","7":"product_cat-decoracion-de-paredes","8":"product_cat-retablos","9":"product_tag-decoracion-de-cuartos","10":"product_tag-decoracion-de-habitaciones-juveniles","12":"first","13":"instock","14":"taxable","15":"shipping-taxable","16":"purchasable","17":"product-type-variable"},"acf":[],"_links":{"self":[{"href":"https:\/\/arkanta.co\/co\/wp-json\/wp\/v2\/product\/2522","targetHints":{"allow":["GET"]}}],"collection":[{"href":"https:\/\/arkanta.co\/co\/wp-json\/wp\/v2\/product"}],"about":[{"href":"https:\/\/arkanta.co\/co\/wp-json\/wp\/v2\/types\/product"}],"replies":[{"embeddable":true,"href":"https:\/\/arkanta.co\/co\/wp-json\/wp\/v2\/comments?post=2522"}],"wp:featuredmedia":[{"embeddable":true,"href":"https:\/\/arkanta.co\/co\/wp-json\/wp\/v2\/media\/2550"}],"wp:attachment":[{"href":"https:\/\/arkanta.co\/co\/wp-json\/wp\/v2\/media?parent=2522"}],"wp:term":[{"taxonomy":"product_brand","embeddable":true,"href":"https:\/\/arkanta.co\/co\/wp-json\/wp\/v2\/product_brand?post=2522"},{"taxonomy":"product_cat","embeddable":true,"href":"https:\/\/arkanta.co\/co\/wp-json\/wp\/v2\/product_cat?post=2522"},{"taxonomy":"product_tag","embeddable":true,"href":"https:\/\/arkanta.co\/co\/wp-json\/wp\/v2\/product_tag?post=2522"}],"curies":[{"name":"wp","href":"https:\/\/api.w.org\/{rel}","templated":true}]}}