{"id":2521,"date":"2024-01-05T02:00:38","date_gmt":"2024-01-05T01:00:38","guid":{"rendered":"https:\/\/arkanta.co\/co\/?post_type=product&#038;p=2521"},"modified":"2024-05-05T02:21:44","modified_gmt":"2024-05-05T00:21:44","slug":"triptico-de-cuadros-abstractos-montanas-2","status":"publish","type":"product","link":"https:\/\/arkanta.co\/co\/tienda-online\/triptico-de-cuadros-abstractos-montanas-2\/","title":{"rendered":"Tr\u00edptico de Cuadros Abstractos Monta\u00f1as"},"content":{"rendered":"<p><strong>Incluye:<\/strong> 1 set ABSTRACT MOUNTAINS (Ref: R0052).<\/p>\n<p><strong>Color de la referencia: <\/strong>Impresi\u00f3n multicolor.<\/p>\n<p>&nbsp;<\/p>\n<p>Cuadro decorativo de pared. Mantiene sus caracter\u00edsticas, incluso en paredes soleadas. Puedes instalarlo y desinstalarlo de forma f\u00e1cil.<\/p>\n<p>Env\u00edo (terrestre) gratis a nivel nacional por compras superiores a $120.000. Realiza tus pagos de forma segura a trav\u00e9s de Mercado pago.<\/p>\n<p>Nuestros productos son fabricados en Colombia y est\u00e1n garantizados por defectos de fabricaci\u00f3n durante 1 a\u00f1o. Ofrecemos 15 d\u00edas de retractaci\u00f3n, por lo que puedes devolver el producto si no te ha convencido (aplican condiciones).<\/p>\n","protected":false},"excerpt":{"rendered":"<p>Cuadros decorativos Abstract Mountains. Retablos decorativos de estilo tr\u00edptico, incluye la ilustraci\u00f3n de monta\u00f1as abstractas en composiciones contrastantes y enigmaticas. Estos cuadros decorativos imprimen un aire en\u00e9rgico y moderno a la ambientaci\u00f3n de cada uno de los espacios de la casa. Es ideal para decorar salas, comedores y habitaciones principales.<\/p>\n<p>Estos retablos decorativos van muy bien en la ambientaci\u00f3n de caf\u00e9s, restaurantes, librer\u00edas, salas de espera, hoteles, oficinas, consultorios, entre otros.<\/p>\n","protected":false},"featured_media":2548,"comment_status":"closed","ping_status":"closed","template":"","meta":{"_acf_changed":false,"_et_pb_use_builder":"","_et_pb_old_content":"","_et_gb_content_width":"","content-type":""},"product_brand":[],"product_cat":[62,17,63],"product_tag":[20,21,22,24],"class_list":{"0":"post-2521","1":"product","2":"type-product","3":"status-publish","4":"has-post-thumbnail","6":"product_cat-cuadros-decorativos","7":"product_cat-decoracion-de-paredes","8":"product_cat-retablos","9":"product_tag-decoracion-de-comedores","10":"product_tag-decoracion-de-cuartos","11":"product_tag-decoracion-de-estudios-y-oficinas","12":"product_tag-decoracion-de-salas","14":"first","15":"instock","16":"taxable","17":"shipping-taxable","18":"purchasable","19":"product-type-variable"},"acf":[],"_links":{"self":[{"href":"https:\/\/arkanta.co\/co\/wp-json\/wp\/v2\/product\/2521","targetHints":{"allow":["GET"]}}],"collection":[{"href":"https:\/\/arkanta.co\/co\/wp-json\/wp\/v2\/product"}],"about":[{"href":"https:\/\/arkanta.co\/co\/wp-json\/wp\/v2\/types\/product"}],"replies":[{"embeddable":true,"href":"https:\/\/arkanta.co\/co\/wp-json\/wp\/v2\/comments?post=2521"}],"wp:featuredmedia":[{"embeddable":true,"href":"https:\/\/arkanta.co\/co\/wp-json\/wp\/v2\/media\/2548"}],"wp:attachment":[{"href":"https:\/\/arkanta.co\/co\/wp-json\/wp\/v2\/media?parent=2521"}],"wp:term":[{"taxonomy":"product_brand","embeddable":true,"href":"https:\/\/arkanta.co\/co\/wp-json\/wp\/v2\/product_brand?post=2521"},{"taxonomy":"product_cat","embeddable":true,"href":"https:\/\/arkanta.co\/co\/wp-json\/wp\/v2\/product_cat?post=2521"},{"taxonomy":"product_tag","embeddable":true,"href":"https:\/\/arkanta.co\/co\/wp-json\/wp\/v2\/product_tag?post=2521"}],"curies":[{"name":"wp","href":"https:\/\/api.w.org\/{rel}","templated":true}]}}