{"id":2496,"date":"2024-01-05T02:00:16","date_gmt":"2024-01-05T01:00:16","guid":{"rendered":"https:\/\/arkanta.co\/co\/?post_type=product&#038;p=2496"},"modified":"2024-02-05T22:05:43","modified_gmt":"2024-02-05T21:05:43","slug":"diptico-de-cuadros-abstractos-de-lineas","status":"publish","type":"product","link":"https:\/\/arkanta.co\/co\/tienda-online\/diptico-de-cuadros-abstractos-de-lineas\/","title":{"rendered":"D\u00edptico de Cuadros Abstractos de L\u00edneas"},"content":{"rendered":"<p><strong>Incluye:<\/strong> 1 set ABSTRACT KISS (Ref: R0050).<\/p>\n<p><strong>Color de la referencia: <\/strong>Impresi\u00f3n multicolor.<\/p>\n<p>&nbsp;<\/p>\n<p>Cuadro decorativo de pared. Mantiene sus caracter\u00edsticas, incluso en paredes soleadas. Puedes instalarlo y desinstalarlo de forma f\u00e1cil.<\/p>\n<p>Env\u00edo (terrestre) gratis a nivel nacional por compras superiores a $120.000. Realiza tus pagos de forma segura a trav\u00e9s de Mercado pago.<\/p>\n<p>Nuestros productos son fabricados en Colombia y est\u00e1n garantizados por defectos de fabricaci\u00f3n durante 1 a\u00f1o. Ofrecemos 15 d\u00edas de retractaci\u00f3n, por lo que puedes devolver el producto si no te ha convencido (aplican condiciones).<\/p>\n","protected":false},"excerpt":{"rendered":"<p>Cuadros decorativos Abstract Kiss. Cautivador y encantador dise\u00f1o de retablos decorativos de estilo abstracto. Los delicados y sutiles trazos de una pareja bes\u00e1ndose hacen que esta pieza sea perfecta para acompa\u00f1ar la decoraci\u00f3n de habitaciones principales, salas de estar o comedores de quienes aman el romanticismo.<\/p>\n<p>Retablos ideales para acompa\u00f1ar la ambientaci\u00f3n de restaurantes, librer\u00edas, tiendas de ropa, spas, peluquer\u00edas o centros de est\u00e9tica.<\/p>\n","protected":false},"featured_media":2515,"comment_status":"closed","ping_status":"closed","template":"","meta":{"_acf_changed":false,"_et_pb_use_builder":"","_et_pb_old_content":"","_et_gb_content_width":"","content-type":""},"product_brand":[],"product_cat":[62,17,63],"product_tag":[20,21,22,24],"class_list":{"0":"post-2496","1":"product","2":"type-product","3":"status-publish","4":"has-post-thumbnail","6":"product_cat-cuadros-decorativos","7":"product_cat-decoracion-de-paredes","8":"product_cat-retablos","9":"product_tag-decoracion-de-comedores","10":"product_tag-decoracion-de-cuartos","11":"product_tag-decoracion-de-estudios-y-oficinas","12":"product_tag-decoracion-de-salas","14":"first","15":"instock","16":"taxable","17":"shipping-taxable","18":"purchasable","19":"product-type-variable"},"acf":[],"_links":{"self":[{"href":"https:\/\/arkanta.co\/co\/wp-json\/wp\/v2\/product\/2496","targetHints":{"allow":["GET"]}}],"collection":[{"href":"https:\/\/arkanta.co\/co\/wp-json\/wp\/v2\/product"}],"about":[{"href":"https:\/\/arkanta.co\/co\/wp-json\/wp\/v2\/types\/product"}],"replies":[{"embeddable":true,"href":"https:\/\/arkanta.co\/co\/wp-json\/wp\/v2\/comments?post=2496"}],"wp:featuredmedia":[{"embeddable":true,"href":"https:\/\/arkanta.co\/co\/wp-json\/wp\/v2\/media\/2515"}],"wp:attachment":[{"href":"https:\/\/arkanta.co\/co\/wp-json\/wp\/v2\/media?parent=2496"}],"wp:term":[{"taxonomy":"product_brand","embeddable":true,"href":"https:\/\/arkanta.co\/co\/wp-json\/wp\/v2\/product_brand?post=2496"},{"taxonomy":"product_cat","embeddable":true,"href":"https:\/\/arkanta.co\/co\/wp-json\/wp\/v2\/product_cat?post=2496"},{"taxonomy":"product_tag","embeddable":true,"href":"https:\/\/arkanta.co\/co\/wp-json\/wp\/v2\/product_tag?post=2496"}],"curies":[{"name":"wp","href":"https:\/\/api.w.org\/{rel}","templated":true}]}}