{"id":2436,"date":"2024-01-05T01:59:25","date_gmt":"2024-01-05T00:59:25","guid":{"rendered":"https:\/\/arkanta.co\/co\/?post_type=product&#038;p=2436"},"modified":"2024-02-05T22:29:14","modified_gmt":"2024-02-05T21:29:14","slug":"cuadro-decorativo-de-geranio","status":"publish","type":"product","link":"https:\/\/arkanta.co\/co\/tienda-online\/cuadro-decorativo-de-geranio\/","title":{"rendered":"Cuadro Decorativo de Geranio"},"content":{"rendered":"<p><strong>Incluye:<\/strong> 1 set GERANIUM (Ref: R0039).<\/p>\n<p><strong>Color de la referencia: <\/strong>Impresi&oacute;n multicolor.<\/p>\n<p>&nbsp;<\/p>\n<p>Cuadro decorativo de pared. Mantiene sus caracter&iacute;sticas, incluso en paredes soleadas. Puedes instalarlo y desinstalarlo de forma f&aacute;cil.<\/p>\n<p>Env&iacute;o (terrestre) gratis a nivel nacional por compras superiores a $120.000. Realiza tus pagos de forma segura a trav&eacute;s de Mercado pago.<\/p>\n<p>Nuestros productos son fabricados en Colombia y est&aacute;n garantizados por defectos de fabricaci&oacute;n durante 1 a&ntilde;o. Ofrecemos 15 d&iacute;as de retractaci&oacute;n, por lo que puedes devolver el producto si no te ha convencido (aplican condiciones).<\/p>\n","protected":false},"excerpt":{"rendered":"<p>Cuadro decorativo Geranium. Retablo decorativo con dise\u00f1o floral, incluye la ilustraci\u00f3n de una frondosa flor de geranio. Es un cuadro decorativo que imprime un aire floral y relajante en los diferentes espacios del hogar. Es ideal para decorar salas, comedores y habitaciones principales.<\/p>\n<p>Este retablo floral va muy bien en la ambientaci\u00f3n de centros de est\u00e9tica, florister\u00edas, peluquer\u00edas, caf\u00e9s y restaurantes.<\/p>\n","protected":false},"featured_media":2448,"comment_status":"open","ping_status":"closed","template":"","meta":{"_acf_changed":false,"_et_pb_use_builder":"","_et_pb_old_content":"","_et_gb_content_width":"","content-type":""},"product_brand":[],"product_cat":[68,62,17,63],"product_tag":[20,21,22,24],"class_list":{"0":"post-2436","1":"product","2":"type-product","3":"status-publish","4":"has-post-thumbnail","6":"product_cat-cuadros-de-flores","7":"product_cat-cuadros-decorativos","8":"product_cat-decoracion-de-paredes","9":"product_cat-retablos","10":"product_tag-decoracion-de-comedores","11":"product_tag-decoracion-de-cuartos","12":"product_tag-decoracion-de-estudios-y-oficinas","13":"product_tag-decoracion-de-salas","15":"first","16":"instock","17":"taxable","18":"shipping-taxable","19":"purchasable","20":"product-type-variable"},"acf":[],"_links":{"self":[{"href":"https:\/\/arkanta.co\/co\/wp-json\/wp\/v2\/product\/2436","targetHints":{"allow":["GET"]}}],"collection":[{"href":"https:\/\/arkanta.co\/co\/wp-json\/wp\/v2\/product"}],"about":[{"href":"https:\/\/arkanta.co\/co\/wp-json\/wp\/v2\/types\/product"}],"replies":[{"embeddable":true,"href":"https:\/\/arkanta.co\/co\/wp-json\/wp\/v2\/comments?post=2436"}],"wp:featuredmedia":[{"embeddable":true,"href":"https:\/\/arkanta.co\/co\/wp-json\/wp\/v2\/media\/2448"}],"wp:attachment":[{"href":"https:\/\/arkanta.co\/co\/wp-json\/wp\/v2\/media?parent=2436"}],"wp:term":[{"taxonomy":"product_brand","embeddable":true,"href":"https:\/\/arkanta.co\/co\/wp-json\/wp\/v2\/product_brand?post=2436"},{"taxonomy":"product_cat","embeddable":true,"href":"https:\/\/arkanta.co\/co\/wp-json\/wp\/v2\/product_cat?post=2436"},{"taxonomy":"product_tag","embeddable":true,"href":"https:\/\/arkanta.co\/co\/wp-json\/wp\/v2\/product_tag?post=2436"}],"curies":[{"name":"wp","href":"https:\/\/api.w.org\/{rel}","templated":true}]}}