{"id":2404,"date":"2024-01-05T01:58:57","date_gmt":"2024-01-05T00:58:57","guid":{"rendered":"https:\/\/arkanta.co\/co\/?post_type=product&#038;p=2404"},"modified":"2024-02-05T22:33:42","modified_gmt":"2024-02-05T21:33:42","slug":"cuadro-infantil-castillo-y-poni","status":"publish","type":"product","link":"https:\/\/arkanta.co\/co\/tienda-online\/cuadro-infantil-castillo-y-poni\/","title":{"rendered":"Cuadro Infantil Castillo y Poni"},"content":{"rendered":"<p><strong>Incluye:<\/strong> 1 set PONY CASTLE (Ref: R0035).<\/p>\n<p><strong>Color de la referencia: <\/strong>Impresi&oacute;n multicolor.<\/p>\n<p>&nbsp;<\/p>\n<p>Cuadro decorativo de pared. Mantiene sus caracter&iacute;sticas, incluso en paredes soleadas. Puedes instalarlo y desinstalarlo de forma f&aacute;cil.<\/p>\n<p>Env&iacute;o (terrestre) gratis a nivel nacional por compras superiores a $120.000. Realiza tus pagos de forma segura a trav&eacute;s de Mercado pago.<\/p>\n<p>Nuestros productos son fabricados en Colombia y est&aacute;n garantizados por defectos de fabricaci&oacute;n durante 1 a&ntilde;o. Ofrecemos 15 d&iacute;as de retractaci&oacute;n, por lo que puedes devolver el producto si no te ha convencido (aplican condiciones).<\/p>\n","protected":false},"excerpt":{"rendered":"<p>Cuadro decorativo Pony Castle. Retablo decorativo infantil con dise\u00f1o inspirado en la ternura y el m\u00e1gico mundo de los Pony. Este cuadro decorativo infantil incluye la ilustraci\u00f3n de un hermoso castillo y una hermosa pony rosa, sobre una suave nube. Este retablo infantil est\u00e1 elaborado en adhesivo sobre madeflex, lo que le brinda soporte y facilidad de manejo. Es perfecto para decorar la habitaci\u00f3n de tu peque\u00f1a princesa o habitaciones infantiles.<\/p>\n<p>Este cuadro decorativo infantil va muy bien en la ambientaci\u00f3n de guarder\u00edas, jardines infantiles, tiendas de ropa infantil y jugueter\u00edas.<\/p>\n","protected":false},"featured_media":2416,"comment_status":"open","ping_status":"closed","template":"","meta":{"_acf_changed":false,"_et_pb_use_builder":"","_et_pb_old_content":"","_et_gb_content_width":"","content-type":""},"product_brand":[],"product_cat":[64,62,65,66,17,63],"product_tag":[28,29,30],"class_list":{"0":"post-2404","1":"product","2":"type-product","3":"status-publish","4":"has-post-thumbnail","6":"product_cat-cuadros-de-animales","7":"product_cat-cuadros-decorativos","8":"product_cat-cuadros-infantiles","9":"product_cat-cuadros-para-bebes","10":"product_cat-decoracion-de-paredes","11":"product_cat-retablos","12":"product_tag-decoracion-infantil","13":"product_tag-decoracion-para-cuarto-de-bebe","14":"product_tag-decoracion-para-ninas","16":"first","17":"instock","18":"taxable","19":"shipping-taxable","20":"purchasable","21":"product-type-variable"},"acf":[],"_links":{"self":[{"href":"https:\/\/arkanta.co\/co\/wp-json\/wp\/v2\/product\/2404","targetHints":{"allow":["GET"]}}],"collection":[{"href":"https:\/\/arkanta.co\/co\/wp-json\/wp\/v2\/product"}],"about":[{"href":"https:\/\/arkanta.co\/co\/wp-json\/wp\/v2\/types\/product"}],"replies":[{"embeddable":true,"href":"https:\/\/arkanta.co\/co\/wp-json\/wp\/v2\/comments?post=2404"}],"wp:featuredmedia":[{"embeddable":true,"href":"https:\/\/arkanta.co\/co\/wp-json\/wp\/v2\/media\/2416"}],"wp:attachment":[{"href":"https:\/\/arkanta.co\/co\/wp-json\/wp\/v2\/media?parent=2404"}],"wp:term":[{"taxonomy":"product_brand","embeddable":true,"href":"https:\/\/arkanta.co\/co\/wp-json\/wp\/v2\/product_brand?post=2404"},{"taxonomy":"product_cat","embeddable":true,"href":"https:\/\/arkanta.co\/co\/wp-json\/wp\/v2\/product_cat?post=2404"},{"taxonomy":"product_tag","embeddable":true,"href":"https:\/\/arkanta.co\/co\/wp-json\/wp\/v2\/product_tag?post=2404"}],"curies":[{"name":"wp","href":"https:\/\/api.w.org\/{rel}","templated":true}]}}