{"id":2374,"date":"2024-01-05T01:58:31","date_gmt":"2024-01-05T00:58:31","guid":{"rendered":"https:\/\/arkanta.co\/co\/?post_type=product&#038;p=2374"},"modified":"2024-02-05T22:36:31","modified_gmt":"2024-02-05T21:36:31","slug":"cuadros-decorativos-animales-para-bebes","status":"publish","type":"product","link":"https:\/\/arkanta.co\/co\/tienda-online\/cuadros-decorativos-animales-para-bebes\/","title":{"rendered":"Cuadros Decorativos Animales para Beb\u00e9s"},"content":{"rendered":"<p><strong>Incluye:<\/strong> 1 set BABY BROWN ANIMALS (Ref: R0034).<\/p>\n<p><strong>Color de la referencia: <\/strong>Impresi&oacute;n multicolor.<\/p>\n<p>&nbsp;<\/p>\n<p>Cuadro decorativo de pared. Mantiene sus caracter&iacute;sticas, incluso en paredes soleadas. Puedes instalarlo y desinstalarlo de forma f&aacute;cil.<\/p>\n<p>Env&iacute;o (terrestre) gratis a nivel nacional por compras superiores a $120.000. Realiza tus pagos de forma segura a trav&eacute;s de Mercado pago.<\/p>\n<p>Nuestros productos son fabricados en Colombia y est&aacute;n garantizados por defectos de fabricaci&oacute;n durante 1 a&ntilde;o. Ofrecemos 15 d&iacute;as de retractaci&oacute;n, por lo que puedes devolver el producto si no te ha convencido (aplican condiciones).<\/p>\n","protected":false},"excerpt":{"rendered":"<p>Cuadros decorativos Baby Brown Animals. Composici\u00f3n elaborada a partir de cuatro retablos decorativos infantiles inspirados en los animales del bosque. Estos cuatro cuadros decorativos incluyen la ilustraci\u00f3n de dos osos, un zorro, un venado, rodeados por delicadas hojas verdes. Estos retablos infantiles de animales est\u00e1n impresos sobre madera, lo que le brinda soporte y facilidad de manejo. Son ideales para acompa\u00f1ar la decoraci\u00f3n de habitaciones infantiles y la habitaci\u00f3n del beb\u00e9. <\/p>\n<p>Estos cuadros infantiles acompa\u00f1an muy bien la ambientaci\u00f3n de guarder\u00edas, jardines infantiles, tiendas de ropa y accesorios para el beb\u00e9, consultorios de pediatr\u00eda y jugueter\u00edas.<\/p>\n","protected":false},"featured_media":2414,"comment_status":"open","ping_status":"closed","template":"","meta":{"_acf_changed":false,"_et_pb_use_builder":"","_et_pb_old_content":"","_et_gb_content_width":"","content-type":""},"product_brand":[],"product_cat":[64,62,65,66,17,63],"product_tag":[28,29,30,31],"class_list":{"0":"post-2374","1":"product","2":"type-product","3":"status-publish","4":"has-post-thumbnail","6":"product_cat-cuadros-de-animales","7":"product_cat-cuadros-decorativos","8":"product_cat-cuadros-infantiles","9":"product_cat-cuadros-para-bebes","10":"product_cat-decoracion-de-paredes","11":"product_cat-retablos","12":"product_tag-decoracion-infantil","13":"product_tag-decoracion-para-cuarto-de-bebe","14":"product_tag-decoracion-para-ninas","15":"product_tag-decoracion-para-ninos-varones","17":"first","18":"instock","19":"taxable","20":"shipping-taxable","21":"purchasable","22":"product-type-variable"},"acf":[],"_links":{"self":[{"href":"https:\/\/arkanta.co\/co\/wp-json\/wp\/v2\/product\/2374","targetHints":{"allow":["GET"]}}],"collection":[{"href":"https:\/\/arkanta.co\/co\/wp-json\/wp\/v2\/product"}],"about":[{"href":"https:\/\/arkanta.co\/co\/wp-json\/wp\/v2\/types\/product"}],"replies":[{"embeddable":true,"href":"https:\/\/arkanta.co\/co\/wp-json\/wp\/v2\/comments?post=2374"}],"wp:featuredmedia":[{"embeddable":true,"href":"https:\/\/arkanta.co\/co\/wp-json\/wp\/v2\/media\/2414"}],"wp:attachment":[{"href":"https:\/\/arkanta.co\/co\/wp-json\/wp\/v2\/media?parent=2374"}],"wp:term":[{"taxonomy":"product_brand","embeddable":true,"href":"https:\/\/arkanta.co\/co\/wp-json\/wp\/v2\/product_brand?post=2374"},{"taxonomy":"product_cat","embeddable":true,"href":"https:\/\/arkanta.co\/co\/wp-json\/wp\/v2\/product_cat?post=2374"},{"taxonomy":"product_tag","embeddable":true,"href":"https:\/\/arkanta.co\/co\/wp-json\/wp\/v2\/product_tag?post=2374"}],"curies":[{"name":"wp","href":"https:\/\/api.w.org\/{rel}","templated":true}]}}