{"id":235,"date":"2024-01-04T22:52:00","date_gmt":"2024-01-04T21:52:00","guid":{"rendered":"https:\/\/arkanta.co\/co\/?post_type=product&#038;p=235"},"modified":"2024-01-05T02:05:55","modified_gmt":"2024-01-05T01:05:55","slug":"vinilos-de-puntos-polka-dots-dorados","status":"publish","type":"product","link":"https:\/\/arkanta.co\/co\/tienda-online\/vinilos-de-puntos-polka-dots-dorados\/","title":{"rendered":"Vinilos de Puntos Polka Dots Dorados"},"content":{"rendered":"<p><strong>Incluye:<\/strong> 1 set GOLDEN POLKA DOTS (Ref: V0405) + Gu\u00eda de instalaci\u00f3n. <\/p>\n<p><strong>Medidas: <\/strong>200 x 250 cm (ancho x alto) <\/p>\n<p><strong>Color de la referencia: <\/strong>Dorado.<\/p>\n<p>&nbsp;<\/p>\n<p>Vinilo adhesivo de acabado mate, disponible en 29 colores. Puedes <em>personalizar<\/em> <em>el tama\u00f1o como prefieras.<\/em>.<\/p>\n<p> De <a href=\"https:\/\/b.link\/CIUV\" target=\"_blank\" rel=\"noopener\">f&aacute;cil instalaci&oacute;n<\/a>, es posible colocarlo en cualquier tipo de superficie lisa, excepto sobre pinturas aceitosas. Mantiene sus caracter\u00edsticas, incluso en paredes soleadas. Puedes desinstalarlo de forma f\u00e1cil.<\/p>\n<p>Env\u00edo (terrestre) gratis a nivel nacional para todos los productos de la tienda. Realiza tus pagos de forma segura a trav\u00e9s de Mercado pago.<\/p>\n<p> Nuestros vinilos son fabricados en Colombia y est\u00e1n garantizados por defectos de fabricaci\u00f3n o piezas faltantes durante 1 a\u00f1o. Ofrecemos 15 d\u00edas de retractaci\u00f3n, por lo que puedes devolver el producto si no te ha convencido (aplican condiciones).<\/p>\n","protected":false},"excerpt":{"rendered":"<p>Vinilo adhesivo Golden Polka Dots. Pieza decorativa estilo polka dots inspirada en el trabajo desarrollado por la artista Yayoi Kusama, reconocida mundialmente por el uso de patrones y lunares en la elaboraci\u00f3n de sus piezas art\u00edsticas. Incluye varios c\u00edrculos peque\u00f1os y un c\u00edrculo que puede ser personalizado con el nombre que dese\u00e9s. Este dise\u00f1o de vinilo decorativo por su versatilidad es ideal para decorar espacios infantiles o habitaciones juveniles.<\/p>\n<p>Este sticker va muy bien en la decoraci\u00f3n de jardines infantiles, guarder\u00edas, sala cunas, consultorios pedi\u00e1tricos, tiendas de ropa infantil, helader\u00edas y jugueter\u00edas.<\/p>\n","protected":false},"featured_media":2860,"comment_status":"open","ping_status":"closed","template":"","meta":{"_acf_changed":false,"_et_pb_use_builder":"","_et_pb_old_content":"","_et_gb_content_width":"","content-type":""},"product_brand":[],"product_cat":[17,27,18],"product_tag":[],"class_list":{"0":"post-235","1":"product","2":"type-product","3":"status-publish","4":"has-post-thumbnail","6":"product_cat-decoracion-de-paredes","7":"product_cat-vinilos-de-patrones","8":"product_cat-vinilos-decorativos-de-pared","10":"first","11":"instock","12":"taxable","13":"shipping-taxable","14":"purchasable","15":"product-type-simple"},"acf":[],"_links":{"self":[{"href":"https:\/\/arkanta.co\/co\/wp-json\/wp\/v2\/product\/235","targetHints":{"allow":["GET"]}}],"collection":[{"href":"https:\/\/arkanta.co\/co\/wp-json\/wp\/v2\/product"}],"about":[{"href":"https:\/\/arkanta.co\/co\/wp-json\/wp\/v2\/types\/product"}],"replies":[{"embeddable":true,"href":"https:\/\/arkanta.co\/co\/wp-json\/wp\/v2\/comments?post=235"}],"wp:featuredmedia":[{"embeddable":true,"href":"https:\/\/arkanta.co\/co\/wp-json\/wp\/v2\/media\/2860"}],"wp:attachment":[{"href":"https:\/\/arkanta.co\/co\/wp-json\/wp\/v2\/media?parent=235"}],"wp:term":[{"taxonomy":"product_brand","embeddable":true,"href":"https:\/\/arkanta.co\/co\/wp-json\/wp\/v2\/product_brand?post=235"},{"taxonomy":"product_cat","embeddable":true,"href":"https:\/\/arkanta.co\/co\/wp-json\/wp\/v2\/product_cat?post=235"},{"taxonomy":"product_tag","embeddable":true,"href":"https:\/\/arkanta.co\/co\/wp-json\/wp\/v2\/product_tag?post=235"}],"curies":[{"name":"wp","href":"https:\/\/api.w.org\/{rel}","templated":true}]}}