{"id":2343,"date":"2024-01-05T01:58:05","date_gmt":"2024-01-05T00:58:05","guid":{"rendered":"https:\/\/arkanta.co\/co\/?post_type=product&#038;p=2343"},"modified":"2024-02-05T22:45:47","modified_gmt":"2024-02-05T21:45:47","slug":"cuadro-futurista-mujer-del-espacio","status":"publish","type":"product","link":"https:\/\/arkanta.co\/co\/tienda-online\/cuadro-futurista-mujer-del-espacio\/","title":{"rendered":"Cuadro Futurista Mujer del Espacio"},"content":{"rendered":"<p><strong>Incluye:<\/strong> 1 set SPACE WOMAN (Ref: R0027).<\/p>\n<p><strong>Color de la referencia: <\/strong>Impresi&oacute;n multicolor.<\/p>\n<p>&nbsp;<\/p>\n<p>Cuadro decorativo de pared. Mantiene sus caracter&iacute;sticas, incluso en paredes soleadas. Puedes instalarlo y desinstalarlo de forma f&aacute;cil.<\/p>\n<p>Env&iacute;o (terrestre) gratis a nivel nacional por compras superiores a $120.000. Realiza tus pagos de forma segura a trav&eacute;s de Mercado pago.<\/p>\n<p>Nuestros productos son fabricados en Colombia y est&aacute;n garantizados por defectos de fabricaci&oacute;n durante 1 a&ntilde;o. Ofrecemos 15 d&iacute;as de retractaci&oacute;n, por lo que puedes devolver el producto si no te ha convencido (aplican condiciones).<\/p>\n","protected":false},"excerpt":{"rendered":"<p>Cuadro decorativo Space Woman. Retablo decorativo inspirado en el cyberpunk uno de los subg\u00e9neros de la ciencia ficci\u00f3n, el cual se caracteriza por un r\u00e1pido cambio tecnol\u00f3gico. Es una pieza art\u00edstica elaborada desde una perspectiva futurista, moderna y juvenil del cuerpo de una mujer. Este retablo est\u00e1 impreso sobre madera, lo que le brinda soporte y facilidad de manejo. Este cuadro decorativo es ideal para acompa\u00f1ar la decoraci\u00f3n de habitaciones juveniles. <\/p>\n<p>Este cuadro acompa\u00f1a muy bien la ambientaci\u00f3n de tiendas de ropa y accesorios juveniles, bares, tiendas de videojuegos, caf\u00e9s y restaurantes.<\/p>\n","protected":false},"featured_media":2354,"comment_status":"open","ping_status":"closed","template":"","meta":{"_acf_changed":false,"_et_pb_use_builder":"","_et_pb_old_content":"","_et_gb_content_width":"","content-type":""},"product_brand":[],"product_cat":[62,17,63],"product_tag":[20,21,22,23,24],"class_list":{"0":"post-2343","1":"product","2":"type-product","3":"status-publish","4":"has-post-thumbnail","6":"product_cat-cuadros-decorativos","7":"product_cat-decoracion-de-paredes","8":"product_cat-retablos","9":"product_tag-decoracion-de-comedores","10":"product_tag-decoracion-de-cuartos","11":"product_tag-decoracion-de-estudios-y-oficinas","12":"product_tag-decoracion-de-habitaciones-juveniles","13":"product_tag-decoracion-de-salas","15":"first","16":"instock","17":"taxable","18":"shipping-taxable","19":"purchasable","20":"product-type-variable"},"acf":[],"_links":{"self":[{"href":"https:\/\/arkanta.co\/co\/wp-json\/wp\/v2\/product\/2343","targetHints":{"allow":["GET"]}}],"collection":[{"href":"https:\/\/arkanta.co\/co\/wp-json\/wp\/v2\/product"}],"about":[{"href":"https:\/\/arkanta.co\/co\/wp-json\/wp\/v2\/types\/product"}],"replies":[{"embeddable":true,"href":"https:\/\/arkanta.co\/co\/wp-json\/wp\/v2\/comments?post=2343"}],"wp:featuredmedia":[{"embeddable":true,"href":"https:\/\/arkanta.co\/co\/wp-json\/wp\/v2\/media\/2354"}],"wp:attachment":[{"href":"https:\/\/arkanta.co\/co\/wp-json\/wp\/v2\/media?parent=2343"}],"wp:term":[{"taxonomy":"product_brand","embeddable":true,"href":"https:\/\/arkanta.co\/co\/wp-json\/wp\/v2\/product_brand?post=2343"},{"taxonomy":"product_cat","embeddable":true,"href":"https:\/\/arkanta.co\/co\/wp-json\/wp\/v2\/product_cat?post=2343"},{"taxonomy":"product_tag","embeddable":true,"href":"https:\/\/arkanta.co\/co\/wp-json\/wp\/v2\/product_tag?post=2343"}],"curies":[{"name":"wp","href":"https:\/\/api.w.org\/{rel}","templated":true}]}}