{"id":2342,"date":"2024-01-05T01:58:05","date_gmt":"2024-01-05T00:58:05","guid":{"rendered":"https:\/\/arkanta.co\/co\/?post_type=product&#038;p=2342"},"modified":"2024-02-05T22:56:56","modified_gmt":"2024-02-05T21:56:56","slug":"cuadro-decorativo-de-audrey-hepburn","status":"publish","type":"product","link":"https:\/\/arkanta.co\/co\/tienda-online\/cuadro-decorativo-de-audrey-hepburn\/","title":{"rendered":"Cuadro Decorativo de Audrey Hepburn"},"content":{"rendered":"<p><strong>Incluye:<\/strong> 1 set BUBBLE AUDREY (Ref: R0025).<\/p>\n<p><strong>Color de la referencia: <\/strong>Impresi&oacute;n multicolor.<\/p>\n<p>&nbsp;<\/p>\n<p>Cuadro decorativo de pared. Mantiene sus caracter&iacute;sticas, incluso en paredes soleadas. Puedes instalarlo y desinstalarlo de forma f&aacute;cil.<\/p>\n<p>Env&iacute;o (terrestre) gratis a nivel nacional por compras superiores a $120.000. Realiza tus pagos de forma segura a trav&eacute;s de Mercado pago.<\/p>\n<p>Nuestros productos son fabricados en Colombia y est&aacute;n garantizados por defectos de fabricaci&oacute;n durante 1 a&ntilde;o. Ofrecemos 15 d&iacute;as de retractaci&oacute;n, por lo que puedes devolver el producto si no te ha convencido (aplican condiciones).<\/p>\n","protected":false},"excerpt":{"rendered":"<p>Cuadro decorativo Bubble Audrey. Retablo decorativo juvenil que est\u00e1 inspirado en el artista Michael Moebius. Es una modificaci\u00f3n art\u00edstica al rostro en sepia de Audrey Hepburn, mundialmente reconocida como un \u00edcono de la feminidad. Este retablo est\u00e1 impreso sobre madera, lo que le brinda soporte y facilidad de manejo. Es ideal como cuadro decorativo para sala, comedor o habitaciones juveniles.<\/p>\n<p>Es un retablo decorativo que acompa\u00f1a muy bien la ambientaci\u00f3n de centros de est\u00e9tica, peluquer\u00edas, tiendas de ropa y accesorios juveniles, caf\u00e9s y restaurantes.<\/p>\n","protected":false},"featured_media":2352,"comment_status":"open","ping_status":"closed","template":"","meta":{"_acf_changed":false,"_et_pb_use_builder":"","_et_pb_old_content":"","_et_gb_content_width":"","content-type":""},"product_brand":[],"product_cat":[62,17,63],"product_tag":[20,21,23,24],"class_list":{"0":"post-2342","1":"product","2":"type-product","3":"status-publish","4":"has-post-thumbnail","6":"product_cat-cuadros-decorativos","7":"product_cat-decoracion-de-paredes","8":"product_cat-retablos","9":"product_tag-decoracion-de-comedores","10":"product_tag-decoracion-de-cuartos","11":"product_tag-decoracion-de-habitaciones-juveniles","12":"product_tag-decoracion-de-salas","14":"first","15":"instock","16":"taxable","17":"shipping-taxable","18":"purchasable","19":"product-type-variable"},"acf":[],"_links":{"self":[{"href":"https:\/\/arkanta.co\/co\/wp-json\/wp\/v2\/product\/2342","targetHints":{"allow":["GET"]}}],"collection":[{"href":"https:\/\/arkanta.co\/co\/wp-json\/wp\/v2\/product"}],"about":[{"href":"https:\/\/arkanta.co\/co\/wp-json\/wp\/v2\/types\/product"}],"replies":[{"embeddable":true,"href":"https:\/\/arkanta.co\/co\/wp-json\/wp\/v2\/comments?post=2342"}],"wp:featuredmedia":[{"embeddable":true,"href":"https:\/\/arkanta.co\/co\/wp-json\/wp\/v2\/media\/2352"}],"wp:attachment":[{"href":"https:\/\/arkanta.co\/co\/wp-json\/wp\/v2\/media?parent=2342"}],"wp:term":[{"taxonomy":"product_brand","embeddable":true,"href":"https:\/\/arkanta.co\/co\/wp-json\/wp\/v2\/product_brand?post=2342"},{"taxonomy":"product_cat","embeddable":true,"href":"https:\/\/arkanta.co\/co\/wp-json\/wp\/v2\/product_cat?post=2342"},{"taxonomy":"product_tag","embeddable":true,"href":"https:\/\/arkanta.co\/co\/wp-json\/wp\/v2\/product_tag?post=2342"}],"curies":[{"name":"wp","href":"https:\/\/api.w.org\/{rel}","templated":true}]}}