{"id":23,"date":"2024-01-04T22:49:29","date_gmt":"2024-01-04T21:49:29","guid":{"rendered":"https:\/\/arkanta.co\/co\/?post_type=product&#038;p=23"},"modified":"2024-05-05T05:08:05","modified_gmt":"2024-05-05T03:08:05","slug":"vinilo-motivacional-un-trabajo-que-te-guste","status":"publish","type":"product","link":"https:\/\/arkanta.co\/co\/tienda-online\/vinilo-motivacional-un-trabajo-que-te-guste\/","title":{"rendered":"Vinilo Un Trabajo Que Te Guste"},"content":{"rendered":"<p><strong>Incluye:<\/strong> 1 set UN TRABAJO QUE TE GUSTE (Ref: V0004) + Gu\u00eda de instalaci\u00f3n.<\/p>\n<p><strong>Color de la referencia: <\/strong>Negro.<\/p>\n<p>&nbsp;<\/p>\n<p>Vinilo adhesivo de acabado mate. Puedes <em>personalizar<\/em> <em>los textos y el tama\u00f1o como prefieras<\/em>.<\/p>\n<p>De <a href=\"https:\/\/b.link\/CIUV\" target=\"_blank\" rel=\"noopener\">f\u00e1cil instalaci\u00f3n<\/a>, es posible colocarlo en cualquier tipo de superficie lisa, excepto sobre pinturas aceitosas. Mantiene sus caracter\u00edsticas, incluso en paredes soleadas. Puedes desinstalarlo de forma f\u00e1cil.<\/p>\n<p>Env\u00edo (terrestre) gratis a nivel nacional para todos los productos de la tienda. Realiza tus pagos de forma segura a trav\u00e9s de Mercado pago.<\/p>\n<p>Nuestros vinilos son fabricados en Colombia y est\u00e1n garantizados por defectos de fabricaci\u00f3n o piezas faltantes durante 1 a\u00f1o. Ofrecemos 15 d\u00edas de retractaci\u00f3n, por lo que puedes devolver el producto si no te ha convencido (aplican condiciones).<\/p>\n","protected":false},"excerpt":{"rendered":"<p>Vinilo adhesivo con texto para decorar la pared. Es un dise\u00f1o que juega con varias tipograf\u00edas y elementos de dise\u00f1o para transmitir un mensaje inspirador. Es ideal para decorar espacios tipo home office, habitaciones o \u00e1reas de estudio en el hogar para generar un ambiente m\u00e1s productivo y agradable.<\/p>\n<p>Este vinilo con texto funciona genial tambi\u00e9n para decorar espacios comerciales como caf\u00e9s, restaurantes, oficinas o \u00e1reas de coworking.<\/p>\n","protected":false},"featured_media":51,"comment_status":"open","ping_status":"closed","template":"","meta":{"_acf_changed":false,"_et_pb_use_builder":"","_et_pb_old_content":"","_et_gb_content_width":"","content-type":""},"product_brand":[],"product_cat":[17,19,18],"product_tag":[20,22,23,24],"class_list":{"0":"post-23","1":"product","2":"type-product","3":"status-publish","4":"has-post-thumbnail","6":"product_cat-decoracion-de-paredes","7":"product_cat-textos-y-frases","8":"product_cat-vinilos-decorativos-de-pared","9":"product_tag-decoracion-de-comedores","10":"product_tag-decoracion-de-estudios-y-oficinas","11":"product_tag-decoracion-de-habitaciones-juveniles","12":"product_tag-decoracion-de-salas","14":"first","15":"instock","16":"taxable","17":"shipping-taxable","18":"purchasable","19":"product-type-variable"},"acf":[],"_links":{"self":[{"href":"https:\/\/arkanta.co\/co\/wp-json\/wp\/v2\/product\/23","targetHints":{"allow":["GET"]}}],"collection":[{"href":"https:\/\/arkanta.co\/co\/wp-json\/wp\/v2\/product"}],"about":[{"href":"https:\/\/arkanta.co\/co\/wp-json\/wp\/v2\/types\/product"}],"replies":[{"embeddable":true,"href":"https:\/\/arkanta.co\/co\/wp-json\/wp\/v2\/comments?post=23"}],"wp:featuredmedia":[{"embeddable":true,"href":"https:\/\/arkanta.co\/co\/wp-json\/wp\/v2\/media\/51"}],"wp:attachment":[{"href":"https:\/\/arkanta.co\/co\/wp-json\/wp\/v2\/media?parent=23"}],"wp:term":[{"taxonomy":"product_brand","embeddable":true,"href":"https:\/\/arkanta.co\/co\/wp-json\/wp\/v2\/product_brand?post=23"},{"taxonomy":"product_cat","embeddable":true,"href":"https:\/\/arkanta.co\/co\/wp-json\/wp\/v2\/product_cat?post=23"},{"taxonomy":"product_tag","embeddable":true,"href":"https:\/\/arkanta.co\/co\/wp-json\/wp\/v2\/product_tag?post=23"}],"curies":[{"name":"wp","href":"https:\/\/api.w.org\/{rel}","templated":true}]}}