{"id":2289,"date":"2024-01-05T01:57:18","date_gmt":"2024-01-05T00:57:18","guid":{"rendered":"https:\/\/arkanta.co\/co\/?post_type=product&#038;p=2289"},"modified":"2024-02-05T23:06:34","modified_gmt":"2024-02-05T22:06:34","slug":"cuadro-abstracto-cielo-con-nubes","status":"publish","type":"product","link":"https:\/\/arkanta.co\/co\/tienda-online\/cuadro-abstracto-cielo-con-nubes\/","title":{"rendered":"Cuadro Abstracto Cielo con Nubes"},"content":{"rendered":"<p><strong>Incluye:<\/strong> 1 set BLUE SKY (Ref: R0018).<\/p>\n<p><strong>Color de la referencia: <\/strong>Impresi\u00f3n multicolor.<\/p>\n<p>&nbsp;<\/p>\n<p>Cuadro decorativo de pared. Mantiene sus caracter\u00edsticas, incluso en paredes soleadas. Puedes instalarlo y desinstalarlo de forma f\u00e1cil.<\/p>\n<p>Env\u00edo (terrestre) gratis a nivel nacional por compras superiores a $120.000. Realiza tus pagos de forma segura a trav\u00e9s de Mercado pago.<\/p>\n<p>Nuestros productos son fabricados en Colombia y est\u00e1n garantizados por defectos de fabricaci\u00f3n durante 1 a\u00f1o. Ofrecemos 15 d\u00edas de retractaci\u00f3n, por lo que puedes devolver el producto si no te ha convencido (aplican condiciones).<\/p>\n","protected":false},"excerpt":{"rendered":"<p>Cuadro decorativo Sky. Retablo decorativo con dise\u00f1o de paisaje abstracto, hermosa composici\u00f3n art\u00edstica en la que se contempla un peque\u00f1o avi\u00f3n atravesando la inmensidad cielo. Es un cuadro decorativo perfecto para crear espacios relajantes y frescos en el hogar. Es ideal para decorar salas, comedores, \u00e1reas de estudio y trabajo.<\/p>\n<p>Este cuadro decorativo va muy bien en la ambientaci\u00f3n de oficinas, salas de espera, recepciones, caf\u00e9s y restaurantes.<\/p>\n","protected":false},"featured_media":2313,"comment_status":"closed","ping_status":"closed","template":"","meta":{"_acf_changed":false,"_et_pb_use_builder":"","_et_pb_old_content":"","_et_gb_content_width":"","content-type":""},"product_brand":[],"product_cat":[62,17,63],"product_tag":[20,22,24],"class_list":{"0":"post-2289","1":"product","2":"type-product","3":"status-publish","4":"has-post-thumbnail","6":"product_cat-cuadros-decorativos","7":"product_cat-decoracion-de-paredes","8":"product_cat-retablos","9":"product_tag-decoracion-de-comedores","10":"product_tag-decoracion-de-estudios-y-oficinas","11":"product_tag-decoracion-de-salas","13":"first","14":"instock","15":"taxable","16":"shipping-taxable","17":"purchasable","18":"product-type-variable"},"acf":[],"_links":{"self":[{"href":"https:\/\/arkanta.co\/co\/wp-json\/wp\/v2\/product\/2289","targetHints":{"allow":["GET"]}}],"collection":[{"href":"https:\/\/arkanta.co\/co\/wp-json\/wp\/v2\/product"}],"about":[{"href":"https:\/\/arkanta.co\/co\/wp-json\/wp\/v2\/types\/product"}],"replies":[{"embeddable":true,"href":"https:\/\/arkanta.co\/co\/wp-json\/wp\/v2\/comments?post=2289"}],"wp:featuredmedia":[{"embeddable":true,"href":"https:\/\/arkanta.co\/co\/wp-json\/wp\/v2\/media\/2313"}],"wp:attachment":[{"href":"https:\/\/arkanta.co\/co\/wp-json\/wp\/v2\/media?parent=2289"}],"wp:term":[{"taxonomy":"product_brand","embeddable":true,"href":"https:\/\/arkanta.co\/co\/wp-json\/wp\/v2\/product_brand?post=2289"},{"taxonomy":"product_cat","embeddable":true,"href":"https:\/\/arkanta.co\/co\/wp-json\/wp\/v2\/product_cat?post=2289"},{"taxonomy":"product_tag","embeddable":true,"href":"https:\/\/arkanta.co\/co\/wp-json\/wp\/v2\/product_tag?post=2289"}],"curies":[{"name":"wp","href":"https:\/\/api.w.org\/{rel}","templated":true}]}}