{"id":2237,"date":"2024-01-05T01:56:52","date_gmt":"2024-01-05T00:56:52","guid":{"rendered":"https:\/\/arkanta.co\/co\/?post_type=product&#038;p=2237"},"modified":"2024-02-05T23:11:20","modified_gmt":"2024-02-05T22:11:20","slug":"cuadro-decorativo-de-salvador-dali","status":"publish","type":"product","link":"https:\/\/arkanta.co\/co\/tienda-online\/cuadro-decorativo-de-salvador-dali\/","title":{"rendered":"Cuadro Decorativo de Salvador Dal\u00ed"},"content":{"rendered":"<p><strong>Incluye:<\/strong> 1 set DAL\u00cd (Ref: R0010).<\/p>\n<p><strong>Color de la referencia: <\/strong>Impresi&oacute;n multicolor.<\/p>\n<p>&nbsp;<\/p>\n<p>Cuadro decorativo de pared. Mantiene sus caracter&iacute;sticas, incluso en paredes soleadas. Puedes instalarlo y desinstalarlo de forma f&aacute;cil.<\/p>\n<p>Env&iacute;o (terrestre) gratis a nivel nacional por compras superiores a $120.000. Realiza tus pagos de forma segura a trav&eacute;s de Mercado pago.<\/p>\n<p>Nuestros productos son fabricados en Colombia y est&aacute;n garantizados por defectos de fabricaci&oacute;n durante 1 a&ntilde;o. Ofrecemos 15 d&iacute;as de retractaci&oacute;n, por lo que puedes devolver el producto si no te ha convencido (aplican condiciones).<\/p>\n","protected":false},"excerpt":{"rendered":"<p>Cuadro decorativo Dal\u00ed. Retablo decorativo inspirado en el trabajo de Fab Ciraolo, artista chileno, reconocido por la combinaci\u00f3n de elementos del mundo de la cultura pop con aspectos de ciencia ficci\u00f3n y atm\u00f3sferas, en muchos casos psicod\u00e9licas. Ilustraci\u00f3n llena de personalidad y autenticidad, en la que se recrea una versi\u00f3n rockstar de Salvador Dal\u00ed acompa\u00f1ada con elementos florales tipo vintage. Este retablo est\u00e1 impreso sobre madera, lo que le brinda soporte y facilidad de manejo. Es ideal como cuadro decorativo para sala, comedor o habitaciones juveniles.<\/p>\n<p>Este cuadro decorativo va muy bien en academias de arte, peluquer\u00edas, tiendas de ropa y accesorios juveniles, caf\u00e9s y restaurantes.<\/p>\n","protected":false},"featured_media":2261,"comment_status":"open","ping_status":"closed","template":"","meta":{"_acf_changed":false,"_et_pb_use_builder":"","_et_pb_old_content":"","_et_gb_content_width":"","content-type":""},"product_brand":[],"product_cat":[62,17,63],"product_tag":[20,21,22,23,24],"class_list":{"0":"post-2237","1":"product","2":"type-product","3":"status-publish","4":"has-post-thumbnail","6":"product_cat-cuadros-decorativos","7":"product_cat-decoracion-de-paredes","8":"product_cat-retablos","9":"product_tag-decoracion-de-comedores","10":"product_tag-decoracion-de-cuartos","11":"product_tag-decoracion-de-estudios-y-oficinas","12":"product_tag-decoracion-de-habitaciones-juveniles","13":"product_tag-decoracion-de-salas","15":"first","16":"instock","17":"taxable","18":"shipping-taxable","19":"purchasable","20":"product-type-variable"},"acf":[],"_links":{"self":[{"href":"https:\/\/arkanta.co\/co\/wp-json\/wp\/v2\/product\/2237","targetHints":{"allow":["GET"]}}],"collection":[{"href":"https:\/\/arkanta.co\/co\/wp-json\/wp\/v2\/product"}],"about":[{"href":"https:\/\/arkanta.co\/co\/wp-json\/wp\/v2\/types\/product"}],"replies":[{"embeddable":true,"href":"https:\/\/arkanta.co\/co\/wp-json\/wp\/v2\/comments?post=2237"}],"wp:featuredmedia":[{"embeddable":true,"href":"https:\/\/arkanta.co\/co\/wp-json\/wp\/v2\/media\/2261"}],"wp:attachment":[{"href":"https:\/\/arkanta.co\/co\/wp-json\/wp\/v2\/media?parent=2237"}],"wp:term":[{"taxonomy":"product_brand","embeddable":true,"href":"https:\/\/arkanta.co\/co\/wp-json\/wp\/v2\/product_brand?post=2237"},{"taxonomy":"product_cat","embeddable":true,"href":"https:\/\/arkanta.co\/co\/wp-json\/wp\/v2\/product_cat?post=2237"},{"taxonomy":"product_tag","embeddable":true,"href":"https:\/\/arkanta.co\/co\/wp-json\/wp\/v2\/product_tag?post=2237"}],"curies":[{"name":"wp","href":"https:\/\/api.w.org\/{rel}","templated":true}]}}