{"id":2236,"date":"2024-01-05T01:56:52","date_gmt":"2024-01-05T00:56:52","guid":{"rendered":"https:\/\/arkanta.co\/co\/?post_type=product&#038;p=2236"},"modified":"2024-02-05T23:16:40","modified_gmt":"2024-02-05T22:16:40","slug":"cuadro-de-flores-estilo-abstracto","status":"publish","type":"product","link":"https:\/\/arkanta.co\/co\/tienda-online\/cuadro-de-flores-estilo-abstracto\/","title":{"rendered":"Cuadro de Flores Estilo Abstracto"},"content":{"rendered":"<p><strong>Incluye:<\/strong> 1 set ABSTRACT FLOWERS (Ref: R0009).<\/p>\n<p><strong>Color de la referencia: <\/strong>Impresi&oacute;n multicolor.<\/p>\n<p>&nbsp;<\/p>\n<p>Cuadro decorativo de pared. Mantiene sus caracter&iacute;sticas, incluso en paredes soleadas. Puedes instalarlo y desinstalarlo de forma f&aacute;cil.<\/p>\n<p>Env&iacute;o (terrestre) gratis a nivel nacional por compras superiores a $120.000. Realiza tus pagos de forma segura a trav&eacute;s de Mercado pago.<\/p>\n<p>Nuestros productos son fabricados en Colombia y est&aacute;n garantizados por defectos de fabricaci&oacute;n durante 1 a&ntilde;o. Ofrecemos 15 d&iacute;as de retractaci&oacute;n, por lo que puedes devolver el producto si no te ha convencido (aplican condiciones).<\/p>\n","protected":false},"excerpt":{"rendered":"<p>Cuadro decorativo Abstract Flowers. Retablo decorativo con dise\u00f1o de naturaleza abstracta, incluye la ilustraci\u00f3n de diferentes p\u00e9talos de flores con estilo acuarela. Es un cuadro decorativo que imprime un aire floral y relajante en los diferentes espacios del hogar. Es ideal para decorar salas, comedores y habitaciones principales.<\/p>\n<p>Este retablo floral va muy bien en la ambientaci\u00f3n de centros de est\u00e9tica, florister\u00edas, peluquer\u00edas, caf\u00e9s y restaurantes.<\/p>\n","protected":false},"featured_media":2259,"comment_status":"open","ping_status":"closed","template":"","meta":{"_acf_changed":false,"_et_pb_use_builder":"","_et_pb_old_content":"","_et_gb_content_width":"","content-type":""},"product_brand":[],"product_cat":[67,68,62,17,63],"product_tag":[20,21,22,24],"class_list":{"0":"post-2236","1":"product","2":"type-product","3":"status-publish","4":"has-post-thumbnail","6":"product_cat-cuadros-de-acuarelas","7":"product_cat-cuadros-de-flores","8":"product_cat-cuadros-decorativos","9":"product_cat-decoracion-de-paredes","10":"product_cat-retablos","11":"product_tag-decoracion-de-comedores","12":"product_tag-decoracion-de-cuartos","13":"product_tag-decoracion-de-estudios-y-oficinas","14":"product_tag-decoracion-de-salas","16":"first","17":"instock","18":"taxable","19":"shipping-taxable","20":"purchasable","21":"product-type-variable"},"acf":[],"_links":{"self":[{"href":"https:\/\/arkanta.co\/co\/wp-json\/wp\/v2\/product\/2236","targetHints":{"allow":["GET"]}}],"collection":[{"href":"https:\/\/arkanta.co\/co\/wp-json\/wp\/v2\/product"}],"about":[{"href":"https:\/\/arkanta.co\/co\/wp-json\/wp\/v2\/types\/product"}],"replies":[{"embeddable":true,"href":"https:\/\/arkanta.co\/co\/wp-json\/wp\/v2\/comments?post=2236"}],"wp:featuredmedia":[{"embeddable":true,"href":"https:\/\/arkanta.co\/co\/wp-json\/wp\/v2\/media\/2259"}],"wp:attachment":[{"href":"https:\/\/arkanta.co\/co\/wp-json\/wp\/v2\/media?parent=2236"}],"wp:term":[{"taxonomy":"product_brand","embeddable":true,"href":"https:\/\/arkanta.co\/co\/wp-json\/wp\/v2\/product_brand?post=2236"},{"taxonomy":"product_cat","embeddable":true,"href":"https:\/\/arkanta.co\/co\/wp-json\/wp\/v2\/product_cat?post=2236"},{"taxonomy":"product_tag","embeddable":true,"href":"https:\/\/arkanta.co\/co\/wp-json\/wp\/v2\/product_tag?post=2236"}],"curies":[{"name":"wp","href":"https:\/\/api.w.org\/{rel}","templated":true}]}}