{"id":2213,"date":"2024-01-05T01:56:26","date_gmt":"2024-01-05T00:56:26","guid":{"rendered":"https:\/\/arkanta.co\/co\/?post_type=product&#038;p=2213"},"modified":"2024-02-05T23:19:47","modified_gmt":"2024-02-05T22:19:47","slug":"cuadro-decorativo-infantil-del-principito","status":"publish","type":"product","link":"https:\/\/arkanta.co\/co\/tienda-online\/cuadro-decorativo-infantil-del-principito\/","title":{"rendered":"Cuadro Decorativo Infantil del Principito"},"content":{"rendered":"<p><strong>Incluye:<\/strong> 1 set NIGHT PRINCE (Ref: R0004).<\/p>\n<p><strong>Color de la referencia: <\/strong>Impresi&oacute;n multicolor.<\/p>\n<p>&nbsp;<\/p>\n<p>Cuadro decorativo de pared. Mantiene sus caracter&iacute;sticas, incluso en paredes soleadas. Puedes instalarlo y desinstalarlo de forma f&aacute;cil.<\/p>\n<p>Env&iacute;o (terrestre) gratis a nivel nacional por compras superiores a $120.000. Realiza tus pagos de forma segura a trav&eacute;s de Mercado pago.<\/p>\n<p>Nuestros productos son fabricados en Colombia y est&aacute;n garantizados por defectos de fabricaci&oacute;n durante 1 a&ntilde;o. Ofrecemos 15 d&iacute;as de retractaci&oacute;n, por lo que puedes devolver el producto si no te ha convencido (aplican condiciones).<\/p>\n","protected":false},"excerpt":{"rendered":"<p>Cuadro Decorativo Night Friends. Delicado retablo infantil elaborado en adhesivo sobre madeflex, esta pieza decorativa est\u00e1 inspirada en la reconocida obra El Principito, del autor St Exupery. Este cautivador dise\u00f1o rodeado de varias estrellas, ayuda a fomentar en los ni\u00f1os la imaginaci\u00f3n, ilusi\u00f3n y amistad. Este cuadro decorativo para habitaci\u00f3n infantil, es ideal para a\u00f1adir un toque \u00fanico y delicado a la decoraci\u00f3n del dormitorio de tus hijos. <\/p>\n<p>Este cuadro decorativo infantil complementa muy bien la decoraci\u00f3n de tiendas de juguetes, guarder\u00edas, bibliotecas y librer\u00edas infantiles.<\/p>\n","protected":false},"featured_media":2220,"comment_status":"open","ping_status":"closed","template":"","meta":{"_acf_changed":false,"_et_pb_use_builder":"","_et_pb_old_content":"","_et_gb_content_width":"","content-type":""},"product_brand":[],"product_cat":[64,62,65,66,17,63],"product_tag":[28,29,30,31],"class_list":{"0":"post-2213","1":"product","2":"type-product","3":"status-publish","4":"has-post-thumbnail","6":"product_cat-cuadros-de-animales","7":"product_cat-cuadros-decorativos","8":"product_cat-cuadros-infantiles","9":"product_cat-cuadros-para-bebes","10":"product_cat-decoracion-de-paredes","11":"product_cat-retablos","12":"product_tag-decoracion-infantil","13":"product_tag-decoracion-para-cuarto-de-bebe","14":"product_tag-decoracion-para-ninas","15":"product_tag-decoracion-para-ninos-varones","17":"first","18":"instock","19":"taxable","20":"shipping-taxable","21":"purchasable","22":"product-type-variable"},"acf":[],"_links":{"self":[{"href":"https:\/\/arkanta.co\/co\/wp-json\/wp\/v2\/product\/2213","targetHints":{"allow":["GET"]}}],"collection":[{"href":"https:\/\/arkanta.co\/co\/wp-json\/wp\/v2\/product"}],"about":[{"href":"https:\/\/arkanta.co\/co\/wp-json\/wp\/v2\/types\/product"}],"replies":[{"embeddable":true,"href":"https:\/\/arkanta.co\/co\/wp-json\/wp\/v2\/comments?post=2213"}],"wp:featuredmedia":[{"embeddable":true,"href":"https:\/\/arkanta.co\/co\/wp-json\/wp\/v2\/media\/2220"}],"wp:attachment":[{"href":"https:\/\/arkanta.co\/co\/wp-json\/wp\/v2\/media?parent=2213"}],"wp:term":[{"taxonomy":"product_brand","embeddable":true,"href":"https:\/\/arkanta.co\/co\/wp-json\/wp\/v2\/product_brand?post=2213"},{"taxonomy":"product_cat","embeddable":true,"href":"https:\/\/arkanta.co\/co\/wp-json\/wp\/v2\/product_cat?post=2213"},{"taxonomy":"product_tag","embeddable":true,"href":"https:\/\/arkanta.co\/co\/wp-json\/wp\/v2\/product_tag?post=2213"}],"curies":[{"name":"wp","href":"https:\/\/api.w.org\/{rel}","templated":true}]}}