{"id":213,"date":"2024-01-04T22:51:35","date_gmt":"2024-01-04T21:51:35","guid":{"rendered":"https:\/\/arkanta.co\/co\/?post_type=product&#038;p=213"},"modified":"2024-01-04T22:52:23","modified_gmt":"2024-01-04T21:52:23","slug":"vinilo-decorativo-de-azulejos-almada","status":"publish","type":"product","link":"https:\/\/arkanta.co\/co\/tienda-online\/vinilo-decorativo-de-azulejos-almada\/","title":{"rendered":"Vinilo Decorativo de Azulejos Almada"},"content":{"rendered":"<p><strong>Incluye:<\/strong> 1 set AZULEJOS ALMADA (Ref: V0034) + Gu\u00eda de instalaci\u00f3n. <\/p>\n<p><strong>Color de la referencia: <\/strong>Impresi\u00f3n multicolor.<\/p>\n<p>&nbsp;<\/p>\n<p>Fotomural adhesivo de acabado mate. Puedes <em>personalizar<\/em> <em>el tama\u00f1o como prefieras.<\/em>.<\/p>\n<p> De <a href=\"https:\/\/b.link\/CIUV\" target=\"_blank\" rel=\"noopener\">f&aacute;cil instalaci&oacute;n<\/a>, es posible colocarlo en cualquier tipo de superficie lisa, excepto sobre pinturas aceitosas. Mantiene sus caracter\u00edsticas, incluso en paredes soleadas. Puedes desinstalarlo de forma f\u00e1cil.<\/p>\n<p>Env\u00edo (terrestre) gratis a nivel nacional para todos los productos de la tienda. Realiza tus pagos de forma segura a trav\u00e9s de Mercado pago.<\/p>\n<p> Nuestros vinilos son fabricados en Colombia y est\u00e1n garantizados por defectos de fabricaci\u00f3n o piezas faltantes durante 1 a\u00f1o. Ofrecemos 15 d\u00edas de retractaci\u00f3n, por lo que puedes devolver el producto si no te ha convencido (aplican condiciones).<\/p>\n","protected":false},"excerpt":{"rendered":"<p>Vinilo adhesivo tipo azulejo Almada. Este vinilo de impresi\u00f3n con corte de estilo Portugu\u00e9s, cuenta con diferentes dise\u00f1os de arabescos en una combinaci\u00f3n de tonalidades azules. Su material hace que sean resistentes a la humedad y que sean lavables, por lo que son perfectas para decorar las paredes de ba\u00f1os o como salpicadero en las cocinas. <\/p>\n<p>Puedes utilizar este dise\u00f1o de vinilo para baldosas en la ambientaci\u00f3n de spas, restaurantes o locales comerciales de productos artesanales. Los elementos vienen por separado, as\u00ed que puedes crear nuevos patrones en tu dise\u00f1o y ajustarlos a tu espacio.<\/p>\n","protected":false},"featured_media":222,"comment_status":"open","ping_status":"closed","template":"","meta":{"_acf_changed":false,"_et_pb_use_builder":"","_et_pb_old_content":"","_et_gb_content_width":"","content-type":""},"product_brand":[],"product_cat":[40,17,18,41,42],"product_tag":[43,32],"class_list":{"0":"post-213","1":"product","2":"type-product","3":"status-publish","4":"has-post-thumbnail","6":"product_cat-azulejos-adhesivos","7":"product_cat-decoracion-de-paredes","8":"product_cat-vinilos-decorativos-de-pared","9":"product_cat-vinilos-para-escaleras","10":"product_cat-vinilos-para-muebles","11":"product_tag-decoracion-de-banos","12":"product_tag-decoracion-de-cocinas","14":"first","15":"instock","16":"taxable","17":"shipping-taxable","18":"purchasable","19":"product-type-variable"},"acf":[],"_links":{"self":[{"href":"https:\/\/arkanta.co\/co\/wp-json\/wp\/v2\/product\/213","targetHints":{"allow":["GET"]}}],"collection":[{"href":"https:\/\/arkanta.co\/co\/wp-json\/wp\/v2\/product"}],"about":[{"href":"https:\/\/arkanta.co\/co\/wp-json\/wp\/v2\/types\/product"}],"replies":[{"embeddable":true,"href":"https:\/\/arkanta.co\/co\/wp-json\/wp\/v2\/comments?post=213"}],"wp:featuredmedia":[{"embeddable":true,"href":"https:\/\/arkanta.co\/co\/wp-json\/wp\/v2\/media\/222"}],"wp:attachment":[{"href":"https:\/\/arkanta.co\/co\/wp-json\/wp\/v2\/media?parent=213"}],"wp:term":[{"taxonomy":"product_brand","embeddable":true,"href":"https:\/\/arkanta.co\/co\/wp-json\/wp\/v2\/product_brand?post=213"},{"taxonomy":"product_cat","embeddable":true,"href":"https:\/\/arkanta.co\/co\/wp-json\/wp\/v2\/product_cat?post=213"},{"taxonomy":"product_tag","embeddable":true,"href":"https:\/\/arkanta.co\/co\/wp-json\/wp\/v2\/product_tag?post=213"}],"curies":[{"name":"wp","href":"https:\/\/api.w.org\/{rel}","templated":true}]}}