{"id":212,"date":"2024-01-04T22:51:35","date_gmt":"2024-01-04T21:51:35","guid":{"rendered":"https:\/\/arkanta.co\/co\/?post_type=product&#038;p=212"},"modified":"2024-11-09T12:55:04","modified_gmt":"2024-11-09T11:55:04","slug":"vinilo-de-frases-motivadoras-perdona-y-olvida","status":"publish","type":"product","link":"https:\/\/arkanta.co\/co\/tienda-online\/vinilo-de-frases-motivadoras-perdona-y-olvida\/","title":{"rendered":"Vinilo de Frases Motivadoras Perdona y Olvida"},"content":{"rendered":"<p><strong>Incluye:<\/strong> 1 set PERDONA Y OLVIDA (Ref: V0031) + Gu\u00eda de instalaci\u00f3n. <\/p>\n<p><strong>Color de la referencia: <\/strong>Negro.<\/p>\n<p>&nbsp;<\/p>\n<p>Vinilo adhesivo de acabado mate, disponible en 29 colores. Puedes <em>personalizar<\/em> <em>los textos y el tama\u00f1o como prefieras<\/em>. <\/p>\n<p> De <a href=\"https:\/\/b.link\/CIUV\" target=\"_blank\" rel=\"noopener\">f&aacute;cil instalaci&oacute;n<\/a>, es posible colocarlo en cualquier tipo de superficie lisa, excepto sobre pinturas aceitosas. Mantiene sus caracter\u00edsticas, incluso en paredes soleadas. Puedes desinstalarlo de forma f\u00e1cil.<\/p>\n<p>Env\u00edo (terrestre) gratis a nivel nacional para todos los productos de la tienda. Realiza tus pagos de forma segura a trav\u00e9s de Mercado pago.<\/p>\n<p> Nuestros vinilos son fabricados en Colombia y est\u00e1n garantizados por defectos de fabricaci\u00f3n o piezas faltantes durante 1 a\u00f1o. Ofrecemos 15 d\u00edas de retractaci\u00f3n, por lo que puedes devolver el producto si no te ha convencido (aplican condiciones).<\/p>\n","protected":false},"excerpt":{"rendered":"<p>Vinilo adhesivo de texto Perdona y Olvida. Este dise\u00f1o de texto personalizado incluye varias frases motivadoras: <\/p>\n<p>\u201dPerdona y olvida; escucha, comprende y aprende; aprecia y agradece; duerme menos y sue\u00f1a m\u00e1s; celebra y divi\u00e9rtete; ejercita tu cuerpo y tambi\u00e9n tu mente; qui\u00e9rete mucho y m\u00edmate; comparte y regala; enam\u00f3rate; habla menos y di m\u00e1s; evoluciona y s\u00e9 un poco mejor cada d\u00eda; imagina y crea; simplifica los problemas; hazlo hoy, hazlo ya; para estar radiante sonr\u00ede sin parar; simplemente int\u00e9ntalo\u201d. <\/p>\n<p>No hay nada m\u00e1s original que estas frases motivadoras cortas, para decorar habitaciones de adultos, \u00e1reas de estudio, habitaciones juveniles, salas o comedores. <\/p>\n<p>Puedes utilizar este dise\u00f1o de frases inspiradoras en la ambientaci\u00f3n de oficinas, empresas, tiendas de libros, salas de espera o cafeter\u00edas.<\/p>\n","protected":false},"featured_media":220,"comment_status":"open","ping_status":"closed","template":"","meta":{"_acf_changed":false,"_et_pb_use_builder":"","_et_pb_old_content":"","_et_gb_content_width":"","content-type":""},"product_brand":[],"product_cat":[17,19,18],"product_tag":[],"class_list":{"0":"post-212","1":"product","2":"type-product","3":"status-publish","4":"has-post-thumbnail","6":"product_cat-decoracion-de-paredes","7":"product_cat-textos-y-frases","8":"product_cat-vinilos-decorativos-de-pared","10":"first","11":"instock","12":"taxable","13":"shipping-taxable","14":"purchasable","15":"product-type-variable"},"acf":[],"_links":{"self":[{"href":"https:\/\/arkanta.co\/co\/wp-json\/wp\/v2\/product\/212","targetHints":{"allow":["GET"]}}],"collection":[{"href":"https:\/\/arkanta.co\/co\/wp-json\/wp\/v2\/product"}],"about":[{"href":"https:\/\/arkanta.co\/co\/wp-json\/wp\/v2\/types\/product"}],"replies":[{"embeddable":true,"href":"https:\/\/arkanta.co\/co\/wp-json\/wp\/v2\/comments?post=212"}],"wp:featuredmedia":[{"embeddable":true,"href":"https:\/\/arkanta.co\/co\/wp-json\/wp\/v2\/media\/220"}],"wp:attachment":[{"href":"https:\/\/arkanta.co\/co\/wp-json\/wp\/v2\/media?parent=212"}],"wp:term":[{"taxonomy":"product_brand","embeddable":true,"href":"https:\/\/arkanta.co\/co\/wp-json\/wp\/v2\/product_brand?post=212"},{"taxonomy":"product_cat","embeddable":true,"href":"https:\/\/arkanta.co\/co\/wp-json\/wp\/v2\/product_cat?post=212"},{"taxonomy":"product_tag","embeddable":true,"href":"https:\/\/arkanta.co\/co\/wp-json\/wp\/v2\/product_tag?post=212"}],"curies":[{"name":"wp","href":"https:\/\/api.w.org\/{rel}","templated":true}]}}