{"id":2070,"date":"2024-01-05T01:54:17","date_gmt":"2024-01-05T00:54:17","guid":{"rendered":"https:\/\/arkanta.co\/co\/?post_type=product&#038;p=2070"},"modified":"2024-01-05T01:55:11","modified_gmt":"2024-01-05T00:55:11","slug":"vinilo-mapamundi-con-nombres-de-paises","status":"publish","type":"product","link":"https:\/\/arkanta.co\/co\/tienda-online\/vinilo-mapamundi-con-nombres-de-paises\/","title":{"rendered":"Vinilo Mapamundi con Nombres de Paises"},"content":{"rendered":"<p><strong>Incluye:<\/strong> 1 set COUNTRIES WORLD (Ref: V0369) + Gu\u00eda de instalaci\u00f3n. <\/p>\n<p><strong>Medidas: <\/strong>200 x 109 cm (ancho x alto) <\/p>\n<p><strong>Color de la referencia: <\/strong>.<\/p>\n<p>&nbsp;<\/p>\n<p>Vinilo adhesivo de acabado mate. Puedes <em>personalizar<\/em> <em>el tama\u00f1o como prefieras.<\/em>.<\/p>\n<p> De <a href=\"https:\/\/b.link\/CIUV\" target=\"_blank\" rel=\"noopener\">f&aacute;cil instalaci&oacute;n<\/a>, es posible colocarlo en cualquier tipo de superficie lisa, excepto sobre pinturas aceitosas. Mantiene sus caracter\u00edsticas, incluso en paredes soleadas. Puedes desinstalarlo de forma f\u00e1cil.<\/p>\n<p>Env\u00edo (terrestre) gratis a nivel nacional para todos los productos de la tienda. Realiza tus pagos de forma segura a trav\u00e9s de Mercado pago.<\/p>\n<p> Nuestros vinilos son fabricados en Colombia y est\u00e1n garantizados por defectos de fabricaci\u00f3n o piezas faltantes durante 1 a\u00f1o. Ofrecemos 15 d\u00edas de retractaci\u00f3n, por lo que puedes devolver el producto si no te ha convencido (aplican condiciones).<\/p>\n","protected":false},"excerpt":{"rendered":"<p>Vinilo adhesivo . Colorido dise\u00f1o de mapamundi adhesivo con dise\u00f1o tipogr\u00e1fico, ha sido dise\u00f1ado especialmente para darle un aire cosmopolita y aventurero a la decoraci\u00f3n del hogar. Incluye los nombres en espa\u00f1ol de los diferentes pa\u00edses del mundo. Es una pegatina moderna y llena de color, perfecta para decorar las paredes de quienes aman viajar y conocer el mundo. Es ideal para acompa\u00f1ar la decoraci\u00f3n de las paredes de la sala, comedor o el cabecero de habitaciones principales. <\/p>\n<p>Vinilo decorativo de mapamundi tipografico perfecto para decorar caf\u00e9s, agencias de viajes, oficinas, salas de espera, bares y tiendas de ropa juvenil.<\/p>\n","protected":false},"featured_media":2114,"comment_status":"open","ping_status":"closed","template":"","meta":{"_acf_changed":false,"_et_pb_use_builder":"","_et_pb_old_content":"","_et_gb_content_width":"","content-type":""},"product_brand":[],"product_cat":[17,26,18],"product_tag":[20,21,22,23,24],"class_list":{"0":"post-2070","1":"product","2":"type-product","3":"status-publish","4":"has-post-thumbnail","6":"product_cat-decoracion-de-paredes","7":"product_cat-vinilos-decorativos-de-mapamundi","8":"product_cat-vinilos-decorativos-de-pared","9":"product_tag-decoracion-de-comedores","10":"product_tag-decoracion-de-cuartos","11":"product_tag-decoracion-de-estudios-y-oficinas","12":"product_tag-decoracion-de-habitaciones-juveniles","13":"product_tag-decoracion-de-salas","15":"first","16":"instock","17":"taxable","18":"shipping-taxable","19":"purchasable","20":"product-type-simple"},"acf":[],"_links":{"self":[{"href":"https:\/\/arkanta.co\/co\/wp-json\/wp\/v2\/product\/2070","targetHints":{"allow":["GET"]}}],"collection":[{"href":"https:\/\/arkanta.co\/co\/wp-json\/wp\/v2\/product"}],"about":[{"href":"https:\/\/arkanta.co\/co\/wp-json\/wp\/v2\/types\/product"}],"replies":[{"embeddable":true,"href":"https:\/\/arkanta.co\/co\/wp-json\/wp\/v2\/comments?post=2070"}],"wp:featuredmedia":[{"embeddable":true,"href":"https:\/\/arkanta.co\/co\/wp-json\/wp\/v2\/media\/2114"}],"wp:attachment":[{"href":"https:\/\/arkanta.co\/co\/wp-json\/wp\/v2\/media?parent=2070"}],"wp:term":[{"taxonomy":"product_brand","embeddable":true,"href":"https:\/\/arkanta.co\/co\/wp-json\/wp\/v2\/product_brand?post=2070"},{"taxonomy":"product_cat","embeddable":true,"href":"https:\/\/arkanta.co\/co\/wp-json\/wp\/v2\/product_cat?post=2070"},{"taxonomy":"product_tag","embeddable":true,"href":"https:\/\/arkanta.co\/co\/wp-json\/wp\/v2\/product_tag?post=2070"}],"curies":[{"name":"wp","href":"https:\/\/api.w.org\/{rel}","templated":true}]}}