{"id":2052,"date":"2024-01-05T01:54:16","date_gmt":"2024-01-05T00:54:16","guid":{"rendered":"https:\/\/arkanta.co\/co\/?post_type=product&#038;p=2052"},"modified":"2024-01-05T01:54:49","modified_gmt":"2024-01-05T00:54:49","slug":"vinilo-decorativo-mr-halloween","status":"publish","type":"product","link":"https:\/\/arkanta.co\/co\/tienda-online\/vinilo-decorativo-mr-halloween\/","title":{"rendered":"Vinilo Decorativo Mr Halloween"},"content":{"rendered":"<p><strong>Incluye:<\/strong> 1 set MR HALLOWEEN (Ref: V0362) + Gu\u00eda de instalaci\u00f3n. <\/p>\n<p><strong>Medidas: <\/strong>57 x 125 cm (ancho x alto) <\/p>\n<p><strong>Color de la referencia: <\/strong>.<\/p>\n<p>&nbsp;<\/p>\n<p>Vinilo adhesivo de acabado mate. Puedes <em>personalizar<\/em> <em>el tama\u00f1o como prefieras.<\/em>.<\/p>\n<p> De <a href=\"https:\/\/b.link\/CIUV\" target=\"_blank\" rel=\"noopener\">f&aacute;cil instalaci&oacute;n<\/a>, es posible colocarlo en cualquier tipo de superficie lisa, excepto sobre pinturas aceitosas. Mantiene sus caracter\u00edsticas, incluso en paredes soleadas. Puedes desinstalarlo de forma f\u00e1cil.<\/p>\n<p>Env\u00edo (terrestre) gratis a nivel nacional para todos los productos de la tienda. Realiza tus pagos de forma segura a trav\u00e9s de Mercado pago.<\/p>\n<p> Nuestros vinilos son fabricados en Colombia y est\u00e1n garantizados por defectos de fabricaci\u00f3n o piezas faltantes durante 1 a\u00f1o. Ofrecemos 15 d\u00edas de retractaci\u00f3n, por lo que puedes devolver el producto si no te ha convencido (aplican condiciones).<\/p>\n","protected":false},"excerpt":{"rendered":"<p>Vinilo adhesivo Mr Halloween. Vinilo decorativo edici\u00f3n especial para Halloween, este dise\u00f1o es perfecto para decorar las puertas y paredes, y darle un aire divertido a tu decoraci\u00f3n en Octubre. Incluye varias calabazas, telara\u00f1as, murci\u00e9lagos, ara\u00f1as, la ilustraci\u00f3n de Mr Halloween y el texto \u00abHalloween, trick or treat (Dulce o truco)\u00bb . Es una pegatina de halloween perfecta para acompa\u00f1ar la decoraci\u00f3n de las paredes y puertas de la sala, comedor, habitaciones infantiles o habitaciones principales.<\/p>\n<p>Vinilo decorativo ideal para acompa\u00f1ar la decoraci\u00f3n de halloween en espacios comerciales, locales de comida como caf\u00e9s o restaurantes y tiendas de ropa, escuelas, jardines infantiles, colegios y \u00e1reas de recepci\u00f3n de hoteles, oficinas y porter\u00edas de conjuntos residenciales.<\/p>\n","protected":false},"featured_media":2092,"comment_status":"open","ping_status":"closed","template":"","meta":{"_acf_changed":false,"_et_pb_use_builder":"","_et_pb_old_content":"","_et_gb_content_width":"","content-type":""},"product_brand":[],"product_cat":[17,18,37,33],"product_tag":[28,29,30,31],"class_list":{"0":"post-2052","1":"product","2":"type-product","3":"status-publish","4":"has-post-thumbnail","6":"product_cat-decoracion-de-paredes","7":"product_cat-vinilos-decorativos-de-pared","8":"product_cat-vinilos-decorativos-infantiles","9":"product_cat-vinilos-trendy","10":"product_tag-decoracion-infantil","11":"product_tag-decoracion-para-cuarto-de-bebe","12":"product_tag-decoracion-para-ninas","13":"product_tag-decoracion-para-ninos-varones","15":"first","16":"instock","17":"taxable","18":"shipping-taxable","19":"purchasable","20":"product-type-simple"},"acf":[],"_links":{"self":[{"href":"https:\/\/arkanta.co\/co\/wp-json\/wp\/v2\/product\/2052","targetHints":{"allow":["GET"]}}],"collection":[{"href":"https:\/\/arkanta.co\/co\/wp-json\/wp\/v2\/product"}],"about":[{"href":"https:\/\/arkanta.co\/co\/wp-json\/wp\/v2\/types\/product"}],"replies":[{"embeddable":true,"href":"https:\/\/arkanta.co\/co\/wp-json\/wp\/v2\/comments?post=2052"}],"wp:featuredmedia":[{"embeddable":true,"href":"https:\/\/arkanta.co\/co\/wp-json\/wp\/v2\/media\/2092"}],"wp:attachment":[{"href":"https:\/\/arkanta.co\/co\/wp-json\/wp\/v2\/media?parent=2052"}],"wp:term":[{"taxonomy":"product_brand","embeddable":true,"href":"https:\/\/arkanta.co\/co\/wp-json\/wp\/v2\/product_brand?post=2052"},{"taxonomy":"product_cat","embeddable":true,"href":"https:\/\/arkanta.co\/co\/wp-json\/wp\/v2\/product_cat?post=2052"},{"taxonomy":"product_tag","embeddable":true,"href":"https:\/\/arkanta.co\/co\/wp-json\/wp\/v2\/product_tag?post=2052"}],"curies":[{"name":"wp","href":"https:\/\/api.w.org\/{rel}","templated":true}]}}