{"id":2030,"date":"2024-01-05T01:53:50","date_gmt":"2024-01-05T00:53:50","guid":{"rendered":"https:\/\/arkanta.co\/co\/?post_type=product&#038;p=2030"},"modified":"2024-01-05T01:54:13","modified_gmt":"2024-01-05T00:54:13","slug":"vinilo-decorativo-de-flores-peonias","status":"publish","type":"product","link":"https:\/\/arkanta.co\/co\/tienda-online\/vinilo-decorativo-de-flores-peonias\/","title":{"rendered":"Vinilo Decorativo de Flores Peonias"},"content":{"rendered":"<p><strong>Incluye:<\/strong> 1 set PEONIAS (Ref: V0359) + Gu\u00eda de instalaci\u00f3n. <\/p>\n<p><strong>Medidas: <\/strong>150 x 150 cm (ancho x alto) <\/p>\n<p><strong>Color de la referencia: <\/strong>Impresi\u00f3n multicolor.<\/p>\n<p>&nbsp;<\/p>\n<p>Vinilo adhesivo de acabado mate. Puedes <em>personalizar<\/em> <em>el tama\u00f1o como prefieras.<\/em>.<\/p>\n<p> De <a href=\"https:\/\/b.link\/CIUV\" target=\"_blank\" rel=\"noopener\">f&aacute;cil instalaci&oacute;n<\/a>, es posible colocarlo en cualquier tipo de superficie lisa, excepto sobre pinturas aceitosas. Mantiene sus caracter\u00edsticas, incluso en paredes soleadas. Puedes desinstalarlo de forma f\u00e1cil.<\/p>\n<p>Env\u00edo (terrestre) gratis a nivel nacional para todos los productos de la tienda. Realiza tus pagos de forma segura a trav\u00e9s de Mercado pago.<\/p>\n<p> Nuestros vinilos son fabricados en Colombia y est\u00e1n garantizados por defectos de fabricaci\u00f3n o piezas faltantes durante 1 a\u00f1o. Ofrecemos 15 d\u00edas de retractaci\u00f3n, por lo que puedes devolver el producto si no te ha convencido (aplican condiciones).<\/p>\n","protected":false},"excerpt":{"rendered":"<p>Vinilo adhesivo Big Flowers. Cautivador dise\u00f1o de vinilo decorativo floral tipo impresi\u00f3n. Incluye once flores grandes y peque\u00f1as, acompa\u00f1adas por varias hojas verdes. Encantadora decoraci\u00f3n floral llena de detalles, perfecta para darle un aire de romanticismo, naturaleza y color a la decoraci\u00f3n de tu hogar. Es un sticker floral perfecto para acompa\u00f1ar la decoraci\u00f3n de las paredes de la sala, comedor o habitaciones principales.<\/p>\n<p>Este vinilo adhesivo floral impreso es ideal para acompa\u00f1ar la habitaciones y dormitoriores de hoteles, spas, centros de est\u00e9tica, florister\u00edas, boutiques y tiendas de accesorios femeninos.<\/p>\n","protected":false},"featured_media":2046,"comment_status":"open","ping_status":"closed","template":"","meta":{"_acf_changed":false,"_et_pb_use_builder":"","_et_pb_old_content":"","_et_gb_content_width":"","content-type":""},"product_brand":[],"product_cat":[17,18,36],"product_tag":[20,21,24],"class_list":{"0":"post-2030","1":"product","2":"type-product","3":"status-publish","4":"has-post-thumbnail","6":"product_cat-decoracion-de-paredes","7":"product_cat-vinilos-decorativos-de-pared","8":"product_cat-vinilos-florales","9":"product_tag-decoracion-de-comedores","10":"product_tag-decoracion-de-cuartos","11":"product_tag-decoracion-de-salas","13":"first","14":"instock","15":"taxable","16":"shipping-taxable","17":"purchasable","18":"product-type-simple"},"acf":[],"_links":{"self":[{"href":"https:\/\/arkanta.co\/co\/wp-json\/wp\/v2\/product\/2030","targetHints":{"allow":["GET"]}}],"collection":[{"href":"https:\/\/arkanta.co\/co\/wp-json\/wp\/v2\/product"}],"about":[{"href":"https:\/\/arkanta.co\/co\/wp-json\/wp\/v2\/types\/product"}],"replies":[{"embeddable":true,"href":"https:\/\/arkanta.co\/co\/wp-json\/wp\/v2\/comments?post=2030"}],"wp:featuredmedia":[{"embeddable":true,"href":"https:\/\/arkanta.co\/co\/wp-json\/wp\/v2\/media\/2046"}],"wp:attachment":[{"href":"https:\/\/arkanta.co\/co\/wp-json\/wp\/v2\/media?parent=2030"}],"wp:term":[{"taxonomy":"product_brand","embeddable":true,"href":"https:\/\/arkanta.co\/co\/wp-json\/wp\/v2\/product_brand?post=2030"},{"taxonomy":"product_cat","embeddable":true,"href":"https:\/\/arkanta.co\/co\/wp-json\/wp\/v2\/product_cat?post=2030"},{"taxonomy":"product_tag","embeddable":true,"href":"https:\/\/arkanta.co\/co\/wp-json\/wp\/v2\/product_tag?post=2030"}],"curies":[{"name":"wp","href":"https:\/\/api.w.org\/{rel}","templated":true}]}}