{"id":2006,"date":"2024-01-05T01:53:27","date_gmt":"2024-01-05T00:53:27","guid":{"rendered":"https:\/\/arkanta.co\/co\/?post_type=product&#038;p=2006"},"modified":"2024-05-05T02:19:54","modified_gmt":"2024-05-05T00:19:54","slug":"vinilo-medidor-infantil-animales-de-la-jungla","status":"publish","type":"product","link":"https:\/\/arkanta.co\/co\/tienda-online\/vinilo-medidor-infantil-animales-de-la-jungla\/","title":{"rendered":"Vinilo Medidor Infantil Animales de la jungla"},"content":{"rendered":"<p><strong>Incluye:<\/strong> 1 set LITTLE JUNGLE (Ref: V0354) + Gu\u00eda de instalaci\u00f3n.<\/p>\n<p><strong>Medidas: <\/strong>147 x 150 cm (ancho x alto)<\/p>\n<p><strong>Color de la referencia: <\/strong>Impresi\u00f3n multicolor.<\/p>\n<p>&nbsp;<\/p>\n<p>Vinilo adhesivo de acabado mate. Puedes <em>personalizar<\/em> <em>el tama\u00f1o como prefieras.<\/em>.<\/p>\n<p>De <a href=\"https:\/\/b.link\/CIUV\" target=\"_blank\" rel=\"noopener\">f\u00e1cil instalaci\u00f3n<\/a>, es posible colocarlo en cualquier tipo de superficie lisa, excepto sobre pinturas aceitosas. Mantiene sus caracter\u00edsticas, incluso en paredes soleadas. Puedes desinstalarlo de forma f\u00e1cil.<\/p>\n<p>Env\u00edo (terrestre) gratis a nivel nacional para todos los productos de la tienda. Realiza tus pagos de forma segura a trav\u00e9s de Mercado pago.<\/p>\n<p>Nuestros vinilos son fabricados en Colombia y est\u00e1n garantizados por defectos de fabricaci\u00f3n o piezas faltantes durante 1 a\u00f1o. Ofrecemos 15 d\u00edas de retractaci\u00f3n, por lo que puedes devolver el producto si no te ha convencido (aplican condiciones).<\/p>\n","protected":false},"excerpt":{"rendered":"<p>Vinilo adhesivo Little Jungle. Este encantador dise\u00f1o de medidor infantil para pared fue inspirado especialmente para decorar la habitaci\u00f3n de la peque\u00f1a Amel\u00ed, hija de la actriz Michell Manterola. Incluye una cinta m\u00e9trica adhesiva, una jirafa, un elefante, una tortuga, una rana, vegetaci\u00f3n y tres mariposas. Esta pieza decorativa infantil est\u00e1 dise\u00f1ada especialmente para a\u00f1adir un aire delicado y tierno a la decoraci\u00f3n de la habitaci\u00f3n del beb\u00e9 y habitaciones infantiles. Este vinilo decorativo te permitir\u00e1 hacer un seguimiento del crecimiento y desarrollo de tus hijos.<\/p>\n<p>Es un vinilo decorativo infantil perfecto para la decoraci\u00f3n de jardines infantiles, guarder\u00edas, \u00e1reas de estudio, salones de juego, consultorios m\u00e9dicos y pedi\u00e1tricos, jugueter\u00edas, parques infantiles, tiendas de ropa y accesorios infantiles.<\/p>\n","protected":false},"featured_media":2044,"comment_status":"open","ping_status":"closed","template":"","meta":{"_acf_changed":false,"_et_pb_use_builder":"","_et_pb_old_content":"","_et_gb_content_width":"","content-type":""},"product_brand":[],"product_cat":[17,61,18,37],"product_tag":[28,29,30,31],"class_list":{"0":"post-2006","1":"product","2":"type-product","3":"status-publish","4":"has-post-thumbnail","6":"product_cat-decoracion-de-paredes","7":"product_cat-vinilos-de-medidores-infantiles","8":"product_cat-vinilos-decorativos-de-pared","9":"product_cat-vinilos-decorativos-infantiles","10":"product_tag-decoracion-infantil","11":"product_tag-decoracion-para-cuarto-de-bebe","12":"product_tag-decoracion-para-ninas","13":"product_tag-decoracion-para-ninos-varones","15":"first","16":"instock","17":"taxable","18":"shipping-taxable","19":"purchasable","20":"product-type-simple"},"acf":[],"_links":{"self":[{"href":"https:\/\/arkanta.co\/co\/wp-json\/wp\/v2\/product\/2006","targetHints":{"allow":["GET"]}}],"collection":[{"href":"https:\/\/arkanta.co\/co\/wp-json\/wp\/v2\/product"}],"about":[{"href":"https:\/\/arkanta.co\/co\/wp-json\/wp\/v2\/types\/product"}],"replies":[{"embeddable":true,"href":"https:\/\/arkanta.co\/co\/wp-json\/wp\/v2\/comments?post=2006"}],"wp:featuredmedia":[{"embeddable":true,"href":"https:\/\/arkanta.co\/co\/wp-json\/wp\/v2\/media\/2044"}],"wp:attachment":[{"href":"https:\/\/arkanta.co\/co\/wp-json\/wp\/v2\/media?parent=2006"}],"wp:term":[{"taxonomy":"product_brand","embeddable":true,"href":"https:\/\/arkanta.co\/co\/wp-json\/wp\/v2\/product_brand?post=2006"},{"taxonomy":"product_cat","embeddable":true,"href":"https:\/\/arkanta.co\/co\/wp-json\/wp\/v2\/product_cat?post=2006"},{"taxonomy":"product_tag","embeddable":true,"href":"https:\/\/arkanta.co\/co\/wp-json\/wp\/v2\/product_tag?post=2006"}],"curies":[{"name":"wp","href":"https:\/\/api.w.org\/{rel}","templated":true}]}}