{"id":2002,"date":"2024-01-05T01:53:26","date_gmt":"2024-01-05T00:53:26","guid":{"rendered":"https:\/\/arkanta.co\/co\/?post_type=product&#038;p=2002"},"modified":"2024-05-05T02:21:45","modified_gmt":"2024-05-05T00:21:45","slug":"vinilo-decorativo-de-flores-rosadas-2","status":"publish","type":"product","link":"https:\/\/arkanta.co\/co\/tienda-online\/vinilo-decorativo-de-flores-rosadas-2\/","title":{"rendered":"Vinilo Decorativo de Flores Rosadas"},"content":{"rendered":"<p><strong>Incluye:<\/strong> 1 set PURPLE PANSIES (Ref: V0360) + Gu\u00eda de instalaci\u00f3n. <\/p>\n<p><strong>Color de la referencia: <\/strong>Impresi\u00f3n multicolor.<\/p>\n<p>&nbsp;<\/p>\n<p>Vinilo adhesivo de acabado mate. Puedes <em>personalizar<\/em> <em>el tama\u00f1o como prefieras.<\/em>.<\/p>\n<p> De <a href=\"https:\/\/b.link\/CIUV\" target=\"_blank\" rel=\"noopener\">f&aacute;cil instalaci&oacute;n<\/a>, es posible colocarlo en cualquier tipo de superficie lisa, excepto sobre pinturas aceitosas. Mantiene sus caracter\u00edsticas, incluso en paredes soleadas. Puedes desinstalarlo de forma f\u00e1cil.<\/p>\n<p>Env\u00edo (terrestre) gratis a nivel nacional para todos los productos de la tienda. Realiza tus pagos de forma segura a trav\u00e9s de Mercado pago.<\/p>\n<p> Nuestros vinilos son fabricados en Colombia y est\u00e1n garantizados por defectos de fabricaci\u00f3n o piezas faltantes durante 1 a\u00f1o. Ofrecemos 15 d\u00edas de retractaci\u00f3n, por lo que puedes devolver el producto si no te ha convencido (aplican condiciones).<\/p>\n","protected":false},"excerpt":{"rendered":"<p>Vinilo adhesivo Purple Pansies. Delicado dise\u00f1o de vinilo decorativo floral tipo acuarela inspirado en los trazos delicados de la flor conocida como Pensamientos. Incluye tres flores en tonos violeta con suave desvanecimiento hacia tonos rosa. Es una pegatina floral perfecta para reflejar en tus paredes naturaleza, frescura y color. Es un sticker tipo acuarela perfecto para acompa\u00f1ar la decoraci\u00f3n de las paredes de la sala, comedor o habitaciones principales.<\/p>\n<p>Es un vinilo adhesivo floral ideal para acompa\u00f1ar la decoraci\u00f3n de peluquer\u00edas, restaurantes, salas de espera, centros de est\u00e9tica, caf\u00e9s, habitaciones de hotel, florister\u00edas, tiendas de ropa y accesorios femeninos.<\/p>\n","protected":false},"featured_media":2042,"comment_status":"open","ping_status":"closed","template":"","meta":{"_acf_changed":false,"_et_pb_use_builder":"","_et_pb_old_content":"","_et_gb_content_width":"","content-type":""},"product_brand":[],"product_cat":[17,18,36],"product_tag":[20,21,22,24],"class_list":{"0":"post-2002","1":"product","2":"type-product","3":"status-publish","4":"has-post-thumbnail","6":"product_cat-decoracion-de-paredes","7":"product_cat-vinilos-decorativos-de-pared","8":"product_cat-vinilos-florales","9":"product_tag-decoracion-de-comedores","10":"product_tag-decoracion-de-cuartos","11":"product_tag-decoracion-de-estudios-y-oficinas","12":"product_tag-decoracion-de-salas","14":"first","15":"instock","16":"taxable","17":"shipping-taxable","18":"purchasable","19":"product-type-variable"},"acf":[],"_links":{"self":[{"href":"https:\/\/arkanta.co\/co\/wp-json\/wp\/v2\/product\/2002","targetHints":{"allow":["GET"]}}],"collection":[{"href":"https:\/\/arkanta.co\/co\/wp-json\/wp\/v2\/product"}],"about":[{"href":"https:\/\/arkanta.co\/co\/wp-json\/wp\/v2\/types\/product"}],"replies":[{"embeddable":true,"href":"https:\/\/arkanta.co\/co\/wp-json\/wp\/v2\/comments?post=2002"}],"wp:featuredmedia":[{"embeddable":true,"href":"https:\/\/arkanta.co\/co\/wp-json\/wp\/v2\/media\/2042"}],"wp:attachment":[{"href":"https:\/\/arkanta.co\/co\/wp-json\/wp\/v2\/media?parent=2002"}],"wp:term":[{"taxonomy":"product_brand","embeddable":true,"href":"https:\/\/arkanta.co\/co\/wp-json\/wp\/v2\/product_brand?post=2002"},{"taxonomy":"product_cat","embeddable":true,"href":"https:\/\/arkanta.co\/co\/wp-json\/wp\/v2\/product_cat?post=2002"},{"taxonomy":"product_tag","embeddable":true,"href":"https:\/\/arkanta.co\/co\/wp-json\/wp\/v2\/product_tag?post=2002"}],"curies":[{"name":"wp","href":"https:\/\/api.w.org\/{rel}","templated":true}]}}