{"id":1966,"date":"2024-01-05T01:53:00","date_gmt":"2024-01-05T00:53:00","guid":{"rendered":"https:\/\/arkanta.co\/co\/?post_type=product&#038;p=1966"},"modified":"2024-05-05T02:20:20","modified_gmt":"2024-05-05T00:20:20","slug":"vinilo-decorativo-pajaros-en-alambre","status":"publish","type":"product","link":"https:\/\/arkanta.co\/co\/tienda-online\/vinilo-decorativo-pajaros-en-alambre\/","title":{"rendered":"Vinilo Decorativo P\u00e1jaros en Alambre"},"content":{"rendered":"<p><strong>Incluye:<\/strong> 1 set COLORS BIRDS WIRE (Ref: V0314) + Gu\u00eda de instalaci\u00f3n. <\/p>\n<p><strong>Colores de la referencia: <\/strong>Azul celeste, verde lima, rosa.<\/p>\n<p>&nbsp;<\/p>\n<p>Vinilo adhesivo de acabado mate, disponible en 29 colores. Puedes <em>personalizar<\/em> <em>el tama\u00f1o como prefieras.<\/em>.<\/p>\n<p> De <a href=\"https:\/\/b.link\/CIUV\" target=\"_blank\" rel=\"noopener\">f&aacute;cil instalaci&oacute;n<\/a>, es posible colocarlo en cualquier tipo de superficie lisa, excepto sobre pinturas aceitosas. Mantiene sus caracter\u00edsticas, incluso en paredes soleadas. Puedes desinstalarlo de forma f\u00e1cil.<\/p>\n<p>Env\u00edo (terrestre) gratis a nivel nacional para todos los productos de la tienda. Realiza tus pagos de forma segura a trav\u00e9s de Mercado pago.<\/p>\n<p> Nuestros vinilos son fabricados en Colombia y est\u00e1n garantizados por defectos de fabricaci\u00f3n o piezas faltantes durante 1 a\u00f1o. Ofrecemos 15 d\u00edas de retractaci\u00f3n, por lo que puedes devolver el producto si no te ha convencido (aplican condiciones).<\/p>\n","protected":false},"excerpt":{"rendered":"<p>Vinilo adhesivo Colors Birds Wire. Delicado dise\u00f1o de vinilo infantil, incluye varias aves de colores volando y posadas sobre dos cables. Es una pegatina infantil perfecta para darle frescura y toques de color a la decoraci\u00f3n de las paredes de la habitaci\u00f3n del beb\u00e9 y cuartos de ni\u00f1os.<\/p>\n<p>Este vinilo decorativo que acompa\u00f1a muy bien la decoraci\u00f3n de la sala de espera de consultorios pedi\u00e1tricos, decoraci\u00f3n de colegios, guarder\u00edas, jardines infantiles, peluquer\u00edas infantiles, helader\u00edas, tiendas de ropa y accesorios infantiles.<\/p>\n","protected":false},"featured_media":1989,"comment_status":"open","ping_status":"closed","template":"","meta":{"_acf_changed":false,"_et_pb_use_builder":"","_et_pb_old_content":"","_et_gb_content_width":"","content-type":""},"product_brand":[],"product_cat":[17,34,18,37,54,53],"product_tag":[28,29,30,31],"class_list":{"0":"post-1966","1":"product","2":"type-product","3":"status-publish","4":"has-post-thumbnail","6":"product_cat-decoracion-de-paredes","7":"product_cat-vinilos-de-animales","8":"product_cat-vinilos-decorativos-de-pared","9":"product_cat-vinilos-decorativos-infantiles","10":"product_cat-vinilos-decorativos-para-bebes","11":"product_cat-vinilos-para-jardines-infantiles","12":"product_tag-decoracion-infantil","13":"product_tag-decoracion-para-cuarto-de-bebe","14":"product_tag-decoracion-para-ninas","15":"product_tag-decoracion-para-ninos-varones","17":"first","18":"instock","19":"taxable","20":"shipping-taxable","21":"purchasable","22":"product-type-variable"},"acf":[],"_links":{"self":[{"href":"https:\/\/arkanta.co\/co\/wp-json\/wp\/v2\/product\/1966","targetHints":{"allow":["GET"]}}],"collection":[{"href":"https:\/\/arkanta.co\/co\/wp-json\/wp\/v2\/product"}],"about":[{"href":"https:\/\/arkanta.co\/co\/wp-json\/wp\/v2\/types\/product"}],"replies":[{"embeddable":true,"href":"https:\/\/arkanta.co\/co\/wp-json\/wp\/v2\/comments?post=1966"}],"wp:featuredmedia":[{"embeddable":true,"href":"https:\/\/arkanta.co\/co\/wp-json\/wp\/v2\/media\/1989"}],"wp:attachment":[{"href":"https:\/\/arkanta.co\/co\/wp-json\/wp\/v2\/media?parent=1966"}],"wp:term":[{"taxonomy":"product_brand","embeddable":true,"href":"https:\/\/arkanta.co\/co\/wp-json\/wp\/v2\/product_brand?post=1966"},{"taxonomy":"product_cat","embeddable":true,"href":"https:\/\/arkanta.co\/co\/wp-json\/wp\/v2\/product_cat?post=1966"},{"taxonomy":"product_tag","embeddable":true,"href":"https:\/\/arkanta.co\/co\/wp-json\/wp\/v2\/product_tag?post=1966"}],"curies":[{"name":"wp","href":"https:\/\/api.w.org\/{rel}","templated":true}]}}